{"id":6342,"date":"2018-12-30T22:25:56","date_gmt":"2018-12-30T21:25:56","guid":{"rendered":"https:\/\/www.havohravo.com\/product\/orbiloc-dog-dual-twin-pack\/"},"modified":"2021-11-25T19:14:08","modified_gmt":"2021-11-25T18:14:08","slug":"orbiloc-dual-k9-active-pack","status":"publish","type":"product","link":"https:\/\/www.havohravo.com\/de\/produkt\/orbiloc-dual-k9-active-pack\/","title":{"rendered":"Orbiloc Dual K9 Active Pack"},"content":{"rendered":"<div class=\"wpb-content-wrapper\"><p>[vc_row][vc_column][vc_empty_space][\/vc_column][\/vc_row][vc_row][vc_column width=&#8220;1\/2&#8243;][vc_column_text]<\/p>\n<h3>Orbiloc Dual K9 Active Pack<\/h3>\n<p>Das Paket ist f\u00fcr diejenigen ma\u00dfgeschneidert, die entweder bereits mit deren Hund Sport treiben oder vorhaben damit anzufangen. Damit es richtig Spa\u00df macht, m\u00fcssen Sie sich auch richtig sicher f\u00fchlen.<\/p>\n<p>Die bernsteinfarbene Leuchte f\u00fcr Ihren Hund ist gut im Dunkeln sichtbar und gleichzeitig so mild f\u00fcr die Augen, dass sie nicht blendet. Mit der enthaltenen Befestigung kann die Leuchte einfach und schnell am Hundegeschirr oder Halsband befestigt werden.<\/p>\n<p>Die schwarze Leuchte hat ein Xenon-\u00e4hnliches wei\u00dfes Licht, das sehr sichtbar ist. Die Leuchte wird zusammen mit <a href=\"https:\/\/www.havohravo.com\/de\/produkt\/orbiloc-sports-kit\/\">Orbilocs Clip und Armband<\/a> geliefert und ist blitzschnell am Arm befestigt. Das Neoprenmaterial macht das Armband bequem und gut f\u00fcr Sport geeignet.<\/p>\n<p>Die Leuchten werden au\u00dferdem mit Batterien geliefert, damit Sie direkt loslegen k\u00f6nnen.[\/vc_column_text][vc_empty_space height=&#8220;24&#8243;][\/vc_column][vc_column width=&#8220;1\/2&#8243;][vc_column_text]<\/p>\n<h3>Vorteile<\/h3>\n<ul>\n<li><strong>Hohe Sichtbarkeit<\/strong>: bis zu 5 Kilometer<\/li>\n<li><strong>Wasserdicht<\/strong>:Wasserdicht bis zu 100 m Tiefe.\u00a0IPx8 anerkannt.<\/li>\n<li><b>Sto\u00dffest<\/b>:Extrem\u00a0strapazierf\u00e4hig<br \/>\nH\u00e4lt bis zu 100 Kg Belastung stand.<\/li>\n<li><strong>Batterielaufzeit:<\/strong> 100 Stunden, wenn durchg\u00e4ngig leuchtend<br \/>\n250 Stunden, wenn blinkend. Auswechselbare Batterien (2 x CR2032)<\/li>\n<li><strong>Funktion<\/strong>:\u00a0Duale Funktion:Durchg\u00e4ngig leuchtendes Licht \/ Blinkendes Licht<\/li>\n<li><strong>Temperatur<\/strong>:H\u00e4lt\u00a0Temperaturen stand von<br \/>\n-40\u00b0C bis 50\u00b0C<\/li>\n<li><strong>Optik<\/strong>:Das Objektivdesign macht das Licht in einem\u00a0270\u00b0 Bogen sichtbar und kann in allen Richtungen gesehen werden.<\/li>\n<li><strong>Farben<\/strong>:\u00a0gelb, rot, blau, gr\u00fcn, wei\u00df, pink, t\u00fcrkis, DARK<\/li>\n<li><strong>Gr\u00f6\u00dfe<\/strong> LxBxH:\u00a048 x 30 x 24 mm<\/li>\n<li><strong>Inkludierte Befestigungen<\/strong>:\u00a0Orbiloc Quick Mount Adjustable, Orbiloc Buckle, Orbiloc Velcro<\/li>\n<\/ul>\n<p>[\/vc_column_text][vc_empty_space height=&#8220;24&#8243;][\/vc_column][\/vc_row][vc_row][vc_column][vc_empty_space][vc_column_text]<\/p>\n<h3 class=\"p1\"><span class=\"s1\">Packungsinhalt<\/span><\/h3>\n<ul style=\"font-weight: 400;\">\n<li>1x Orbiloc Dog Dual Amber<\/li>\n<li>1x Orbiloc Run Dual DARK<\/li>\n<li>Batterien<\/li>\n<li>Gebrauchsanweisung<\/li>\n<\/ul>\n<p>[\/vc_column_text][\/vc_column][\/vc_row]<\/p>\n<\/div>","protected":false},"excerpt":{"rendered":"<p>Set f\u00fcr alle, die mit deren Hund zusammen Sport treiben!<\/p>\n","protected":false},"featured_media":40282,"template":"","meta":[],"pwb-brand":[380],"product_cat":[2109,879],"product_tag":[925],"class_list":{"0":"post-6342","1":"product","2":"type-product","3":"status-publish","4":"has-post-thumbnail","6":"pwb-brand-orbiloc-de","7":"product_cat-sicherheitslicht_shirts","8":"product_cat-hundemode","9":"product_tag-sicherheit","11":"first","12":"instock","13":"taxable","14":"shipping-taxable","15":"purchasable","16":"product-type-simple"},"brands":[{"id":380,"name":"orbiloc","slug":"orbiloc-de"}],"_links":{"self":[{"href":"https:\/\/www.havohravo.com\/de\/wp-json\/wp\/v2\/product\/6342","targetHints":{"allow":["GET"]}}],"collection":[{"href":"https:\/\/www.havohravo.com\/de\/wp-json\/wp\/v2\/product"}],"about":[{"href":"https:\/\/www.havohravo.com\/de\/wp-json\/wp\/v2\/types\/product"}],"wp:featuredmedia":[{"embeddable":true,"href":"https:\/\/www.havohravo.com\/de\/wp-json\/wp\/v2\/media\/40282"}],"wp:attachment":[{"href":"https:\/\/www.havohravo.com\/de\/wp-json\/wp\/v2\/media?parent=6342"}],"wp:term":[{"taxonomy":"pwb-brand","embeddable":true,"href":"https:\/\/www.havohravo.com\/de\/wp-json\/wp\/v2\/pwb-brand?post=6342"},{"taxonomy":"product_cat","embeddable":true,"href":"https:\/\/www.havohravo.com\/de\/wp-json\/wp\/v2\/product_cat?post=6342"},{"taxonomy":"product_tag","embeddable":true,"href":"https:\/\/www.havohravo.com\/de\/wp-json\/wp\/v2\/product_tag?post=6342"}],"curies":[{"name":"wp","href":"https:\/\/api.w.org\/{rel}","templated":true}]}}