{"id":63942,"date":"2022-04-25T19:04:57","date_gmt":"2022-04-25T17:04:57","guid":{"rendered":"https:\/\/www.havohravo.com\/?post_type=product&#038;p=63942"},"modified":"2024-10-16T19:01:20","modified_gmt":"2024-10-16T17:01:20","slug":"banana-kurbis-kaustangen-fur-welpen","status":"publish","type":"product","link":"https:\/\/www.havohravo.com\/de\/produkt\/banana-kurbis-kaustangen-fur-welpen\/","title":{"rendered":"Banana &#038; K\u00fcrbis Kaustangen f\u00fcr Welpen"},"content":{"rendered":"<div class=\"wpb-content-wrapper\"><p>[vc_row][vc_column][vc_empty_space][\/vc_column][\/vc_row][vc_row][vc_column][vc_column_text]<\/p>\n<h3>Banana &amp; K\u00fcrbis Kaustangen f\u00fcr Welpen<\/h3>\n<p>100 % nat\u00fcrliche Banane und K\u00fcrbis machen diese Superfood-Sticks zum idealen Leckerbissen, damit die Z\u00e4hne deines Welpen so sauber aussehen und riechen, wie sie sollen. Die fettarmen und leicht verdaulichen Kauknochen sind f\u00fcr Welpen ab 3 Monaten geeignet, schonen den Magen und schmecken der Zunge \u2013 das macht sie zu einem idealen Snack f\u00fcr die Zeit zwischen dem Z\u00e4hneputzen.<span class=\"Apple-converted-space\">\u00a0<\/span><\/p>\n<p>Auch f\u00fcr \u00e4ltere Hunde geeignet, denen das Kauen schwerf\u00e4llt oder die Probleme mit ihren Z\u00e4hnen haben, denn die Kauknochen f\u00fcr Welpen sind weicher als andere Kauknochen.<span class=\"Apple-converted-space\">\u00a0<\/span><\/p>\n<p>Diese Superfood-Sticks kombinieren die hervorragenden immunst\u00e4rkenden Eigenschaften von K\u00fcrbis mit dem weichen Aroma von Banane und werden so zum Lieblingsleckerli Ihres Hundes. Soopa Kauknochen sind mit lebenswichtigen Vitaminen und Mineralien angereichert, um das nat\u00fcrliche Wachstum und die Entwicklung Ihres Welpen zu unterst\u00fctzen, und sie sind nicht nur nahrhaft, sondern auch Soopa-lecker. Schneiden sie einfach in zwei H\u00e4lften und das Reiningen der Z\u00e4hnen wird f\u00fcr deinen Welpen so einfach sein wie ein K\u00fcrbiskuchen essen.<\/p>\n<p><span class=\"Apple-converted-space\">Soopa Kauknochen sind hypoallergene, getreidefreie Leckerbissen f\u00fcr Hunde, die gerne kauen. Sie werden aus nat\u00fcrlichen Zutaten in Humanqualit\u00e4t hergestellt und helfen, die Z\u00e4hne sauber zu halten und den Atem des Hundes zu verbessern. Diese Kauknochen sind reich an Vitaminen und Mineralien und f\u00f6rdern die Gesundheit deines Hundes.\u00a0\u00a0<\/span>[\/vc_column_text][vc_empty_space height=&#8220;24&#8243;][vc_single_image image=&#8220;63848&#8243; img_size=&#8220;full&#8220;][vc_empty_space height=&#8220;24&#8243;][vc_column_text]<\/p>\n<h4>Zutaten:<\/h4>\n<p>Kartoffelvollkornmehl, pflanzliches Glycerin, Zellulosefasern, Hefeprodukte, Bio-Kokos\u00f6l 2.38%, K\u00fcrbiskerne 0,95%, Bananenpulver 3.8%, Apfelmelasse .<span class=\"Apple-converted-space\">\u00a0<\/span><\/p>\n<h4>Vorteile:<\/h4>\n<ul>\n<li>Fettarm<\/li>\n<li>Humanqualit\u00e4t<\/li>\n<li>Sicher und leicht verdaulich<\/li>\n<li>F\u00f6rdert die Mundgesundheit<\/li>\n<li>Nat\u00fcrliche Zutaten<\/li>\n<li>100 % pflanzlich, 100 % vegan<\/li>\n<li>Hergestellt in Irland<\/li>\n<\/ul>\n<h4>Werte pro 100 g:<\/h4>\n<div>\n<p>3.97% Rohprotein<span class=\"Apple-converted-space\"><br \/>\n<\/span>6.48% Rohfett<span class=\"Apple-converted-space\"><br \/>\n<\/span>2.20% Rohfasern<span class=\"Apple-converted-space\"><br \/>\n<\/span>1.63% Asche<span class=\"Apple-converted-space\"><br \/>\n<\/span>13.6% Feuchtigkeit<span class=\"Apple-converted-space\">\u00a0<\/span><\/p>\n<\/div>\n<p>[\/vc_column_text][\/vc_column][\/vc_row]<\/p>\n<\/div>","protected":false},"excerpt":{"rendered":"<p>Leckere &#038; gesunde Kaustangen f\u00fcr Welpen<\/p>\n","protected":false},"featured_media":84316,"template":"","meta":[],"pwb-brand":[1931],"product_cat":[1933,1953],"product_tag":[],"class_list":{"0":"post-63942","1":"product","2":"type-product","3":"status-publish","4":"has-post-thumbnail","6":"pwb-brand-soopa-de","7":"product_cat-futter","8":"product_cat-kaustangen","10":"first","11":"instock","12":"taxable","13":"shipping-taxable","14":"purchasable","15":"product-type-simple"},"brands":[{"id":1931,"name":"Soopa","slug":"soopa-de"}],"_links":{"self":[{"href":"https:\/\/www.havohravo.com\/de\/wp-json\/wp\/v2\/product\/63942","targetHints":{"allow":["GET"]}}],"collection":[{"href":"https:\/\/www.havohravo.com\/de\/wp-json\/wp\/v2\/product"}],"about":[{"href":"https:\/\/www.havohravo.com\/de\/wp-json\/wp\/v2\/types\/product"}],"wp:featuredmedia":[{"embeddable":true,"href":"https:\/\/www.havohravo.com\/de\/wp-json\/wp\/v2\/media\/84316"}],"wp:attachment":[{"href":"https:\/\/www.havohravo.com\/de\/wp-json\/wp\/v2\/media?parent=63942"}],"wp:term":[{"taxonomy":"pwb-brand","embeddable":true,"href":"https:\/\/www.havohravo.com\/de\/wp-json\/wp\/v2\/pwb-brand?post=63942"},{"taxonomy":"product_cat","embeddable":true,"href":"https:\/\/www.havohravo.com\/de\/wp-json\/wp\/v2\/product_cat?post=63942"},{"taxonomy":"product_tag","embeddable":true,"href":"https:\/\/www.havohravo.com\/de\/wp-json\/wp\/v2\/product_tag?post=63942"}],"curies":[{"name":"wp","href":"https:\/\/api.w.org\/{rel}","templated":true}]}}