{"id":63988,"date":"2022-04-25T20:23:04","date_gmt":"2022-04-25T18:23:04","guid":{"rendered":"https:\/\/www.havohravo.com\/?post_type=product&#038;p=63988"},"modified":"2024-10-16T19:05:34","modified_gmt":"2024-10-16T17:05:34","slug":"grunkohl-apfel-kaustangen","status":"publish","type":"product","link":"https:\/\/www.havohravo.com\/de\/produkt\/grunkohl-apfel-kaustangen\/","title":{"rendered":"Gr\u00fcnkohl &#038; Apfel Kaustangen"},"content":{"rendered":"<div class=\"wpb-content-wrapper\"><p>[vc_row][vc_column][vc_empty_space][\/vc_column][\/vc_row][vc_row][vc_column][vc_column_text]<\/p>\n<h3>Gr\u00fcnkohl &amp; Apfel Kaustangen<\/h3>\n<p>Gr\u00fcnkohl gilt wegen seiner krebshemmenden und immunst\u00e4rkenden Eigenschaften als \u201eK\u00f6nig der Gr\u00fcnen\u201c. Gleichzeitig ist Gr\u00fcnkohl auch ein echtes Kraftpaket f\u00fcr deinen Hund und reich an Antioxidantien, Eisen, Kalzium und wichtigen Vitaminen. Seetang geh\u00f6rt zu den n\u00e4hrstoffreichsten Lebensmitteln des Planeten und ist besonders gut f\u00fcr Haut, Fell, Krallen und Z\u00e4hne deines Hundes, damit er gesund und gl\u00fccklich bleibt. Ein einfacher, leckerer und nahrhafter Snack, und vor Allem: Hunde lieben ihn!<span class=\"Apple-converted-space\">\u00a0<\/span><\/p>\n<p>Soopa Kauknochen sind hypoallergene, getreidefreie Leckerbissen f\u00fcr Hunde, die gerne kauen. Sie werden aus nat\u00fcrlichen Zutaten in Humanqualit\u00e4t hergestellt und helfen, die Z\u00e4hne sauber zu halten und den Atem des Hundes zu verbessern. Diese Kauknochen sind reich an Vitaminen und Mineralien und f\u00f6rdern die Gesundheit deines Hundes.<span class=\"Apple-converted-space\">\u00a0<\/span>[\/vc_column_text][vc_empty_space height=&#8220;24&#8243;][vc_single_image image=&#8220;63848&#8243; img_size=&#8220;full&#8220;][vc_empty_space height=&#8220;24&#8243;][vc_column_text]<\/p>\n<h4>Zutaten:<\/h4>\n<p>Vollkartoffelmehl, pflanzliches Glycerin, Zellulosefasern, Seetangpulver 3%, Hefeprodukte, Bio-Kokos\u00f6l 2,5%, Wasser, Gr\u00fcnkohlpulver 2%, Apfelpulver 1,5%<span class=\"Apple-converted-space\">\u00a0<\/span><\/p>\n<h4>Vorteile:<\/h4>\n<ul>\n<li>Fettarm<\/li>\n<li>Humanqualit\u00e4t<\/li>\n<li>Sicher und leicht verdaulich<\/li>\n<li>F\u00f6rdert die Mundgesundheit<\/li>\n<li>Nat\u00fcrliche Zutaten<\/li>\n<li>100 % pflanzlich, 100 % vegan<\/li>\n<li>Hergestellt in Irland<\/li>\n<\/ul>\n<h4>Werte pro 100 g:<\/h4>\n<div>\n<p>6.23% Rohprotein<span class=\"Apple-converted-space\"><br \/>\n<\/span>3.02% Rohfett<span class=\"Apple-converted-space\"><br \/>\n<\/span>2.4% Rohfasern<span class=\"Apple-converted-space\"><br \/>\n<\/span>2.31% Asche<br \/>\n11.1% Feuchtigkeit<span class=\"Apple-converted-space\">\u00a0<\/span><\/p>\n<\/div>\n<p>[\/vc_column_text][\/vc_column][\/vc_row]<\/p>\n<\/div>","protected":false},"excerpt":{"rendered":"<p>Leckere &#038; gesunde Kaustangen<\/p>\n","protected":false},"featured_media":84308,"template":"","meta":[],"pwb-brand":[1931],"product_cat":[1933,1953],"product_tag":[],"class_list":{"0":"post-63988","1":"product","2":"type-product","3":"status-publish","4":"has-post-thumbnail","6":"pwb-brand-soopa-de","7":"product_cat-futter","8":"product_cat-kaustangen","10":"first","11":"instock","12":"taxable","13":"shipping-taxable","14":"purchasable","15":"product-type-simple"},"brands":[{"id":1931,"name":"Soopa","slug":"soopa-de"}],"_links":{"self":[{"href":"https:\/\/www.havohravo.com\/de\/wp-json\/wp\/v2\/product\/63988","targetHints":{"allow":["GET"]}}],"collection":[{"href":"https:\/\/www.havohravo.com\/de\/wp-json\/wp\/v2\/product"}],"about":[{"href":"https:\/\/www.havohravo.com\/de\/wp-json\/wp\/v2\/types\/product"}],"wp:featuredmedia":[{"embeddable":true,"href":"https:\/\/www.havohravo.com\/de\/wp-json\/wp\/v2\/media\/84308"}],"wp:attachment":[{"href":"https:\/\/www.havohravo.com\/de\/wp-json\/wp\/v2\/media?parent=63988"}],"wp:term":[{"taxonomy":"pwb-brand","embeddable":true,"href":"https:\/\/www.havohravo.com\/de\/wp-json\/wp\/v2\/pwb-brand?post=63988"},{"taxonomy":"product_cat","embeddable":true,"href":"https:\/\/www.havohravo.com\/de\/wp-json\/wp\/v2\/product_cat?post=63988"},{"taxonomy":"product_tag","embeddable":true,"href":"https:\/\/www.havohravo.com\/de\/wp-json\/wp\/v2\/product_tag?post=63988"}],"curies":[{"name":"wp","href":"https:\/\/api.w.org\/{rel}","templated":true}]}}