{"id":64000,"date":"2022-04-25T20:47:36","date_gmt":"2022-04-25T18:47:36","guid":{"rendered":"https:\/\/www.havohravo.com\/?post_type=product&#038;p=64000"},"modified":"2024-10-16T19:17:43","modified_gmt":"2024-10-16T17:17:43","slug":"banana-kurbis-kaustangen-fur-senioren","status":"publish","type":"product","link":"https:\/\/www.havohravo.com\/de\/produkt\/banana-kurbis-kaustangen-fur-senioren\/","title":{"rendered":"Banana &#038; K\u00fcrbis Kaustangen f\u00fcr Senioren"},"content":{"rendered":"<div class=\"wpb-content-wrapper\"><p>[vc_row][vc_column][vc_empty_space][\/vc_column][\/vc_row][vc_row][vc_column][vc_column_text]<\/p>\n<h3>Banana &amp; K\u00fcrbis Kaustangen f\u00fcr Senioren<\/h3>\n<p>Kokosnuss\u00f6l ist ein Superfood und reich an MCTs, die Studien zufolge die Gehirnleistung deines Hundes f\u00f6rdern. Leinsamen mit ihren wertvollen Omega-3-Fetts\u00e4uren sind ein hervorragender Energielieferant, w\u00e4hrend K\u00fcrbis eine gute Quelle f\u00fcr Vitamine und Ballaststoffe ist, um deinen \u00e4lteren Hund gesund und gl\u00fccklich zu halten.<span class=\"Apple-converted-space\">\u00a0<\/span><\/p>\n<p>Sie eignen sich f\u00fcr \u00e4ltere Hunde, denen das Kauen schwerf\u00e4llt oder die Probleme mit ihren Z\u00e4hnen haben, da die gesunden Leckerli weich und sicher f\u00fcr empfindliche Z\u00e4hne sind.<span class=\"Apple-converted-space\">\u00a0<\/span><\/p>\n<p>Soopa Kauknochen sind hypoallergene, getreidefreie Leckerbissen f\u00fcr Hunde, die gerne kauen. Sie werden aus nat\u00fcrlichen Zutaten in Humanqualit\u00e4t hergestellt und helfen, die Z\u00e4hne sauber zu halten und den Atem des Hundes zu verbessern. Diese Kauknochen sind reich an Vitaminen und Mineralien und f\u00f6rdern die Gesundheit deines Hundes.<span class=\"Apple-converted-space\">\u00a0<\/span>[\/vc_column_text][vc_empty_space height=&#8220;24&#8243;][vc_single_image image=&#8220;63848&#8243; img_size=&#8220;full&#8220;][vc_column_text]<\/p>\n<h4>Zutaten:<\/h4>\n<p>Kartoffelvollkornmehl, Tapiokast\u00e4rke, Zellulosefasern, pflanzliches Glycerin (ohne Palm\u00f6l), Bananenpulver 3.8%, K\u00fcrbiskerne 0,95%, Bio-Kokos\u00f6l 2.38%, Leinsamen 2%, Hefeprodukte, Apfelmelasse, Sonnenblumenlecithin.<span class=\"Apple-converted-space\">\u00a0<\/span><\/p>\n<h4>Vorteile:<\/h4>\n<ul>\n<li>Fettarm<\/li>\n<li>Humanqualit\u00e4t<\/li>\n<li>Sicher und leicht verdaulich<\/li>\n<li>F\u00f6rdert die Mundgesundheit<\/li>\n<li>Nat\u00fcrliche Zutaten<\/li>\n<li>100 % pflanzlich, 100 % vegan<\/li>\n<li>Hergestellt in Irland<\/li>\n<\/ul>\n<h4>Werte pro 100g:<\/h4>\n<p>4.20% Rohprotein<span class=\"Apple-converted-space\"><br \/>\n<\/span>2.40% Rohfett<br \/>\n1.20% Rohfasern<span class=\"Apple-converted-space\"><br \/>\n<\/span>4.80% Asche<br \/>\n15.0% Feuchtigkeit<span class=\"Apple-converted-space\">\u00a0<\/span><br \/>\n[\/vc_column_text][\/vc_column][\/vc_row]<\/p>\n<\/div>","protected":false},"excerpt":{"rendered":"<p>Leckere &#038; gesunde Kaustangen f\u00fcr \u00e4ltere Hunde<\/p>\n","protected":false},"featured_media":84318,"template":"","meta":[],"pwb-brand":[1931],"product_cat":[1933,1953],"product_tag":[],"class_list":{"0":"post-64000","1":"product","2":"type-product","3":"status-publish","4":"has-post-thumbnail","6":"pwb-brand-soopa-de","7":"product_cat-futter","8":"product_cat-kaustangen","10":"first","11":"instock","12":"taxable","13":"shipping-taxable","14":"purchasable","15":"product-type-simple"},"brands":[{"id":1931,"name":"Soopa","slug":"soopa-de"}],"_links":{"self":[{"href":"https:\/\/www.havohravo.com\/de\/wp-json\/wp\/v2\/product\/64000","targetHints":{"allow":["GET"]}}],"collection":[{"href":"https:\/\/www.havohravo.com\/de\/wp-json\/wp\/v2\/product"}],"about":[{"href":"https:\/\/www.havohravo.com\/de\/wp-json\/wp\/v2\/types\/product"}],"wp:featuredmedia":[{"embeddable":true,"href":"https:\/\/www.havohravo.com\/de\/wp-json\/wp\/v2\/media\/84318"}],"wp:attachment":[{"href":"https:\/\/www.havohravo.com\/de\/wp-json\/wp\/v2\/media?parent=64000"}],"wp:term":[{"taxonomy":"pwb-brand","embeddable":true,"href":"https:\/\/www.havohravo.com\/de\/wp-json\/wp\/v2\/pwb-brand?post=64000"},{"taxonomy":"product_cat","embeddable":true,"href":"https:\/\/www.havohravo.com\/de\/wp-json\/wp\/v2\/product_cat?post=64000"},{"taxonomy":"product_tag","embeddable":true,"href":"https:\/\/www.havohravo.com\/de\/wp-json\/wp\/v2\/product_tag?post=64000"}],"curies":[{"name":"wp","href":"https:\/\/api.w.org\/{rel}","templated":true}]}}