{"id":64011,"date":"2022-04-25T21:51:30","date_gmt":"2022-04-25T19:51:30","guid":{"rendered":"https:\/\/www.havohravo.com\/?post_type=product&#038;p=64011"},"modified":"2024-10-22T19:08:50","modified_gmt":"2024-10-22T17:08:50","slug":"grunkohl-apfel-hundedrops","status":"publish","type":"product","link":"https:\/\/www.havohravo.com\/de\/produkt\/grunkohl-apfel-hundedrops\/","title":{"rendered":"Gr\u00fcnkohl &#038; Apfel Hundedrops"},"content":{"rendered":"<div class=\"wpb-content-wrapper\"><p>[vc_row][vc_column][vc_empty_space][\/vc_column][\/vc_row][vc_row][vc_column width=&#8220;1\/2&#8243;][vc_column_text]<\/p>\n<h3>Gr\u00fcnkohl &amp; Apfel Hundedrops<\/h3>\n<p>Gr\u00fcnkohl gilt wegen seiner krebshemmenden und immunst\u00e4rkenden Eigenschaften als \u201eK\u00f6nig der Gr\u00fcnen\u201c. Gleichzeitig ist Gr\u00fcnkohl auch ein echtes Kraftpaket f\u00fcr deinen Hund und reich an Antioxidantien, Eisen, Kalzium und wichtigen Vitaminen. Seetang geh\u00f6rt zu den n\u00e4hrstoffreichsten Lebensmitteln des Planeten und ist besonders gut f\u00fcr Haut, Fell, Krallen und Z\u00e4hne deines Hundes, damit er gesund und gl\u00fccklich bleibt. Ein einfacher, leckerer und nahrhafter Snack, und vor Allem: Hunde lieben ihn!<span class=\"Apple-converted-space\">\u00a0<\/span><\/p>\n<p>Soopa Hundedrops sind getreidefrei, hypoallergen und aus nat\u00fcrlichen Superfood-Zutaten in Humanqualit\u00e4t hergestellt. Diese kleinen, mundgerechten St\u00fccke eignen sich hervorragend f\u00fcrs Training. Sie werden in einem praktischen, taschenfreundlichen Kissenbeutel geliefert, damit du sie immer dabei haben kannst!<span class=\"Apple-converted-space\">\u00a0<\/span>[\/vc_column_text][vc_empty_space height=&#8220;24&#8243;][vc_single_image image=&#8220;63848&#8243; img_size=&#8220;full&#8220;][\/vc_column][vc_column width=&#8220;1\/2&#8243;][vc_column_text]<\/p>\n<h4>Zutaten:<\/h4>\n<p>Vollkartoffelmehl, pflanzliches Glycerin, Zellulosefasern, Seetangpulver 3%, Hefeprodukte, Bio-Kokos\u00f6l 2,5%, Wasser, Gr\u00fcnkohlpulver 2%, Apfelpulver 1,5%<span class=\"Apple-converted-space\">\u00a0<\/span><\/p>\n<h4>Vorteile:<\/h4>\n<ul>\n<li>Fettarm<\/li>\n<li>Humanqualit\u00e4t<\/li>\n<li>Sicher und leicht verdaulich<\/li>\n<li>F\u00f6rdert die Mundgesundheit<\/li>\n<li>Nat\u00fcrliche Zutaten<\/li>\n<li>100 % pflanzlich, 100 % vegan<\/li>\n<li>Hergestellt in Irland<\/li>\n<\/ul>\n<h4>Werte pro 100 g:<\/h4>\n<div>\n<p>4.30% Rohprotein<span class=\"Apple-converted-space\"><br \/>\n<\/span>2.69% Rohfett<span class=\"Apple-converted-space\"><br \/>\n<\/span>1.30% Rohfasern<span class=\"Apple-converted-space\"><br \/>\n<\/span>5.20% Asche<br \/>\n15.8% Feuchtigkeit<span class=\"Apple-converted-space\">\u00a0<\/span><\/p>\n<\/div>\n<p>[\/vc_column_text][\/vc_column][\/vc_row]<\/p>\n<\/div>","protected":false},"excerpt":{"rendered":"<p>Leckere &#038; gesunde Leckerlis<\/p>\n","protected":false},"featured_media":84382,"template":"","meta":[],"pwb-brand":[1931],"product_cat":[1933,1954],"product_tag":[],"class_list":{"0":"post-64011","1":"product","2":"type-product","3":"status-publish","4":"has-post-thumbnail","6":"pwb-brand-soopa-de","7":"product_cat-futter","8":"product_cat-leckerlis","10":"first","11":"instock","12":"taxable","13":"shipping-taxable","14":"purchasable","15":"product-type-simple"},"brands":[{"id":1931,"name":"Soopa","slug":"soopa-de"}],"_links":{"self":[{"href":"https:\/\/www.havohravo.com\/de\/wp-json\/wp\/v2\/product\/64011","targetHints":{"allow":["GET"]}}],"collection":[{"href":"https:\/\/www.havohravo.com\/de\/wp-json\/wp\/v2\/product"}],"about":[{"href":"https:\/\/www.havohravo.com\/de\/wp-json\/wp\/v2\/types\/product"}],"wp:featuredmedia":[{"embeddable":true,"href":"https:\/\/www.havohravo.com\/de\/wp-json\/wp\/v2\/media\/84382"}],"wp:attachment":[{"href":"https:\/\/www.havohravo.com\/de\/wp-json\/wp\/v2\/media?parent=64011"}],"wp:term":[{"taxonomy":"pwb-brand","embeddable":true,"href":"https:\/\/www.havohravo.com\/de\/wp-json\/wp\/v2\/pwb-brand?post=64011"},{"taxonomy":"product_cat","embeddable":true,"href":"https:\/\/www.havohravo.com\/de\/wp-json\/wp\/v2\/product_cat?post=64011"},{"taxonomy":"product_tag","embeddable":true,"href":"https:\/\/www.havohravo.com\/de\/wp-json\/wp\/v2\/product_tag?post=64011"}],"curies":[{"name":"wp","href":"https:\/\/api.w.org\/{rel}","templated":true}]}}