{"id":64016,"date":"2022-04-25T22:06:01","date_gmt":"2022-04-25T20:06:01","guid":{"rendered":"https:\/\/www.havohravo.com\/?post_type=product&#038;p=64016"},"modified":"2024-10-22T19:07:56","modified_gmt":"2024-10-22T17:07:56","slug":"kokosnuss-chiasamen-hundedrops","status":"publish","type":"product","link":"https:\/\/www.havohravo.com\/de\/produkt\/kokosnuss-chiasamen-hundedrops\/","title":{"rendered":"Kokosnuss &#038; Chiasamen Hundedrops"},"content":{"rendered":"<div class=\"wpb-content-wrapper\"><p>[vc_row][vc_column][vc_empty_space][\/vc_column][\/vc_row][vc_row][vc_column width=&#8220;1\/2&#8243;][vc_column_text]<\/p>\n<h3>Kokosnuss &amp; Chiasamen Hundedrops<\/h3>\n<p>Kokosnuss\u00f6l ist ein Superfood und reich an MCTs, die Studien zufolge die Gehirnleistung deines Hundes f\u00f6rdern. Chiasamen sind eine hervorragende Quelle f\u00fcr Omega-3-Fetts\u00e4uren, die zu einem gesunden Fell beitragen k\u00f6nnen. Kokosnuss ist reich an Ballaststoffen, die ein gesundes Verdauungssystem unterst\u00fctzen und dazu beitragen, dass dein Hund gesund und gl\u00fccklich bleibt. Ein einfacher, leckerer und nahrhafter Snack, und vor Allem: Hunde lieben ihn!<span class=\"Apple-converted-space\">\u00a0<\/span><\/p>\n<p>Soopa Hundedrops sind getreidefrei, hypoallergen und aus nat\u00fcrlichen Superfood-Zutaten in Humanqualit\u00e4t hergestellt. Diese kleinen, mundgerechten St\u00fccke eignen sich hervorragend f\u00fcrs Training. Sie werden in einem praktischen, taschenfreundlichen Kissenbeutel geliefert, damit du sie immer dabei haben kannst!<span class=\"Apple-converted-space\">\u00a0<\/span>[\/vc_column_text][vc_empty_space height=&#8220;24&#8243;][vc_single_image image=&#8220;63848&#8243; img_size=&#8220;full&#8220;][\/vc_column][vc_column width=&#8220;1\/2&#8243;][vc_column_text]<\/p>\n<h4>Zutaten:<\/h4>\n<p>Kartoffelvollkornmehl, pflanzliches Glycerin, Zellulosefasern, Hefeprodukte, Bio-Kokos\u00f6l 2,5%, Wasser, Kokosmehl 2%, Chiasamen 1%, Apfelmelasse .<span class=\"Apple-converted-space\">\u00a0<\/span><\/p>\n<h4>Vorteile:<\/h4>\n<ul>\n<li>Fettarm<\/li>\n<li>Humanqualit\u00e4t<\/li>\n<li>Sicher und leicht verdaulich<\/li>\n<li>F\u00f6rdert die Mundgesundheit<\/li>\n<li>Nat\u00fcrliche Zutaten<\/li>\n<li>100 % pflanzlich, 100 % vegan<\/li>\n<li>Hergestellt in Irland<\/li>\n<\/ul>\n<h4>Werte pro 100g:<\/h4>\n<p>4.30% Rohprotein<span class=\"Apple-converted-space\"><br \/>\n<\/span>2.69% Rohfett<br \/>\n1.30% Rohfasern<span class=\"Apple-converted-space\"><br \/>\n<\/span>5.20% Asche<br \/>\n15.8% Feuchtigkeit<br \/>\n[\/vc_column_text][\/vc_column][\/vc_row]<\/p>\n<\/div>","protected":false},"excerpt":{"rendered":"<p>Leckere &#038; gesunde Leckerlis<\/p>\n","protected":false},"featured_media":84376,"template":"","meta":[],"pwb-brand":[1931],"product_cat":[1933,1954],"product_tag":[],"class_list":{"0":"post-64016","1":"product","2":"type-product","3":"status-publish","4":"has-post-thumbnail","6":"pwb-brand-soopa-de","7":"product_cat-futter","8":"product_cat-leckerlis","10":"first","11":"instock","12":"featured","13":"taxable","14":"shipping-taxable","15":"purchasable","16":"product-type-simple"},"brands":[{"id":1931,"name":"Soopa","slug":"soopa-de"}],"_links":{"self":[{"href":"https:\/\/www.havohravo.com\/de\/wp-json\/wp\/v2\/product\/64016","targetHints":{"allow":["GET"]}}],"collection":[{"href":"https:\/\/www.havohravo.com\/de\/wp-json\/wp\/v2\/product"}],"about":[{"href":"https:\/\/www.havohravo.com\/de\/wp-json\/wp\/v2\/types\/product"}],"wp:featuredmedia":[{"embeddable":true,"href":"https:\/\/www.havohravo.com\/de\/wp-json\/wp\/v2\/media\/84376"}],"wp:attachment":[{"href":"https:\/\/www.havohravo.com\/de\/wp-json\/wp\/v2\/media?parent=64016"}],"wp:term":[{"taxonomy":"pwb-brand","embeddable":true,"href":"https:\/\/www.havohravo.com\/de\/wp-json\/wp\/v2\/pwb-brand?post=64016"},{"taxonomy":"product_cat","embeddable":true,"href":"https:\/\/www.havohravo.com\/de\/wp-json\/wp\/v2\/product_cat?post=64016"},{"taxonomy":"product_tag","embeddable":true,"href":"https:\/\/www.havohravo.com\/de\/wp-json\/wp\/v2\/product_tag?post=64016"}],"curies":[{"name":"wp","href":"https:\/\/api.w.org\/{rel}","templated":true}]}}