{"id":64139,"date":"2022-05-03T09:19:14","date_gmt":"2022-05-03T07:19:14","guid":{"rendered":"https:\/\/www.havohravo.com\/?post_type=product&#038;p=64139"},"modified":"2024-11-15T23:47:59","modified_gmt":"2024-11-15T22:47:59","slug":"hi-light-brustgeschirr","status":"publish","type":"product","link":"https:\/\/www.havohravo.com\/de\/produkt\/hi-light-brustgeschirr\/","title":{"rendered":"Hi &#038; Light Brustgeschirr"},"content":{"rendered":"<div class=\"wpb-content-wrapper\"><p>[vc_row][vc_column][vc_column_text]<\/p>\n<table>\n<tbody>\n<tr>\n<td width=\"301\"><strong>Brustgeschirrtyp:<\/strong><\/td>\n<td width=\"301\">Y-Form Brustgeschirr<\/td>\n<\/tr>\n<tr>\n<td width=\"301\"><strong>Hundef\u00fchrigkeit:<\/strong><\/td>\n<td width=\"301\">erm\u00f6glicht gute Kontrolle \u00fcber dem Hund<\/td>\n<\/tr>\n<tr>\n<td width=\"301\"><strong>Geeignet f\u00fcr Zugsport:<\/strong><\/td>\n<td width=\"301\">Nein<\/td>\n<\/tr>\n<tr>\n<td width=\"301\"><strong>Verstellbarer Halsumfang:<\/strong><\/td>\n<td width=\"301\">Ja<\/td>\n<\/tr>\n<tr>\n<td width=\"301\"><strong>Ausgestattet mit Griff:<\/strong><\/td>\n<td width=\"301\">Nein<\/td>\n<\/tr>\n<tr>\n<td width=\"301\"><strong>Geeignete Anwendung:<\/strong><\/td>\n<td width=\"301\">Alltag<\/td>\n<\/tr>\n<\/tbody>\n<\/table>\n<p>[\/vc_column_text][vc_empty_space][\/vc_column][\/vc_row][vc_row][vc_column width=&#8220;1\/2&#8243;][vc_column_text]<\/p>\n<h3>Hi &amp; Light Brustgeschirr<\/h3>\n<p>Leichter, minimalistischer Brustgeschirr ab der Gr\u00f6\u00dfe XXXS. Individuell anpassbare Passform mit vier Verstellpunkten f\u00fcr volle Bewegungsfreiheit. Mit zwei Leinenbefestigungspunkten: V-Ring auf dem R\u00fccken und verst\u00e4rkte Schlaufe auf der Brust.<\/p>\n<p>Dieses Geschirr eignet sich hervorragend f\u00fcr kleine Hunde oder als gute Alternative zum <a href=\"https:\/\/www.havohravo.com\/de\/produkt\/front-range-brustgeschirr\/\" target=\"_blank\" rel=\"noopener\">FrontRange<\/a>, bei dem das Brustpanel f\u00fcr den kleinen Hund zu klobrig sein k\u00f6nnte.<\/p>\n<p>Wenn du einen Hund mit schlankem K\u00f6rperbau hast, k\u00f6nnte die Hals\u00f6ffnung in der entsprechenden Gr\u00f6\u00dfe zu weit sein. Schreib uns gerne an, wir k\u00f6nnen das vorhandene Gurtband k\u00fcrzen und die Hals\u00f6ffnung an die Bed\u00fcrfnisse deines Hundes anpassen.[\/vc_column_text][vc_empty_space height=&#8220;24&#8243;][\/vc_column][vc_column width=&#8220;5\/12&#8243; offset=&#8220;vc_col-sm-offset-1&#8243;][vc_single_image image=&#8220;64272&#8243; img_size=&#8220;full&#8220;][vc_empty_space][\/vc_column][\/vc_row][vc_row][vc_column][vc_column_text]<\/p>\n<h3>Auswahl der richtigen Gr\u00f6\u00dfe<\/h3>\n<p>Brustumfang messen um die breiteste Stelle am Brustkorb. Falls der Brustumfang zwischen zwei Gr\u00f6\u00dfen liegt, w\u00e4hlen sie die gr\u00f6\u00dfere Gr\u00f6\u00dfe.[\/vc_column_text][vc_empty_space height=&#8220;24px&#8220;][vc_single_image image=&#8220;70751&#8243; img_size=&#8220;medium&#8220;][vc_empty_space height=&#8220;24px&#8220;][vc_column_text]<\/p>\n<h3>Gr\u00f6\u00dfen<\/h3>\n<ul>\n<li>XXX-Small: 23-33 cm<\/li>\n<li>XX-Small: 33\u201343cm<\/li>\n<li>X-Small: 43\u201356cm<\/li>\n<li>Small: 56\u201369cm<\/li>\n<li>Medium: 69\u201381cm<\/li>\n<li>Large\/X-Large: 81\u2013107cm<\/li>\n<\/ul>\n<p>[\/vc_column_text][vc_empty_space height=&#8220;24px&#8220;][vc_video link=&#8220;https:\/\/youtu.be\/Go6U85D7iRA&#8220; align=&#8220;center&#8220;][vc_empty_space height=&#8220;24px&#8220;][vc_video link=&#8220;https:\/\/youtu.be\/IFUMEDVGxLs&#8220; align=&#8220;center&#8220;][\/vc_column][\/vc_row]<\/p>\n<\/div>","protected":false},"excerpt":{"rendered":"<p>Ruffwear Hi &amp; Light\u2122 Brustgeschirr ist ein sehr leichtes Brustgeschirr f\u00fcr jedes Abenteuer.<\/p>\n","protected":false},"featured_media":64287,"template":"","meta":[],"pwb-brand":[388],"product_cat":[1675,879,883],"product_tag":[],"class_list":{"0":"post-64139","1":"product","2":"type-product","3":"status-publish","4":"has-post-thumbnail","6":"pwb-brand-ruffwear-de","7":"product_cat-kurze-brustgeschirre","8":"product_cat-hundemode","9":"product_cat-brustgeschirre","11":"first","12":"onbackorder","13":"taxable","14":"shipping-taxable","15":"purchasable","16":"product-type-variable"},"brands":[{"id":388,"name":"Ruffwear","slug":"ruffwear-de"}],"_links":{"self":[{"href":"https:\/\/www.havohravo.com\/de\/wp-json\/wp\/v2\/product\/64139","targetHints":{"allow":["GET"]}}],"collection":[{"href":"https:\/\/www.havohravo.com\/de\/wp-json\/wp\/v2\/product"}],"about":[{"href":"https:\/\/www.havohravo.com\/de\/wp-json\/wp\/v2\/types\/product"}],"wp:featuredmedia":[{"embeddable":true,"href":"https:\/\/www.havohravo.com\/de\/wp-json\/wp\/v2\/media\/64287"}],"wp:attachment":[{"href":"https:\/\/www.havohravo.com\/de\/wp-json\/wp\/v2\/media?parent=64139"}],"wp:term":[{"taxonomy":"pwb-brand","embeddable":true,"href":"https:\/\/www.havohravo.com\/de\/wp-json\/wp\/v2\/pwb-brand?post=64139"},{"taxonomy":"product_cat","embeddable":true,"href":"https:\/\/www.havohravo.com\/de\/wp-json\/wp\/v2\/product_cat?post=64139"},{"taxonomy":"product_tag","embeddable":true,"href":"https:\/\/www.havohravo.com\/de\/wp-json\/wp\/v2\/product_tag?post=64139"}],"curies":[{"name":"wp","href":"https:\/\/api.w.org\/{rel}","templated":true}]}}