{"id":6415,"date":"2018-12-30T19:59:00","date_gmt":"2018-12-30T18:59:00","guid":{"rendered":"https:\/\/www.havohravo.com\/product\/togu-dynair-extreme\/"},"modified":"2026-03-29T14:08:43","modified_gmt":"2026-03-29T12:08:43","slug":"togu-dynair-extreme","status":"publish","type":"product","link":"https:\/\/www.havohravo.com\/de\/produkt\/togu-dynair-extreme\/","title":{"rendered":"Togu Dynair Extreme"},"content":{"rendered":"<div class=\"wpb-content-wrapper\"><p>[vc_row][vc_column][vc_empty_space][\/vc_column][\/vc_row][vc_row][vc_column width=&#8220;2\/3&#8243;][vc_column_text]<\/p>\n<h3>Togu Dynair Extreme<\/h3>\n<p>Durchmesser von 80 cm von diesem Balancekissen ist perfekt auch f\u00fcr gro\u00dfe Hunde. Hund kann leicht daruf mit allen 4 Pfoten stehen. Das Balancekissen \u00fcbertragt auch die kleinste Bewegungen zum K\u00f6rper vom Hund. Es ist ideal f\u00fcr Core-Stabilit\u00e4tstraining.<\/p>\n<p>Eine Seite ist ausgestattet mit Stimulationsdellen und andere Seite hat anti-rutschige Oberfl\u00e4che.<\/p>\n<ul>\n<li>Material: Ruton, Geruchsneutral, 100% rezyklierbar<\/li>\n<li>Gr\u00f6\u00dfe: Durchmesser 80 cm<\/li>\n<li>Gewichtskapazit\u00e4t: 200 kg<\/li>\n<li>Anti-rutschige Bodenoberfl\u00e4che f\u00fcr maximale Sicherheit.<\/li>\n<li>Strapazierf\u00e4hig, hautfreundlich und pflegeleicht.<\/li>\n<\/ul>\n<p>[\/vc_column_text][\/vc_column][vc_column width=&#8220;1\/3&#8243;][vc_column_text]<\/p>\n<h3>Hinweis<\/h3>\n<p>Lassen sie die aufblasbare Produkte lang genug im Raum stehen, um die Zimmertemperatur zu erreichen. Falls das Material zu warm oder zu kalt ist, wird es die Eigenschaften des Produktes beim Aufblasen beeinfl\u00fc\u00dfen.[\/vc_column_text][\/vc_column][\/vc_row]<\/p>\n<\/div>","protected":false},"excerpt":{"rendered":"<p>Balancekissen mit Stimulationsdellen f\u00fcr Koordination und Balancetraining.<\/p>\n","protected":false},"featured_media":69254,"template":"","meta":[],"pwb-brand":[390],"product_cat":[2153,874],"product_tag":[],"class_list":{"0":"post-6415","1":"product","2":"type-product","3":"status-publish","4":"has-post-thumbnail","6":"pwb-brand-togu-de","7":"product_cat-balancekissen-pads","8":"product_cat-hundefitness","10":"first","11":"instock","12":"taxable","13":"shipping-taxable","14":"purchasable","15":"product-type-variable"},"brands":[{"id":390,"name":"Togu","slug":"togu-de"}],"_links":{"self":[{"href":"https:\/\/www.havohravo.com\/de\/wp-json\/wp\/v2\/product\/6415","targetHints":{"allow":["GET"]}}],"collection":[{"href":"https:\/\/www.havohravo.com\/de\/wp-json\/wp\/v2\/product"}],"about":[{"href":"https:\/\/www.havohravo.com\/de\/wp-json\/wp\/v2\/types\/product"}],"wp:featuredmedia":[{"embeddable":true,"href":"https:\/\/www.havohravo.com\/de\/wp-json\/wp\/v2\/media\/69254"}],"wp:attachment":[{"href":"https:\/\/www.havohravo.com\/de\/wp-json\/wp\/v2\/media?parent=6415"}],"wp:term":[{"taxonomy":"pwb-brand","embeddable":true,"href":"https:\/\/www.havohravo.com\/de\/wp-json\/wp\/v2\/pwb-brand?post=6415"},{"taxonomy":"product_cat","embeddable":true,"href":"https:\/\/www.havohravo.com\/de\/wp-json\/wp\/v2\/product_cat?post=6415"},{"taxonomy":"product_tag","embeddable":true,"href":"https:\/\/www.havohravo.com\/de\/wp-json\/wp\/v2\/product_tag?post=6415"}],"curies":[{"name":"wp","href":"https:\/\/api.w.org\/{rel}","templated":true}]}}