{"id":64158,"date":"2022-05-03T09:19:18","date_gmt":"2022-05-03T07:19:18","guid":{"rendered":"https:\/\/www.havohravo.com\/?post_type=product&#038;p=64158"},"modified":"2026-01-20T15:35:35","modified_gmt":"2026-01-20T14:35:35","slug":"flagline-brustgeschirr","status":"publish","type":"product","link":"https:\/\/www.havohravo.com\/de\/produkt\/flagline-brustgeschirr\/","title":{"rendered":"Flagline Brustgeschirr"},"content":{"rendered":"<div class=\"wpb-content-wrapper\"><p>[vc_row][vc_column][vc_column_text]<\/p>\n<div class=\"wpb_text_column wpb_content_element \">\n<div class=\"wpb_wrapper\">\n<table>\n<tbody>\n<tr>\n<td width=\"301\"><strong>Brustgeschirrtyp:<\/strong><\/td>\n<td width=\"301\">Sicherheitsgeschirr<\/td>\n<\/tr>\n<tr>\n<td width=\"301\"><strong>Hundef\u00fchrigkeit:<\/strong><\/td>\n<td width=\"301\">erm\u00f6glicht gute Kontrolle \u00fcber dem Hund<\/td>\n<\/tr>\n<tr>\n<td width=\"301\"><strong>Geeignet f\u00fcr Zugsport:<\/strong><\/td>\n<td width=\"301\">Nein (nur f\u00fcr &#8222;normales&#8220; ziehen im Alltag, nicht f\u00fcr Zughundesport geeignet)<\/td>\n<\/tr>\n<tr>\n<td width=\"301\"><strong>Verstellbarer Halsumfang:<\/strong><\/td>\n<td width=\"301\">Ja<\/td>\n<\/tr>\n<tr>\n<td width=\"301\"><strong>Ausgestattet mit Griff:<\/strong><\/td>\n<td width=\"301\">Ja<\/td>\n<\/tr>\n<tr>\n<td width=\"301\"><strong>Geeignete Anwendung:<\/strong><\/td>\n<td width=\"301\">Wandern, Alltag<\/td>\n<\/tr>\n<\/tbody>\n<\/table>\n<\/div>\n<\/div>\n<p>[\/vc_column_text][vc_empty_space height=&#8220;24px&#8220;][\/vc_column][\/vc_row][vc_row][vc_column width=&#8220;1\/2&#8243;][vc_column_text]<\/p>\n<h3>Flagline Brustgeschirr<\/h3>\n<p>Leichter Sicherheitsgurt, der einfach anzulegen ist. Dieses Geschirr erm\u00f6glicht bequemes Heben mit gepolstertem Griff und lastverteilendem Brust-\/Bauchteil. Es verf\u00fcgt \u00fcber einen Griff und drei Befestigungspunkte f\u00fcr die Leine, davon einen an der Brust. Der dritte Gurt sorgt f\u00fcr mehr Sicherheit, wenn dein Hunde dazu neigt, aus dem Geschirr zu entkommen.<\/p>\n<p>Bei hei\u00dfem Wetter kannst das Brustpanel in Wasser einweichen. Es trocknet schnell und verschafft dem Hund einen kleinen K\u00fchleffekt, wenn du bei einer hei\u00dfen Wanderung keine andere M\u00f6glichkeit hast.<\/p>\n<p>Wenn dein Hund schmallen Hals und eher tiefe Brust hat, k\u00f6nnte die Hals\u00f6ffnung der entsprechenden Gr\u00f6\u00dfe zu weit sein. Schreib uns gerne an, wir k\u00f6nnen das vorhandene Gurtband k\u00fcrzen &amp; die Halsweite an die Bed\u00fcrfnisse deines Hundes anpassen.[\/vc_column_text][vc_empty_space height=&#8220;24&#8243;][\/vc_column][vc_column width=&#8220;5\/12&#8243; offset=&#8220;vc_col-sm-offset-1&#8243;][vc_single_image image=&#8220;64232&#8243; img_size=&#8220;full&#8220;][vc_empty_space height=&#8220;24&#8243;][\/vc_column][\/vc_row][vc_row][vc_column][vc_column_text]<\/p>\n<h3>Auswahl der richtigen Gr\u00f6\u00dfe<\/h3>\n<p>Brustumfang messen um die breiteste Stelle am Brustkorb. Falls der Brustumfang zwischen zwei Gr\u00f6\u00dfen liegt, w\u00e4hlen sie die gr\u00f6\u00dfere Gr\u00f6\u00dfe.[\/vc_column_text][vc_empty_space height=&#8220;24&#8243;][vc_single_image image=&#8220;70751&#8243; img_size=&#8220;medium&#8220;][vc_empty_space height=&#8220;24&#8243;][vc_column_text]<\/p>\n<h3>Gr\u00f6\u00dfen<\/h3>\n<ul>\n<li>XX-Small: 33\u201343cm<\/li>\n<li>X-Small: 43\u201356cm<\/li>\n<li>Small: 56\u201369cm<\/li>\n<li>Medium: 69\u201381cm<\/li>\n<li>Large\/X-Large: 81\u2013107cm<\/li>\n<\/ul>\n<p>[\/vc_column_text][vc_empty_space height=&#8220;24&#8243;][vc_video link=&#8220;https:\/\/youtu.be\/tzAMSR2MjWM&#8220; align=&#8220;center&#8220;][\/vc_column][\/vc_row]<\/p>\n<\/div>","protected":false},"excerpt":{"rendered":"<p>Ruffwear Flagline Brustgeschirr ist ein leichter und multifunktionelles Brustgeschirr.<\/p>\n","protected":false},"featured_media":64234,"template":"","meta":[],"pwb-brand":[388],"product_cat":[1675,879,883],"product_tag":[],"class_list":{"0":"post-64158","1":"product","2":"type-product","3":"status-publish","4":"has-post-thumbnail","6":"pwb-brand-ruffwear-de","7":"product_cat-kurze-brustgeschirre","8":"product_cat-hundemode","9":"product_cat-brustgeschirre","11":"first","12":"instock","13":"featured","14":"taxable","15":"shipping-taxable","16":"purchasable","17":"product-type-variable"},"brands":[{"id":388,"name":"Ruffwear","slug":"ruffwear-de"}],"_links":{"self":[{"href":"https:\/\/www.havohravo.com\/de\/wp-json\/wp\/v2\/product\/64158","targetHints":{"allow":["GET"]}}],"collection":[{"href":"https:\/\/www.havohravo.com\/de\/wp-json\/wp\/v2\/product"}],"about":[{"href":"https:\/\/www.havohravo.com\/de\/wp-json\/wp\/v2\/types\/product"}],"wp:featuredmedia":[{"embeddable":true,"href":"https:\/\/www.havohravo.com\/de\/wp-json\/wp\/v2\/media\/64234"}],"wp:attachment":[{"href":"https:\/\/www.havohravo.com\/de\/wp-json\/wp\/v2\/media?parent=64158"}],"wp:term":[{"taxonomy":"pwb-brand","embeddable":true,"href":"https:\/\/www.havohravo.com\/de\/wp-json\/wp\/v2\/pwb-brand?post=64158"},{"taxonomy":"product_cat","embeddable":true,"href":"https:\/\/www.havohravo.com\/de\/wp-json\/wp\/v2\/product_cat?post=64158"},{"taxonomy":"product_tag","embeddable":true,"href":"https:\/\/www.havohravo.com\/de\/wp-json\/wp\/v2\/product_tag?post=64158"}],"curies":[{"name":"wp","href":"https:\/\/api.w.org\/{rel}","templated":true}]}}