{"id":64567,"date":"2022-05-03T22:13:32","date_gmt":"2022-05-03T20:13:32","guid":{"rendered":"https:\/\/www.havohravo.com\/?post_type=product&#038;p=64567"},"modified":"2022-05-03T22:28:19","modified_gmt":"2022-05-03T20:28:19","slug":"leine-flagline","status":"publish","type":"product","link":"https:\/\/www.havohravo.com\/de\/produkt\/leine-flagline\/","title":{"rendered":"Leine Flagline\u2122"},"content":{"rendered":"<div class=\"wpb-content-wrapper\"><p>[vc_row][vc_column][vc_empty_space][\/vc_column][\/vc_row][vc_row][vc_column width=&#8220;1\/2&#8243;][vc_column_text]<\/p>\n<h3>Leine Flagline\u2122<\/h3>\n<p id=\"tw-target-text\" class=\"tw-data-text tw-text-large tw-ta\" dir=\"ltr\" data-placeholder=\"Translation\"><span class=\"Y2IQFc\" lang=\"de\">Leichte, vielseitig verwendbare Leine mit Schnalle f\u00fcr Einstellbarkeit und Handsfree-Nutzung. Verf\u00fcgt \u00fcber starken und sicheren abschlie\u00dfbaren Crux Clip\u2122 und eine flache Aufbewahrungstasche f\u00fcr Gassibeutel.<\/span><\/p>\n<p class=\"p1\">Probiere auch den passenden Brustgeschirr aus der Serie.<\/p>\n<p class=\"p1\">L\u00e4nge: 1.9 m<br \/>\nBreite: 20 mm<\/p>\n<p>[\/vc_column_text][vc_empty_space height=&#8220;24&#8243;][\/vc_column][vc_column width=&#8220;5\/12&#8243; offset=&#8220;vc_col-sm-offset-1&#8243;][vc_column_text]<\/p>\n<h3>Pflegeanleitung<\/h3>\n<ul>\n<li>Handw\u00e4sche<\/li>\n<li>Verwenden sie\u00a0mildes Waschmittel<\/li>\n<li>Lufttrocknung<\/li>\n<\/ul>\n<p>[\/vc_column_text][vc_empty_space height=&#8220;24&#8243;][\/vc_column][\/vc_row]<\/p>\n<\/div>","protected":false},"excerpt":{"rendered":"<p>Stabile und vielseitig anwendbare Leine.<\/p>\n","protected":false},"featured_media":77753,"template":"","meta":[],"pwb-brand":[388],"product_cat":[1684,879,860],"product_tag":[],"class_list":{"0":"post-64567","1":"product","2":"type-product","3":"status-publish","4":"has-post-thumbnail","6":"pwb-brand-ruffwear-de","7":"product_cat-fuehrleinen","8":"product_cat-hundemode","9":"product_cat-leinen","11":"first","12":"instock","13":"taxable","14":"shipping-taxable","15":"purchasable","16":"product-type-variable"},"brands":[{"id":388,"name":"Ruffwear","slug":"ruffwear-de"}],"_links":{"self":[{"href":"https:\/\/www.havohravo.com\/de\/wp-json\/wp\/v2\/product\/64567","targetHints":{"allow":["GET"]}}],"collection":[{"href":"https:\/\/www.havohravo.com\/de\/wp-json\/wp\/v2\/product"}],"about":[{"href":"https:\/\/www.havohravo.com\/de\/wp-json\/wp\/v2\/types\/product"}],"wp:featuredmedia":[{"embeddable":true,"href":"https:\/\/www.havohravo.com\/de\/wp-json\/wp\/v2\/media\/77753"}],"wp:attachment":[{"href":"https:\/\/www.havohravo.com\/de\/wp-json\/wp\/v2\/media?parent=64567"}],"wp:term":[{"taxonomy":"pwb-brand","embeddable":true,"href":"https:\/\/www.havohravo.com\/de\/wp-json\/wp\/v2\/pwb-brand?post=64567"},{"taxonomy":"product_cat","embeddable":true,"href":"https:\/\/www.havohravo.com\/de\/wp-json\/wp\/v2\/product_cat?post=64567"},{"taxonomy":"product_tag","embeddable":true,"href":"https:\/\/www.havohravo.com\/de\/wp-json\/wp\/v2\/product_tag?post=64567"}],"curies":[{"name":"wp","href":"https:\/\/api.w.org\/{rel}","templated":true}]}}