{"id":64649,"date":"2022-05-03T22:58:26","date_gmt":"2022-05-03T20:58:26","guid":{"rendered":"https:\/\/www.havohravo.com\/?post_type=product&#038;p=64649"},"modified":"2024-05-22T12:29:58","modified_gmt":"2024-05-22T10:29:58","slug":"swamp-cooler-kuhlbrustgeschirr","status":"publish","type":"product","link":"https:\/\/www.havohravo.com\/de\/produkt\/swamp-cooler-kuhlbrustgeschirr\/","title":{"rendered":"Swamp Cooler K\u00fchlbrustgeschirr"},"content":{"rendered":"<div class=\"wpb-content-wrapper\"><p>[vc_row][vc_column][vc_column_text]<\/p>\n<div class=\"wpb_text_column wpb_content_element \">\n<div class=\"wpb_wrapper\">\n<table>\n<tbody>\n<tr>\n<td width=\"301\"><strong>Brustgeschirrtyp:<\/strong><\/td>\n<td width=\"301\">Sicherheitsgeschirr<\/td>\n<\/tr>\n<tr>\n<td width=\"301\"><strong>Hundef\u00fchrigkeit:<\/strong><\/td>\n<td width=\"301\">erm\u00f6glicht gute Kontrolle \u00fcber dem Hund<\/td>\n<\/tr>\n<tr>\n<td width=\"301\"><strong>Geeignet f\u00fcr Zugsport:<\/strong><\/td>\n<td width=\"301\">Nein (nur f\u00fcr &#8222;normales&#8220; ziehen im Alltag, nicht f\u00fcr Zughundesport geeignet)<\/td>\n<\/tr>\n<tr>\n<td width=\"301\"><strong>Verstellbarer Halsumfang:<\/strong><\/td>\n<td width=\"301\">Ja<\/td>\n<\/tr>\n<tr>\n<td width=\"301\"><strong>Ausgestattet mit Griff:<\/strong><\/td>\n<td width=\"301\">Ja<\/td>\n<\/tr>\n<tr>\n<td width=\"301\"><strong>Geeignete Anwendung:<\/strong><\/td>\n<td width=\"301\">Wandern, Alltag<\/td>\n<\/tr>\n<\/tbody>\n<\/table>\n<\/div>\n<\/div>\n<p>[\/vc_column_text][vc_empty_space height=&#8220;24px&#8220;][\/vc_column][\/vc_row][vc_row][vc_column width=&#8220;1\/2&#8243;][vc_column_text]<\/p>\n<h3>Swamp Cooler K\u00fchlbrustgeschirr<\/h3>\n<p class=\"tw-data-text tw-text-large tw-ta\" dir=\"ltr\" data-placeholder=\"Translation\"><span class=\"Y2IQFc\" lang=\"de\">Dieses Mehrzweck-Brustgeschirr integriert die Swamp Cooler\u2122-Evaporationk\u00fchlungstechnologie im gesamten R\u00fccken und in der gepolsterte Brust-\/Bauchpartie f\u00fcr eine All-in-One-K\u00fchll\u00f6sung im Sommer.\u00a0<\/span>Das Mesh-Futter h\u00e4lt den Hund trocken und komfortabel. Hinweis: die Verdunstungstechnologie funktioniert bei Wetterbedingungen mit sehr hoher Luftfeuchtigkeit m\u00f6glicherweise nicht wie vorgesehen.<\/p>\n<p>Dieses Geschirr erm\u00f6glicht bequemes Heben mit gepolstertem Griff und lastverteilendem Brust-\/Bauchteil. Es verf\u00fcgt \u00fcber einen Tragegriff und zwei Befestigungspunkte f\u00fcr die Leine. Der dritte Gurt sorgt f\u00fcr mehr Sicherheit, falls dein Hund dazu neigt, aus dem Geschirr zu entkommen.<\/p>\n<p>Zum K\u00fchlen empfehlen wir, nur das Bauchteil in Wasser zu tauchen, um zu vermeiden, dass gro\u00dfe Muskelgruppen auf dem R\u00fccken gek\u00fchlt werden, wenn der Hund aufgew\u00e4rmt ist. Wenn das Geschirr nicht zum K\u00fchlen verwendet wird, kann es das ganze Jahr \u00fcber verwendet werden (au\u00dfer bei Regen und Schnee, wo es das Wasser aufsaugen w\u00fcrde).<br \/>\n[\/vc_column_text][vc_empty_space height=&#8220;24&#8243;][\/vc_column][vc_column width=&#8220;5\/12&#8243; offset=&#8220;vc_col-sm-offset-1&#8243;][vc_column_text][\/vc_column_text][vc_empty_space height=&#8220;24&#8243;][vc_single_image image=&#8220;64297&#8243; img_size=&#8220;full&#8220;][vc_empty_space height=&#8220;24&#8243;][\/vc_column][\/vc_row][vc_row][vc_column][vc_column_text]<\/p>\n<h3>Auswahl der richtigen Gr\u00f6\u00dfe<\/h3>\n<p>Brustumfang messen um die breiteste Stelle am Brustkorb. Falls der Brustumfang zwischen zwei Gr\u00f6\u00dfen liegt, w\u00e4hlen sie die gr\u00f6\u00dfere Gr\u00f6\u00dfe.<br \/>\n[\/vc_column_text][vc_empty_space height=&#8220;24&#8243;][vc_single_image image=&#8220;70751&#8243; img_size=&#8220;large&#8220;][vc_empty_space height=&#8220;24&#8243;][vc_column_text]<\/p>\n<h3>Gr\u00f6\u00dfen<\/h3>\n<ul>\n<li>XX-Small: 33\u201343cm<\/li>\n<li>X-Small: 43\u201356cm<\/li>\n<li>Small: 56\u201369cm<\/li>\n<li>Medium: 69\u201381cm<\/li>\n<li>Large\/X-Large: 81\u2013107cm<\/li>\n<\/ul>\n<p>[\/vc_column_text][\/vc_column][\/vc_row]<\/p>\n<\/div>","protected":false},"excerpt":{"rendered":"<p>Swamp Cooler K\u00fchlbrustgeschirr ist ein leichter Sicherheitsgeschirr mit integrierten K\u00fchltechnologie.<\/p>\n","protected":false},"featured_media":64299,"template":"","meta":[],"pwb-brand":[388],"product_cat":[1675,879,883],"product_tag":[],"class_list":{"0":"post-64649","1":"product","2":"type-product","3":"status-publish","4":"has-post-thumbnail","6":"pwb-brand-ruffwear-de","7":"product_cat-kurze-brustgeschirre","8":"product_cat-hundemode","9":"product_cat-brustgeschirre","11":"first","12":"instock","13":"taxable","14":"shipping-taxable","15":"purchasable","16":"product-type-variable"},"brands":[{"id":388,"name":"Ruffwear","slug":"ruffwear-de"}],"_links":{"self":[{"href":"https:\/\/www.havohravo.com\/de\/wp-json\/wp\/v2\/product\/64649","targetHints":{"allow":["GET"]}}],"collection":[{"href":"https:\/\/www.havohravo.com\/de\/wp-json\/wp\/v2\/product"}],"about":[{"href":"https:\/\/www.havohravo.com\/de\/wp-json\/wp\/v2\/types\/product"}],"wp:featuredmedia":[{"embeddable":true,"href":"https:\/\/www.havohravo.com\/de\/wp-json\/wp\/v2\/media\/64299"}],"wp:attachment":[{"href":"https:\/\/www.havohravo.com\/de\/wp-json\/wp\/v2\/media?parent=64649"}],"wp:term":[{"taxonomy":"pwb-brand","embeddable":true,"href":"https:\/\/www.havohravo.com\/de\/wp-json\/wp\/v2\/pwb-brand?post=64649"},{"taxonomy":"product_cat","embeddable":true,"href":"https:\/\/www.havohravo.com\/de\/wp-json\/wp\/v2\/product_cat?post=64649"},{"taxonomy":"product_tag","embeddable":true,"href":"https:\/\/www.havohravo.com\/de\/wp-json\/wp\/v2\/product_tag?post=64649"}],"curies":[{"name":"wp","href":"https:\/\/api.w.org\/{rel}","templated":true}]}}