{"id":64705,"date":"2022-05-03T23:26:58","date_gmt":"2022-05-03T21:26:58","guid":{"rendered":"https:\/\/www.havohravo.com\/?post_type=product&#038;p=64705"},"modified":"2022-05-03T23:40:18","modified_gmt":"2022-05-03T21:40:18","slug":"swamp-cooler-core-2022","status":"publish","type":"product","link":"https:\/\/www.havohravo.com\/de\/produkt\/swamp-cooler-core-2022\/","title":{"rendered":"Swamp Cooler\u2122 Core 2022"},"content":{"rendered":"<div class=\"wpb-content-wrapper\"><p>[vc_row][vc_column][vc_empty_space][\/vc_column][\/vc_row][vc_row][vc_column width=&#8220;1\/2&#8243;][vc_column_text]<\/p>\n<h3>Core Cooler\u2122 2022<\/h3>\n<p id=\"tw-target-text\" class=\"tw-data-text tw-text-large tw-ta\" dir=\"ltr\" data-placeholder=\"Translation\"><span class=\"Y2IQFc\" lang=\"de\">Add-on f\u00fcr Ruffwear Geschirre und Rucks\u00e4cke. Verwendet Evaporationask\u00fchlung, um W\u00e4rme effizient aus dem Core des Hundes zu ziehen, und gibt zus\u00e4tzliche Unterst\u00fctzung beim Anheben und Helfen von Hunden.<\/span><\/p>\n<h3>Richtige Gr\u00f6\u00dfe<\/h3>\n<p>W\u00e4hle die gleiche Gr\u00f6\u00dfe wie Brustgeschirr oder Rucksack.<\/p>\n<h3>Gr\u00f6\u00dfen<\/h3>\n<ul>\n<li>X-Small: 43\u201356cm<\/li>\n<li>Small: 56\u201369cm<\/li>\n<li>Medium: 69\u201381cm<\/li>\n<li>Large\/X-Large: 81\u2013107cm<\/li>\n<\/ul>\n<p>[\/vc_column_text][vc_empty_space height=&#8220;32&#8243;][vc_single_image image=&#8220;64220&#8243; img_size=&#8220;full&#8220;][vc_empty_space height=&#8220;24&#8243;][\/vc_column][vc_column width=&#8220;5\/12&#8243; offset=&#8220;vc_col-sm-offset-1&#8243;][vc_single_image image=&#8220;64222&#8243; img_size=&#8220;full&#8220;][vc_empty_space height=&#8220;24&#8243;][vc_column_text]<\/p>\n<h3>Eigenschaften<\/h3>\n<ul>\n<li id=\"tw-target-text\" class=\"tw-data-text tw-text-large tw-ta\" dir=\"ltr\" data-placeholder=\"Translation\"><span class=\"Y2IQFc\" lang=\"de\">\u00c4rmel mit Klettverschluss f\u00fcr einfaches An- und Ausziehen. <\/span><\/li>\n<li class=\"tw-data-text tw-text-large tw-ta\" dir=\"ltr\" data-placeholder=\"Translation\"><span class=\"Y2IQFc\" lang=\"de\">Dreischichtiger Brusteinsatz k\u00fchlt den Kern.<\/span><\/li>\n<li class=\"tw-data-text tw-text-large tw-ta\" dir=\"ltr\" data-placeholder=\"Translation\">Bietet Lastverteilung und Stabilit\u00e4t<\/li>\n<\/ul>\n<p>&nbsp;<\/p>\n<p><span class=\"Y2IQFc\" lang=\"de\"><strong>Was ist neu:<\/strong> Aktualisiertes externes Luftnetz f\u00fcr verbesserte Abriebfestigkeit und verbesserte Wasseraufnahme;<\/span>[\/vc_column_text][vc_empty_space height=&#8220;24&#8243;][vc_column_text]<\/p>\n<h3>Pflegeanleitung<\/h3>\n<ul>\n<li>Handw\u00e4sche<\/li>\n<li>Verwenden sie\u00a0mildes Waschmittel<\/li>\n<li>Lufttrocknung<\/li>\n<\/ul>\n<p>[\/vc_column_text][\/vc_column][\/vc_row][vc_row][vc_column][vc_empty_space][vc_video link=&#8220;https:\/\/youtu.be\/Jcb___MIa5A&#8220;][\/vc_column][\/vc_row]<\/p>\n<\/div>","protected":false},"excerpt":{"rendered":"<p>Eine Zusatzausr\u00fcstung zum Abk\u00fchlen vom Hund. Bietet zus\u00e4tzliche Unterst\u00fctzung beim Hochheben und Gehhilfe und zus\u00e4tzliche Stabilisierung f\u00fcr Rucks\u00e4cke und Brustgeschirre.<\/p>\n","protected":false},"featured_media":10364,"template":"","meta":[],"pwb-brand":[388],"product_cat":[879,884],"product_tag":[946],"class_list":{"0":"post-64705","1":"product","2":"type-product","3":"status-publish","4":"has-post-thumbnail","6":"pwb-brand-ruffwear-de","7":"product_cat-hundemode","8":"product_cat-zubehoer","9":"product_tag-kuhlen","11":"first","12":"onbackorder","13":"taxable","14":"shipping-taxable","15":"product-type-variable"},"brands":[{"id":388,"name":"Ruffwear","slug":"ruffwear-de"}],"_links":{"self":[{"href":"https:\/\/www.havohravo.com\/de\/wp-json\/wp\/v2\/product\/64705","targetHints":{"allow":["GET"]}}],"collection":[{"href":"https:\/\/www.havohravo.com\/de\/wp-json\/wp\/v2\/product"}],"about":[{"href":"https:\/\/www.havohravo.com\/de\/wp-json\/wp\/v2\/types\/product"}],"wp:featuredmedia":[{"embeddable":true,"href":"https:\/\/www.havohravo.com\/de\/wp-json\/wp\/v2\/media\/10364"}],"wp:attachment":[{"href":"https:\/\/www.havohravo.com\/de\/wp-json\/wp\/v2\/media?parent=64705"}],"wp:term":[{"taxonomy":"pwb-brand","embeddable":true,"href":"https:\/\/www.havohravo.com\/de\/wp-json\/wp\/v2\/pwb-brand?post=64705"},{"taxonomy":"product_cat","embeddable":true,"href":"https:\/\/www.havohravo.com\/de\/wp-json\/wp\/v2\/product_cat?post=64705"},{"taxonomy":"product_tag","embeddable":true,"href":"https:\/\/www.havohravo.com\/de\/wp-json\/wp\/v2\/product_tag?post=64705"}],"curies":[{"name":"wp","href":"https:\/\/api.w.org\/{rel}","templated":true}]}}