{"id":65659,"date":"2022-08-18T19:31:32","date_gmt":"2022-08-18T17:31:32","guid":{"rendered":"https:\/\/www.havohravo.com\/?post_type=product&#038;p=65659"},"modified":"2026-03-25T08:37:20","modified_gmt":"2026-03-25T07:37:20","slug":"jumppa-pomppa-plum","status":"publish","type":"product","link":"https:\/\/www.havohravo.com\/de\/produkt\/jumppa-pomppa-plum\/","title":{"rendered":"Jumppa Pomppa Plum"},"content":{"rendered":"<div class=\"wpb-content-wrapper\"><p>[vc_row][vc_column][vc_empty_space][\/vc_column][\/vc_row][vc_row type=&#8220;boxed&#8220;][vc_column width=&#8220;1\/2&#8243;][vc_column_text]<\/p>\n<h3>Jumppa Pomppa<\/h3>\n<p>JumppaPomppa ist ein warmer und vielseitiger Pullover f\u00fcr das ganze Jahr. Das obere Teil besteht aus einem antistatischen Fleece und ist aufgrund seiner \u00fcberragenden Flexibilit\u00e4t leicht anzuziehen und angenehm zu tragen. Die untere Seite besteht aus wasserabweisendem Thermotrikot, das sowohl den Bauch als auch die Brust sch\u00fctzt.<\/p>\n<p>Der figurbetonte Pullover liegt auch beim Sprinten perfekt an, verrutscht nicht und sch\u00fctzt effektiv R\u00fccken, Hals, Bauch und Hinterteil des Hundes. JumppaPomppa wird sehr h\u00e4ufig im Training und Hundesport eingesetzt, wo es wichtig ist, die Muskeln des Hundes w\u00e4hrend und zwischen den Leistungen warm zu halten.<\/p>\n<p>JumppaPomppa kann entweder allein als w\u00e4rmende Schicht oder als zus\u00e4tzliche Isolierung unter einem Pomppa-Mantel verwendet werden. Durch die leichten Materialien l\u00e4sst sich JumppaPomppa klein verpacken und problemlos bei allen m\u00f6glichen Abenteuern mitnehmen.[\/vc_column_text][vc_empty_space height=&#8220;24&#8243;][vc_column_text]<\/p>\n<h3>Charakteristik und Vorteile<\/h3>\n<ul>\n<li>Sehr elastisches Material im oberen Bereich<\/li>\n<li>Untere Seite besteht aus Thermotrikot<\/li>\n<li>Liegt auch beim Sprinten an und verrutscht nicht<\/li>\n<li>Sch\u00fctzt ohne die Bewegung einzuschr\u00e4nken<\/li>\n<li>Kein Zip, keine Beinschlaufen, keine Schnallen<\/li>\n<\/ul>\n<p>[\/vc_column_text][vc_empty_space height=&#8220;24&#8243;][\/vc_column][vc_column width=&#8220;1\/2&#8243; offset=&#8220;vc_col-lg-offset-1 vc_col-lg-5 vc_col-sm-offset-0&#8243;][vc_single_image image=&#8220;65745&#8243; img_size=&#8220;full&#8220;][vc_empty_space height=&#8220;24&#8243;][vc_column_text]<\/p>\n<h3>Material<\/h3>\n<ul>\n<li>Obere Teil: 100 % Polyester<\/li>\n<li>Untere Teil: 88 % Polyester, 12 % Elastan<\/li>\n<\/ul>\n<h3>Pflegehinweise<\/h3>\n<p>Waschen bei 30 C<br \/>\nVerwenden Sie keinen Weichsp\u00fcler<br \/>\nNicht im Trockner trocknen<br \/>\nKein B\u00fcgeln<br \/>\nNicht bleichen<br \/>\nMit \u00e4hnlichen Farben waschen[\/vc_column_text][vc_empty_space height=&#8220;24&#8243;][\/vc_column][\/vc_row][vc_row equal_height=&#8220;yes&#8220; content_placement=&#8220;middle&#8220; css=&#8220;.vc_custom_1546260833978{padding-top: 40px !important;padding-bottom: 40px !important;}&#8220;][vc_column width=&#8220;1\/2&#8243;][vc_single_image image=&#8220;20629&#8243; img_size=&#8220;full&#8220;][\/vc_column][vc_column width=&#8220;1\/2&#8243;][vc_column_text]<\/p>\n<h3>Richtige Gr\u00f6\u00dfe bestimmen<\/h3>\n<p>Beim Vermessen sollte der Hund stehen, mit m\u00f6glichst geradem R\u00fccken. Messen sie ohne Zugabe von zus\u00e4tzlichem Freiraum. Falls der Hund sehr viel Fell hat, solltest du es ber\u00fccksichtigen und bisschen zus\u00e4tzlichen Raum bei den Messungen einplanen.[\/vc_column_text][\/vc_column][vc_column][vc_single_image image=&#8220;18664&#8243; img_size=&#8220;full&#8220;][\/vc_column][\/vc_row][vc_row type=&#8220;boxed&#8220;][vc_column][vc_empty_space height=&#8220;64&#8243;][vc_video link=&#8220;https:\/\/youtu.be\/Ewo7P7lkb5Y&#8220; align=&#8220;center&#8220;][vc_empty_space][\/vc_column][\/vc_row]<\/p>\n<\/div>","protected":false},"excerpt":{"rendered":"<p>JumppaPomppa ist ein hochelastischer und vielseitiger Hundepullover. Die Kombination aus weichem Fleece und wasserabweisendem Thermotrikot ist f\u00fcr den ganzj\u00e4hrigen Einsatz geeignet.<\/p>\n","protected":false},"featured_media":65780,"template":"","meta":[],"pwb-brand":[386],"product_cat":[2165,879,881],"product_tag":[1228],"class_list":{"0":"post-65659","1":"product","2":"type-product","3":"status-publish","4":"has-post-thumbnail","6":"pwb-brand-pomppa-de","7":"product_cat-basiclayer-de","8":"product_cat-hundemode","9":"product_cat-mantel-und-jacken","10":"product_tag-ausverkauf","12":"first","13":"instock","14":"sale","15":"taxable","16":"shipping-taxable","17":"purchasable","18":"product-type-variable"},"brands":[{"id":386,"name":"Pomppa","slug":"pomppa-de"}],"_links":{"self":[{"href":"https:\/\/www.havohravo.com\/de\/wp-json\/wp\/v2\/product\/65659","targetHints":{"allow":["GET"]}}],"collection":[{"href":"https:\/\/www.havohravo.com\/de\/wp-json\/wp\/v2\/product"}],"about":[{"href":"https:\/\/www.havohravo.com\/de\/wp-json\/wp\/v2\/types\/product"}],"wp:featuredmedia":[{"embeddable":true,"href":"https:\/\/www.havohravo.com\/de\/wp-json\/wp\/v2\/media\/65780"}],"wp:attachment":[{"href":"https:\/\/www.havohravo.com\/de\/wp-json\/wp\/v2\/media?parent=65659"}],"wp:term":[{"taxonomy":"pwb-brand","embeddable":true,"href":"https:\/\/www.havohravo.com\/de\/wp-json\/wp\/v2\/pwb-brand?post=65659"},{"taxonomy":"product_cat","embeddable":true,"href":"https:\/\/www.havohravo.com\/de\/wp-json\/wp\/v2\/product_cat?post=65659"},{"taxonomy":"product_tag","embeddable":true,"href":"https:\/\/www.havohravo.com\/de\/wp-json\/wp\/v2\/product_tag?post=65659"}],"curies":[{"name":"wp","href":"https:\/\/api.w.org\/{rel}","templated":true}]}}