{"id":65816,"date":"2022-08-18T20:09:12","date_gmt":"2022-08-18T18:09:12","guid":{"rendered":"https:\/\/www.havohravo.com\/?post_type=product&#038;p=65816"},"modified":"2026-03-24T21:09:43","modified_gmt":"2026-03-24T20:09:43","slug":"kevyt-pomppa-graphite","status":"publish","type":"product","link":"https:\/\/www.havohravo.com\/de\/produkt\/kevyt-pomppa-graphite\/","title":{"rendered":"Kevyt Pomppa Graphite"},"content":{"rendered":"<div class=\"wpb-content-wrapper\"><p>[vc_row][vc_column][vc_empty_space][\/vc_column][\/vc_row][vc_row type=&#8220;boxed&#8220;][vc_column width=&#8220;1\/2&#8243;][vc_column_text]<\/p>\n<h3>Kevyt Pomppa<\/h3>\n<p>KevytPomppa ist ein leicht gef\u00fctterter Regenmantel, der den Hund bei der \u00dcbergangszeit trocken und bequem h\u00e4lt. Das wasserdichte und strapazierf\u00e4hige Obermaterial sch\u00fctzt den Hund vor Regen, Wind und Schmutz. Das Futter besteht aus weichem Kunstfell, das effektiv isoliert. Die antistatischen Materialien sorgen daf\u00fcr, dass sich auch das Fell eines langhaarigen Hundes nicht verheddert.<\/p>\n<p>KevytPomppa eignet sich perfekt als \u00dcbergangsmantel f\u00fcr k\u00e4lteempfindliche Hunde und als Wintermantel f\u00fcr k\u00e4ltetolerantere Rassen. Das einzigartige Design sorgt daf\u00fcr, dass der Mantel R\u00fccken, Hals, Bauch und Hinterteil des Hundes sch\u00fctzt, ohne seine nat\u00fcrliche Bewegung einzuschr\u00e4nken. Au\u00dferdem garantiert das schlichte Design eine gute Passform f\u00fcr alle Hundetypen und ist schnell und einfach anzuziehen.<\/p>\n<p>KevytPomppa kann einzeln als Regenmantel verwendet werden, funktioniert aber auch hervorragend als Shell-Jacke \u00fcber einer Thermoschicht wie JumppaPomppa. Durch die leichten Materialien l\u00e4sst sich die Jacke klein verpacken, sodass sie auch auf langen Wanderungen und Ausfl\u00fcgen problemlos mitgenommen werden kann.[\/vc_column_text][vc_empty_space height=&#8220;24&#8243;][vc_column_text]<\/p>\n<h3>Charakteristik und Vorteile<\/h3>\n<ul>\n<li>\u00a0Warmer und leichter Regenmantel<\/li>\n<li>Antistatischer Futterstoff verknotet das Fell nicht<\/li>\n<li>Sch\u00fctzt ohne die Bewegung einzuschr\u00e4nken<\/li>\n<li>Einfaches, aber einzigartiges Design ist einfach anzuziehen<\/li>\n<li>Funktioniert als Shell-Jacke \u00fcber JumppaPomppa<\/li>\n<\/ul>\n<p>[\/vc_column_text][vc_empty_space height=&#8220;24&#8243;][\/vc_column][vc_column width=&#8220;1\/2&#8243; offset=&#8220;vc_col-lg-offset-1 vc_col-lg-5 vc_col-sm-offset-0&#8243;][vc_single_image image=&#8220;40764&#8243; img_size=&#8220;full&#8220;][vc_empty_space height=&#8220;24&#8243;][vc_column_text]<\/p>\n<h3>Material<\/h3>\n<ul>\n<li>Au\u00dfenschicht : 100 % recycled Polyester*<\/li>\n<li>Wassers\u00e4ule Au\u00dfenschicht: 5 000 mm<\/li>\n<li>Das Obermaterial ist wasserabweisend behandelt<\/li>\n<li>Futterstoff: 100 % Polyester<\/li>\n<\/ul>\n<p>*Ab Saison 22-23 besteht der Oberstoff der Pomppa-M\u00e4ntel aus 100 % recyceltem Polyester. Einzelne Produkte aus 100 % reinem Polyester befinden sich noch in unserem Lager, trotzdem sind Optik und Funktionalit\u00e4t der beiden Materialien absolut gleichwertig.<\/p>\n<h3>Pflegehinweise<\/h3>\n<ul>\n<li>Waschen bei 30 C<\/li>\n<li>Verwenden Sie keinen Weichsp\u00fcler<\/li>\n<li>Nicht im Trockner trocknen<\/li>\n<li>Kein B\u00fcgeln<\/li>\n<li>Nicht bleichen<\/li>\n<li>Mit \u00e4hnlichen Farben waschen<\/li>\n<\/ul>\n<p>[\/vc_column_text][vc_empty_space height=&#8220;24&#8243;][\/vc_column][\/vc_row][vc_row equal_height=&#8220;yes&#8220; content_placement=&#8220;middle&#8220; css=&#8220;.vc_custom_1546260833978{padding-top: 40px !important;padding-bottom: 40px !important;}&#8220;][vc_column width=&#8220;1\/2&#8243;][vc_single_image image=&#8220;18667&#8243; img_size=&#8220;full&#8220; alignment=&#8220;center&#8220;][\/vc_column][vc_column width=&#8220;1\/2&#8243;][vc_column_text]<\/p>\n<h3>Richtige Gr\u00f6\u00dfe bestimmen<\/h3>\n<p>Beim Vermessen sollte der Hund stehen, mit m\u00f6glichst geradem R\u00fccken. Messen sie ohne Zugabe von zus\u00e4tzlichem Freiraum. Falls der Hund sehr viel Fell hat, solltest du es ber\u00fccksichtigen und bisschen zus\u00e4tzlichen Raum bei den Messungen einplanen.[\/vc_column_text][\/vc_column][vc_column][vc_single_image image=&#8220;18664&#8243; img_size=&#8220;full&#8220;][\/vc_column][\/vc_row][vc_row type=&#8220;boxed&#8220;][vc_column][vc_empty_space height=&#8220;64&#8243;][vc_video link=&#8220;https:\/\/youtu.be\/mEV22x_ep3Q&#8220; align=&#8220;center&#8220;][vc_empty_space][\/vc_column][\/vc_row]<\/p>\n<\/div>","protected":false},"excerpt":{"rendered":"<p>KevytPomppa ist ein vielseitiger \u00dcbergangsmantel, der den Hund sowohl trocken als auch warm h\u00e4lt. Das wasserdichte Obermaterial und das warme Fellfutter sind die perfekte Wahl f\u00fcr das wechselnde Fr\u00fchlings- und Herbstwetter.<\/p>\n","protected":false},"featured_media":20515,"template":"","meta":[],"pwb-brand":[386],"product_cat":[2164,2166,879,881],"product_tag":[1228],"class_list":{"0":"post-65816","1":"product","2":"type-product","3":"status-publish","4":"has-post-thumbnail","6":"pwb-brand-pomppa-de","7":"product_cat-uebergangsmaentel","8":"product_cat-regenmantel","9":"product_cat-hundemode","10":"product_cat-mantel-und-jacken","11":"product_tag-ausverkauf","13":"first","14":"instock","15":"sale","16":"taxable","17":"shipping-taxable","18":"purchasable","19":"product-type-variable"},"brands":[{"id":386,"name":"Pomppa","slug":"pomppa-de"}],"_links":{"self":[{"href":"https:\/\/www.havohravo.com\/de\/wp-json\/wp\/v2\/product\/65816","targetHints":{"allow":["GET"]}}],"collection":[{"href":"https:\/\/www.havohravo.com\/de\/wp-json\/wp\/v2\/product"}],"about":[{"href":"https:\/\/www.havohravo.com\/de\/wp-json\/wp\/v2\/types\/product"}],"wp:featuredmedia":[{"embeddable":true,"href":"https:\/\/www.havohravo.com\/de\/wp-json\/wp\/v2\/media\/20515"}],"wp:attachment":[{"href":"https:\/\/www.havohravo.com\/de\/wp-json\/wp\/v2\/media?parent=65816"}],"wp:term":[{"taxonomy":"pwb-brand","embeddable":true,"href":"https:\/\/www.havohravo.com\/de\/wp-json\/wp\/v2\/pwb-brand?post=65816"},{"taxonomy":"product_cat","embeddable":true,"href":"https:\/\/www.havohravo.com\/de\/wp-json\/wp\/v2\/product_cat?post=65816"},{"taxonomy":"product_tag","embeddable":true,"href":"https:\/\/www.havohravo.com\/de\/wp-json\/wp\/v2\/product_tag?post=65816"}],"curies":[{"name":"wp","href":"https:\/\/api.w.org\/{rel}","templated":true}]}}