{"id":6662,"date":"2018-12-30T12:18:54","date_gmt":"2018-12-30T11:18:54","guid":{"rendered":"https:\/\/www.havohravo.com\/product\/tuggy-basic-chuckit-strato-ball-kurze-version\/"},"modified":"2022-03-24T21:24:40","modified_gmt":"2022-03-24T20:24:40","slug":"tuggy-basic-chuckit-strato-ball","status":"publish","type":"product","link":"https:\/\/www.havohravo.com\/de\/produkt\/tuggy-basic-chuckit-strato-ball\/","title":{"rendered":"Tuggy Basic Chuckit Strato Ball"},"content":{"rendered":"<div class=\"wpb-content-wrapper\"><p>[vc_row][vc_column][vc_empty_space][\/vc_column][\/vc_row][vc_row][vc_column width=&#8220;2\/3&#8243; offset=&#8220;vc_col-sm-offset-2 vc_col-xs-12&#8243;][vc_column_text]<\/p>\n<h3>Tuggy Basic &amp; Chuckit Strato Ball<\/h3>\n<p>Zerspielzeug f\u00fcr Hunde, die\u00a0 B\u00e4lle lieben!<br \/>\nIntegrierter R\u00fcckd\u00e4mpfer schont die Wirbels\u00e4ule vom Hund als auch Mensch beim abrupten Zug.<\/p>\n<p>Das Zerspielzeug besteht aus havohravo\u00ae Tuggy-Griff\u00a0 und Hundespielzeug von hoher Qualit\u00e4t vom Chuckit!. Das Spielzeug dient zum aktiven Spiel zwischen dem Hundef\u00fchrer und dem Hund. Lassen sie den Hund nicht unbeaufsichtig damit spielen.<\/p>\n<p>Das Produktbild dient nur zu den Illustrationszwecken. Farben vom Griff\u00a0 werden durch Zufall kombiniert. Falls du dir eine bestimmte Farbkombination w\u00fcnschen solltest, notiere es bitte bei Bestellungsprozess.<\/p>\n<p><strong>Gesamtl\u00e4nge<\/strong>:<br \/>\nKurze Version: ca. 30 cm<br \/>\nStandardversion: ca. 45 cm<\/p>\n<p><strong>Ballgr\u00f6\u00dfe<\/strong>: 6,5 cm<\/p>\n<p>Dieses Produkt kann man in Waschmaschine auf 30\u00b0C waschen.[\/vc_column_text][vc_empty_space height=&#8220;32&#8243;][\/vc_column][\/vc_row]<\/p>\n<\/div>","protected":false},"excerpt":{"rendered":"<p>Zerspielzeug f\u00fcr Hunde, die\u00a0 B\u00e4lle lieben!<\/p>\n","protected":false},"featured_media":12571,"template":"","meta":[],"pwb-brand":[374],"product_cat":[866,870],"product_tag":[],"class_list":{"0":"post-6662","1":"product","2":"type-product","3":"status-publish","4":"has-post-thumbnail","6":"pwb-brand-havohravo-de","7":"product_cat-hundespielzeug","8":"product_cat-spielzeug-mit-tuggy-griff","10":"first","11":"instock","12":"taxable","13":"shipping-taxable","14":"purchasable","15":"product-type-variable"},"brands":[{"id":374,"name":"havohravo","slug":"havohravo-de"}],"_links":{"self":[{"href":"https:\/\/www.havohravo.com\/de\/wp-json\/wp\/v2\/product\/6662","targetHints":{"allow":["GET"]}}],"collection":[{"href":"https:\/\/www.havohravo.com\/de\/wp-json\/wp\/v2\/product"}],"about":[{"href":"https:\/\/www.havohravo.com\/de\/wp-json\/wp\/v2\/types\/product"}],"wp:featuredmedia":[{"embeddable":true,"href":"https:\/\/www.havohravo.com\/de\/wp-json\/wp\/v2\/media\/12571"}],"wp:attachment":[{"href":"https:\/\/www.havohravo.com\/de\/wp-json\/wp\/v2\/media?parent=6662"}],"wp:term":[{"taxonomy":"pwb-brand","embeddable":true,"href":"https:\/\/www.havohravo.com\/de\/wp-json\/wp\/v2\/pwb-brand?post=6662"},{"taxonomy":"product_cat","embeddable":true,"href":"https:\/\/www.havohravo.com\/de\/wp-json\/wp\/v2\/product_cat?post=6662"},{"taxonomy":"product_tag","embeddable":true,"href":"https:\/\/www.havohravo.com\/de\/wp-json\/wp\/v2\/product_tag?post=6662"}],"curies":[{"name":"wp","href":"https:\/\/api.w.org\/{rel}","templated":true}]}}