{"id":6809,"date":"2018-12-25T19:07:11","date_gmt":"2018-12-25T18:07:11","guid":{"rendered":"https:\/\/www.havohravo.com\/product\/tuggy-anemone-hol-ee-roller-small-standard-version\/"},"modified":"2022-03-22T12:36:32","modified_gmt":"2022-03-22T11:36:32","slug":"tuggy-anemone-hol-ee-roller","status":"publish","type":"product","link":"https:\/\/www.havohravo.com\/de\/produkt\/tuggy-anemone-hol-ee-roller\/","title":{"rendered":"Tuggy Anemone &#038; Hol-EE-Roller"},"content":{"rendered":"<div class=\"wpb-content-wrapper\"><p>[vc_row][vc_column][vc_empty_space][\/vc_column][\/vc_row][vc_row][vc_column width=&#8220;2\/3&#8243; offset=&#8220;vc_col-sm-offset-2 vc_col-xs-12&#8243;][vc_column_text]<\/p>\n<h3>Tuggy Anemone &amp; Hol-EE-Roller<\/h3>\n<p>Zerspielzeug f\u00fcr Hunde, die\u00a0 kuscheliges Spielzeug und B\u00e4lle lieben!<br \/>\nIntegrierter R\u00fcckd\u00e4mpfer schont die Wirbels\u00e4ule vom Hund als auch Mensch beim abrupten Zug.<\/p>\n<p>Das Zerspielzeug besteht aus havohravo\u00ae Tuggy-Griff , Chenille-Stoff und Hundespielzeug von hoher Qualit\u00e4t vom JW Pet. Das Spielzeug dient zum aktiven Spiel zwischen dem Hundef\u00fchrer und dem Hund. Lassen sie den Hund nicht unbeaufsichtig damit spielen.<\/p>\n<p>Das Produktbild dient nur zu den Illustrationszwecken. Farben vom Griff und den \u2018Anemone\u2019 Zwischenst\u00fcck werden durch Zufall kombiniert. Falls du dir eine bestimmte Farbkombination w\u00fcnschen solltest, notiere es bitte bei Bestellungsprozess.<\/p>\n<p><strong>Gesamtl\u00e4nge<\/strong>:<br \/>\nKurze Version: ca. 50 cm<br \/>\nStandardversion: ca. 65 cm<\/p>\n<p><strong>Ballgr\u00f6\u00dfe<\/strong>:<br \/>\nXS: 5 cm<br \/>\nS: 8 cm<\/p>\n<p>Dieses Produkt kann man in Waschmaschine auf 30\u00b0C waschen.[\/vc_column_text][vc_empty_space height=&#8220;32&#8243;][\/vc_column][\/vc_row]<\/p>\n<\/div>","protected":false},"excerpt":{"rendered":"<p>Zerrspielzeug f\u00fcr Hunde, die\u00a0 kuscheliges Spielzeug und B\u00e4lle lieben!<\/p>\n","protected":false},"featured_media":61825,"template":"","meta":[],"pwb-brand":[374],"product_cat":[866,870],"product_tag":[917],"class_list":{"0":"post-6809","1":"product","2":"type-product","3":"status-publish","4":"has-post-thumbnail","6":"pwb-brand-havohravo-de","7":"product_cat-hundespielzeug","8":"product_cat-spielzeug-mit-tuggy-griff","9":"product_tag-anemone-de","11":"first","12":"instock","13":"taxable","14":"shipping-taxable","15":"purchasable","16":"product-type-variable"},"brands":[{"id":374,"name":"havohravo","slug":"havohravo-de"}],"_links":{"self":[{"href":"https:\/\/www.havohravo.com\/de\/wp-json\/wp\/v2\/product\/6809","targetHints":{"allow":["GET"]}}],"collection":[{"href":"https:\/\/www.havohravo.com\/de\/wp-json\/wp\/v2\/product"}],"about":[{"href":"https:\/\/www.havohravo.com\/de\/wp-json\/wp\/v2\/types\/product"}],"wp:featuredmedia":[{"embeddable":true,"href":"https:\/\/www.havohravo.com\/de\/wp-json\/wp\/v2\/media\/61825"}],"wp:attachment":[{"href":"https:\/\/www.havohravo.com\/de\/wp-json\/wp\/v2\/media?parent=6809"}],"wp:term":[{"taxonomy":"pwb-brand","embeddable":true,"href":"https:\/\/www.havohravo.com\/de\/wp-json\/wp\/v2\/pwb-brand?post=6809"},{"taxonomy":"product_cat","embeddable":true,"href":"https:\/\/www.havohravo.com\/de\/wp-json\/wp\/v2\/product_cat?post=6809"},{"taxonomy":"product_tag","embeddable":true,"href":"https:\/\/www.havohravo.com\/de\/wp-json\/wp\/v2\/product_tag?post=6809"}],"curies":[{"name":"wp","href":"https:\/\/api.w.org\/{rel}","templated":true}]}}