{"id":69436,"date":"2023-02-08T13:33:05","date_gmt":"2023-02-08T12:33:05","guid":{"rendered":"https:\/\/www.havohravo.com\/?post_type=product&#038;p=69436"},"modified":"2026-01-23T12:31:39","modified_gmt":"2026-01-23T11:31:39","slug":"eule","status":"publish","type":"product","link":"https:\/\/www.havohravo.com\/de\/produkt\/eule\/","title":{"rendered":"Eule"},"content":{"rendered":"<div class=\"wpb-content-wrapper\"><p>[vc_row][vc_column][vc_empty_space][\/vc_column][\/vc_row][vc_row][vc_column width=&#8220;2\/3&#8243; offset=&#8220;vc_col-sm-offset-2 vc_col-xs-12&#8243;][vc_column_text]<\/p>\n<h3>Eule<\/h3>\n<p>Eine Pl\u00fcsch-Eule fliegt deinem Hund hinterher und es wird mit ihr Spa\u00df machen. Das Motivationsspielzeug kann als Best\u00e4tigung verwendet werden und wird gro\u00dfe und mittelgro\u00dfe Hunde begeistern. Hunde lieben ihn nicht nur wegen seines weichen Pl\u00fcschs, sondern auch wegen des im Eulenk\u00f6rper versteckten Quietschies. Das Pl\u00fcschtier f\u00fcr Hunde enth\u00e4lt nur eine minimale Menge an Hohlfaserf\u00fcllung, so dass es den Hund nicht dazu animiert, die F\u00fcllung herauszurei\u00dfen und schlimmes anzustellen.<\/p>\n<p>Inklusive 1 Quietscher.<\/p>\n<p>Es ist f\u00fcr das aktive Spiel zwischen dem Hundef\u00fchrer und seinem Hund konzipiert. Lass den Hund mit dem Spielzeug nicht unbeaufsichtigt. Nimm das Spielzeug weg, wenn es besch\u00e4digt ist. Nicht f\u00fcr Kinder bestimmt.<\/p>\n<h4>Gr\u00f6\u00dfe:<\/h4>\n<p>H\u00f6he ca 22 cm<\/p>\n<p>Breite ca 10\u201312 cm + Fl\u00fcgel ca 12 cm<\/p>\n<h4>Material<\/h4>\n<p>100 % polyester[\/vc_column_text][vc_empty_space height=&#8220;32&#8243;][\/vc_column][\/vc_row]<\/p>\n<\/div>","protected":false},"excerpt":{"rendered":"<p>Perfekte Belohnung f\u00fcr gro\u00dfe und mittelgro\u00dfe Hunde!<\/p>\n","protected":false},"featured_media":68594,"template":"","meta":[],"pwb-brand":[1009],"product_cat":[1178,866],"product_tag":[1179],"class_list":{"0":"post-69436","1":"product","2":"type-product","3":"status-publish","4":"has-post-thumbnail","6":"pwb-brand-piskacipotvurky","7":"product_cat-pluschtierchen","8":"product_cat-hundespielzeug","9":"product_tag-quitschi","11":"first","12":"instock","13":"featured","14":"taxable","15":"shipping-taxable","16":"purchasable","17":"product-type-variable"},"brands":[{"id":1009,"name":"Piskaci Potvurky","slug":"piskacipotvurky"}],"_links":{"self":[{"href":"https:\/\/www.havohravo.com\/de\/wp-json\/wp\/v2\/product\/69436","targetHints":{"allow":["GET"]}}],"collection":[{"href":"https:\/\/www.havohravo.com\/de\/wp-json\/wp\/v2\/product"}],"about":[{"href":"https:\/\/www.havohravo.com\/de\/wp-json\/wp\/v2\/types\/product"}],"wp:featuredmedia":[{"embeddable":true,"href":"https:\/\/www.havohravo.com\/de\/wp-json\/wp\/v2\/media\/68594"}],"wp:attachment":[{"href":"https:\/\/www.havohravo.com\/de\/wp-json\/wp\/v2\/media?parent=69436"}],"wp:term":[{"taxonomy":"pwb-brand","embeddable":true,"href":"https:\/\/www.havohravo.com\/de\/wp-json\/wp\/v2\/pwb-brand?post=69436"},{"taxonomy":"product_cat","embeddable":true,"href":"https:\/\/www.havohravo.com\/de\/wp-json\/wp\/v2\/product_cat?post=69436"},{"taxonomy":"product_tag","embeddable":true,"href":"https:\/\/www.havohravo.com\/de\/wp-json\/wp\/v2\/product_tag?post=69436"}],"curies":[{"name":"wp","href":"https:\/\/api.w.org\/{rel}","templated":true}]}}