{"id":70958,"date":"2023-04-02T10:12:43","date_gmt":"2023-04-02T08:12:43","guid":{"rendered":"https:\/\/www.havohravo.com\/?post_type=product&#038;p=70958"},"modified":"2025-09-23T22:01:33","modified_gmt":"2025-09-23T20:01:33","slug":"dc-dog-walker-hoodie","status":"publish","type":"product","link":"https:\/\/www.havohravo.com\/de\/produkt\/dc-dog-walker-hoodie\/","title":{"rendered":"Unisex Hoodie 2.0"},"content":{"rendered":"<div class=\"wpb-content-wrapper\"><p>[vc_row][vc_column][vc_empty_space][\/vc_column][\/vc_row][vc_row][vc_column width=&#8220;1\/2&#8243;][vc_column_text]Superweicher Hoodie mit Rei\u00dfverschluss und perfekter Passform. Er hat ein wenig mehr L\u00e4nge und die 10 bekannten DogCoach-Funktionen. Bequem,\u00a0elastisch und mit gro\u00dfer Kapuze. Perfekt f\u00fcr den Alltag und den Hundeplatz.<br \/>\nDies ist ein Damenmodell, ist jedoch auch f\u00fcr Herren geeignet.<\/p>\n<h3>Charakteristik<\/h3>\n<ul>\n<li>Gro\u00dfe R\u00fcckentasche mit Rei\u00dfverschl\u00fcssen f\u00fcr Spielzeug und Zubeh\u00f6r<\/li>\n<li>Kommt mit einem waschbaren Leckerlibeutel<\/li>\n<li>Seitentaschen<\/li>\n<li>D-Ringe an beiden \u00c4rmeln f\u00fcr einen Clicker<\/li>\n<li>Im Kragen integrierter Quietscher f\u00fcr den Notfall R\u00fcckruf<\/li>\n<li>100 % PFAS-frei<\/li>\n<li>100% frei von tierischen Produkten<\/li>\n<\/ul>\n<p>[\/vc_column_text][vc_empty_space height=&#8220;32&#8243;][vc_column_text]<\/p>\n<h3>Produktion mit Sorgfalt<\/h3>\n<p>Dogcoach achten sehr darauf, weniger Plastikverpackungen zu verwenden. Daher kommen Deine DogCoach Produkte stets mit einem praktischen Baumwoll-Beutel an, der sp\u00e4ter anderweitig verwendet werden kann.<\/p>\n<p><strong>Gr\u00f6\u00dfe &amp;\u00a0Farben<\/strong><br \/>\nXS-4XL in 3 Farben (Beetle, schwarz &amp; orange)[\/vc_column_text][vc_empty_space height=&#8220;32&#8243;][vc_single_image image=&#8220;70976&#8243; img_size=&#8220;full&#8220;][\/vc_column][vc_column width=&#8220;5\/12&#8243; offset=&#8220;vc_col-sm-offset-1&#8243;][vc_column_text]<\/p>\n<h3>So findest Du die perfekte Gr\u00f6\u00dfe<\/h3>\n<p>Ein Style, der perfekt zu\u00a0Dir\u00a0passt, gibt\u00a0Dir\u00a0auch ein tolles Gef\u00fchl. Um sicherzustellen, dass Du immer die beste Passform erh\u00e4ltst, verwende\u00a0doch gerne unsere praktische und einfache Gr\u00f6\u00dfentabelle. Wenn Du Fragen haben solltest oder Beratung ben\u00f6tigst, hilft Dir unser Kundenservice gerne weiter.<\/p>\n<h3>Richtig Ma\u00df nehmen:<\/h3>\n<ol>\n<li><strong>Brust:<\/strong>\u00a0Messe mit einem Ma\u00dfband um Deine Schulterbl\u00e4tter herum und um die\u00a0weiteste Stelle Deiner Brust.<\/li>\n<li><strong>Taille:<\/strong>\u00a0Messen Deinen Taillenumfang. Dieser liegt wird in der Regel einen Zentimeter \u00fcber dem Bauchnabel gemessen.<\/li>\n<li><strong>H\u00fcfte:<\/strong>\u00a0Stellen\u00a0Deine F\u00fc\u00dfe aneinander und miss um die breiteste Stelle oben an der H\u00fcfte. Verwenden nun einfach diese Ma\u00dfe, um Deine Gr\u00f6\u00dfe in der Tabelle zu finden.<\/li>\n<\/ol>\n<p>Bitte beachten, dass die\u00a0<strong>L\u00e4nge<\/strong>\u00a0des Jumpsuits auf den Produktma\u00dfen basiert \u2013 nicht auf Deinen K\u00f6rperma\u00dfen.[\/vc_column_text][vc_empty_space height=&#8220;24&#8243;][vc_single_image image=&#8220;66993&#8243; img_size=&#8220;full&#8220;][\/vc_column][\/vc_row]<\/p>\n<\/div>","protected":false},"excerpt":{"rendered":"<p>Der Dog Walker Hoodie, den du nie wieder ausziehen m\u00f6chtest!<\/p>\n","protected":false},"featured_media":89821,"template":"","meta":[],"pwb-brand":[1998],"product_cat":[1708,861,887],"product_tag":[],"class_list":{"0":"post-70958","1":"product","2":"type-product","3":"status-publish","4":"has-post-thumbnail","6":"pwb-brand-dogcoach-de","7":"product_cat-hoodies_pullover","8":"product_cat-fur-menschen","9":"product_cat-bekleidung","11":"first","12":"onbackorder","13":"featured","14":"taxable","15":"shipping-taxable","16":"purchasable","17":"product-type-variable"},"brands":[{"id":1998,"name":"Dogcoach","slug":"dogcoach-de"}],"_links":{"self":[{"href":"https:\/\/www.havohravo.com\/de\/wp-json\/wp\/v2\/product\/70958","targetHints":{"allow":["GET"]}}],"collection":[{"href":"https:\/\/www.havohravo.com\/de\/wp-json\/wp\/v2\/product"}],"about":[{"href":"https:\/\/www.havohravo.com\/de\/wp-json\/wp\/v2\/types\/product"}],"wp:featuredmedia":[{"embeddable":true,"href":"https:\/\/www.havohravo.com\/de\/wp-json\/wp\/v2\/media\/89821"}],"wp:attachment":[{"href":"https:\/\/www.havohravo.com\/de\/wp-json\/wp\/v2\/media?parent=70958"}],"wp:term":[{"taxonomy":"pwb-brand","embeddable":true,"href":"https:\/\/www.havohravo.com\/de\/wp-json\/wp\/v2\/pwb-brand?post=70958"},{"taxonomy":"product_cat","embeddable":true,"href":"https:\/\/www.havohravo.com\/de\/wp-json\/wp\/v2\/product_cat?post=70958"},{"taxonomy":"product_tag","embeddable":true,"href":"https:\/\/www.havohravo.com\/de\/wp-json\/wp\/v2\/product_tag?post=70958"}],"curies":[{"name":"wp","href":"https:\/\/api.w.org\/{rel}","templated":true}]}}