{"id":71704,"date":"2023-04-03T17:55:08","date_gmt":"2023-04-03T15:55:08","guid":{"rendered":"https:\/\/www.havohravo.com\/?post_type=product&#038;p=71704"},"modified":"2023-05-03T09:38:58","modified_gmt":"2023-05-03T07:38:58","slug":"dryup-cape-hundebademantel-lavendel","status":"publish","type":"product","link":"https:\/\/www.havohravo.com\/de\/produkt\/dryup-cape-hundebademantel-lavendel\/","title":{"rendered":"DryUp Cape &#8211; Hundebademantel Lavendel"},"content":{"rendered":"<div class=\"wpb-content-wrapper\"><p>[vc_row][vc_column][vc_empty_space][\/vc_column][\/vc_row][vc_row type=&#8220;boxed&#8220;][vc_column width=&#8220;1\/2&#8243;][vc_column_text]<\/p>\n<h3>Hundebademantel DryUp Cape<\/h3>\n<p>DRYUP CAPE Bademantel ist perfekt f\u00fcrs Trocknen vom Fell des Hundes nach einem Spaziergang im Regen, nach dem Schwimmen oder Duschen \u2013 schnell und einfach ohne Rubbeln!<\/p>\n<p>Das Auto, das Wohnmobil oder die Wohnung bleibt trocken und sauber. DRYUP CAPE bindet nicht nur die Feuchtigkeit, sondern auch den Schmutz vom Fell. Dieser Schmutz bleibt somit nicht am Boden liegen und man kann es aus dem trockenen Cape einfach aussch\u00fctteln. Der Hund kann sich \u00fcberall hinlegen und nichts wird nass oder schmutzig![\/vc_column_text][vc_empty_space height=&#8220;24&#8243;][vc_column_text]<\/p>\n<h3>Wie wird das Cape getragen?<\/h3>\n<p>Den Bademantel dem Hund einfach \u00fcber den Kopf und weiter \u00fcber den R\u00fccken ziehen. Die Rute durch den Loch im hinteren Bereich durchf\u00e4deln. Den Bauchlatz zwischen die Vorderbeine durchziehn und mit Steckschnalle auf dem R\u00fccken befestigen. Es deckt sch\u00f6n das ganze Brustkorb und Bauch und ist \u00a0individuell einstellbar. Der Rollkragen erm\u00f6glicht auch eine Trocknung des Halses oder kann als Kapuze genutzt werden.<\/p>\n<h3>Waschanleitung<\/h3>\n<p>Bei 30 Grad maschinenwaschbar.<br \/>\nKeinen Weichsp\u00fcler verwenden![\/vc_column_text][vc_empty_space height=&#8220;24&#8243;][\/vc_column][vc_column width=&#8220;1\/2&#8243; offset=&#8220;vc_col-lg-offset-1 vc_col-lg-5 vc_col-sm-offset-0&#8243;][vc_single_image image=&#8220;71718&#8243; img_size=&#8220;full&#8220;][vc_empty_space height=&#8220;24&#8243;][vc_column_text]<\/p>\n<h3>Wie wird das Cape getragen?<\/h3>\n<p>Den Bademantel dem Hund einfach \u00fcber den Kopf und weiter \u00fcber den R\u00fccken ziehen. Die Rute durch den Loch im hinteren Bereich durchf\u00e4deln. Den Bauchlatz zwischen die Vorderbeine durchziehn und mit Steckschnalle auf dem R\u00fccken befestigen. Es deckt sch\u00f6n das ganze Brustkorb und Bauch und ist \u00a0individuell einstellbar. Der Rollkragen erm\u00f6glicht auch eine Trocknung des Halses oder kann als Kapuze genutzt werden.<\/p>\n<h3>Waschanleitung<\/h3>\n<p>Bei 30 Grad maschinenwaschbar.<br \/>\nKeinen Weichsp\u00fcler verwenden![\/vc_column_text][vc_empty_space height=&#8220;24&#8243;][\/vc_column][\/vc_row][vc_row equal_height=&#8220;yes&#8220; content_placement=&#8220;middle&#8220; css=&#8220;.vc_custom_1546260833978{padding-top: 40px !important;padding-bottom: 40px !important;}&#8220;][vc_column width=&#8220;1\/2&#8243;][vc_single_image image=&#8220;33229&#8243; img_size=&#8220;full&#8220;][\/vc_column][vc_column width=&#8220;1\/2&#8243;][vc_column_text]<\/p>\n<h3>Richtige Gr\u00f6\u00dfe bestimmen<\/h3>\n<p>Beim Vermessen sollte der Hund stehen, mit m\u00f6glichst geradem R\u00fccken. Messen sie ohne Zugabe von zus\u00e4tzlichem Freiraum. Messe die R\u00fcckenl\u00e4nge vom Hals bis zum Ende von R\u00fccken \u2013 nicht nur bis zum Rutenansatz, sondern dar\u00fcber hinaus bis zum R\u00fcckende. Liegt der Hund zwischen 2 Gr\u00f6\u00dfen, w\u00e4hle die n\u00e4chste gr\u00f6\u00dfere Gr\u00f6\u00dfe.<\/p>\n<p>Mini:<br \/>\n30, 35, 40, 45<br \/>\nXS = 48 cm<br \/>\nS = 56 cm<br \/>\nM = 60 cm<br \/>\nL = 65 cm<br \/>\nXL = 70 cm<br \/>\nXXL = 74 cm[\/vc_column_text][\/vc_column][\/vc_row][vc_row type=&#8220;boxed&#8220;][vc_column][vc_empty_space height=&#8220;64&#8243;][vc_video link=&#8220;https:\/\/youtu.be\/tnW6GeDqreo&#8220; align=&#8220;center&#8220;][vc_empty_space][\/vc_column][\/vc_row]<\/p>\n<\/div>","protected":false},"excerpt":{"rendered":"<p>Das Original DRYUP CAPE besteht aus 100% Baumwoll-Frottee. Perfekt f\u00fcr das geheizte Haus oder f\u00fcr\u00b4s warme Auto!<\/p>\n","protected":false},"featured_media":71716,"template":"","meta":[],"pwb-brand":[1362],"product_cat":[1360,879],"product_tag":[],"class_list":{"0":"post-71704","1":"product","2":"type-product","3":"status-publish","4":"has-post-thumbnail","6":"pwb-brand-actionfactory-de","7":"product_cat-hundebademantel","8":"product_cat-hundemode","10":"first","11":"instock","12":"taxable","13":"shipping-taxable","14":"purchasable","15":"product-type-variable"},"brands":[{"id":1362,"name":"Actionfactory","slug":"actionfactory-de"}],"_links":{"self":[{"href":"https:\/\/www.havohravo.com\/de\/wp-json\/wp\/v2\/product\/71704","targetHints":{"allow":["GET"]}}],"collection":[{"href":"https:\/\/www.havohravo.com\/de\/wp-json\/wp\/v2\/product"}],"about":[{"href":"https:\/\/www.havohravo.com\/de\/wp-json\/wp\/v2\/types\/product"}],"wp:featuredmedia":[{"embeddable":true,"href":"https:\/\/www.havohravo.com\/de\/wp-json\/wp\/v2\/media\/71716"}],"wp:attachment":[{"href":"https:\/\/www.havohravo.com\/de\/wp-json\/wp\/v2\/media?parent=71704"}],"wp:term":[{"taxonomy":"pwb-brand","embeddable":true,"href":"https:\/\/www.havohravo.com\/de\/wp-json\/wp\/v2\/pwb-brand?post=71704"},{"taxonomy":"product_cat","embeddable":true,"href":"https:\/\/www.havohravo.com\/de\/wp-json\/wp\/v2\/product_cat?post=71704"},{"taxonomy":"product_tag","embeddable":true,"href":"https:\/\/www.havohravo.com\/de\/wp-json\/wp\/v2\/product_tag?post=71704"}],"curies":[{"name":"wp","href":"https:\/\/api.w.org\/{rel}","templated":true}]}}