{"id":72065,"date":"2023-04-15T10:20:08","date_gmt":"2023-04-15T08:20:08","guid":{"rendered":"https:\/\/www.havohravo.com\/?post_type=product&#038;p=72065"},"modified":"2023-04-16T23:14:06","modified_gmt":"2023-04-16T21:14:06","slug":"bungee-leash-blau","status":"publish","type":"product","link":"https:\/\/www.havohravo.com\/de\/produkt\/bungee-leash-blau\/","title":{"rendered":"Bungee Leash Blau"},"content":{"rendered":"<div class=\"wpb-content-wrapper\"><p>[vc_row][vc_column][vc_empty_space][\/vc_column][\/vc_row][vc_row][vc_column width=&#8220;1\/2&#8243;][vc_column_text]<\/p>\n<h3 style=\"font-weight: 400;\">Bungee Leine Blau<\/h3>\n<p style=\"font-weight: 400;\">Die Bungee Leash Blue verf\u00fcgt \u00fcber einen robusten Karabiner mit Twist and Lock-System gegen versehentliches L\u00f6sen des Hakens &#8211; Rennkonform.<\/p>\n<p style=\"font-weight: 400;\">Die Bungee Leash ist aus einem elastischen Kernmaterial mit einer robusten Au\u00dfenschicht hergestellt. Es handelt sich um eine Voll-Bungee-Leine in ihrer gesamten L\u00e4nge, so dass sie bei stark Zug-motivierten Hunden ein abruptes Ziehen verhindert. Andererseits verf\u00fcgt es \u00fcber keinen &#8222;stabilen&#8220; Teil des Gurtbandes, an dem du die Leine schnell greifen kannst, wenn du den Hund korrigieren ben\u00f6tigst.<\/p>\n<p style=\"font-weight: 400;\">Die 2 Meter lange Version ist perfekt f\u00fcr Canicross, Trekking oder Spazierg\u00e4nge mit dem Hund, w\u00e4hrend die 2,8 Meter lange Leine perfekt f\u00fcr Bikej\u00f6ring, Scooterj\u00f6ring, Skij\u00f6ring und f\u00fcr alle Sportarten ist, die eine l\u00e4ngere Leine erfordern.<\/p>\n<p>[\/vc_column_text][vc_empty_space height=&#8220;24&#8243;][\/vc_column][vc_column width=&#8220;5\/12&#8243; offset=&#8220;vc_col-sm-offset-1&#8243;][vc_column_text]<\/p>\n<h3>Charakteristik<\/h3>\n<table>\n<tbody>\n<tr>\n<td width=\"301\"><strong>Modell der Leine:<\/strong><\/td>\n<td width=\"301\">Full-Bungee Leine<\/td>\n<\/tr>\n<tr>\n<td width=\"301\"><strong>R\u00fcckd\u00e4mpfer:<\/strong><\/td>\n<td width=\"301\">Stark, ideal f\u00fcr zugmotivierte Hunde (nicht geeignet f\u00fcr kleine oder sensible Hunde)<\/td>\n<\/tr>\n<tr>\n<td width=\"301\"><strong>Karabiner:<\/strong><\/td>\n<td width=\"301\">Aluminium mit Twist-Lock<\/td>\n<\/tr>\n<tr>\n<td width=\"301\"><strong>L\u00e4nge:<\/strong><\/td>\n<td width=\"301\">2 m (1,15 m nicht ausgezogen) oder 2,8 m (1,65 m nicht ausgezogen), nicht verstellbar<\/td>\n<\/tr>\n<tr>\n<td width=\"301\"><strong>Breite:<\/strong><\/td>\n<td width=\"301\">20 mm<\/td>\n<\/tr>\n<tr>\n<td width=\"301\"><strong>Kurzf\u00fchrer-Schlaufe beim Hund:<\/strong><\/td>\n<td width=\"301\">Nein<\/td>\n<\/tr>\n<tr>\n<td width=\"301\"><strong>Griff:<\/strong><\/td>\n<td width=\"301\">Ja, nicht gepolstert<\/td>\n<\/tr>\n<\/tbody>\n<\/table>\n<p>[\/vc_column_text][vc_empty_space height=&#8220;32&#8243;][\/vc_column][\/vc_row]<\/p>\n<\/div>","protected":false},"excerpt":{"rendered":"<p>Full Bungee Leash verf\u00fcgbar in zwei L\u00e4ngen<\/p>\n","protected":false},"featured_media":72071,"template":"","meta":[],"pwb-brand":[378],"product_cat":[1681,879,860],"product_tag":[],"class_list":{"0":"post-72065","1":"product","2":"type-product","3":"status-publish","4":"has-post-thumbnail","6":"pwb-brand-non-stop-dogwear-de","7":"product_cat-mit-rueckdaempfer","8":"product_cat-hundemode","9":"product_cat-leinen","11":"first","12":"instock","13":"featured","14":"taxable","15":"shipping-taxable","16":"purchasable","17":"product-type-variable"},"brands":[{"id":378,"name":"Non-Stop Dogwear","slug":"non-stop-dogwear-de"}],"_links":{"self":[{"href":"https:\/\/www.havohravo.com\/de\/wp-json\/wp\/v2\/product\/72065","targetHints":{"allow":["GET"]}}],"collection":[{"href":"https:\/\/www.havohravo.com\/de\/wp-json\/wp\/v2\/product"}],"about":[{"href":"https:\/\/www.havohravo.com\/de\/wp-json\/wp\/v2\/types\/product"}],"wp:featuredmedia":[{"embeddable":true,"href":"https:\/\/www.havohravo.com\/de\/wp-json\/wp\/v2\/media\/72071"}],"wp:attachment":[{"href":"https:\/\/www.havohravo.com\/de\/wp-json\/wp\/v2\/media?parent=72065"}],"wp:term":[{"taxonomy":"pwb-brand","embeddable":true,"href":"https:\/\/www.havohravo.com\/de\/wp-json\/wp\/v2\/pwb-brand?post=72065"},{"taxonomy":"product_cat","embeddable":true,"href":"https:\/\/www.havohravo.com\/de\/wp-json\/wp\/v2\/product_cat?post=72065"},{"taxonomy":"product_tag","embeddable":true,"href":"https:\/\/www.havohravo.com\/de\/wp-json\/wp\/v2\/product_tag?post=72065"}],"curies":[{"name":"wp","href":"https:\/\/api.w.org\/{rel}","templated":true}]}}