{"id":72197,"date":"2023-04-24T20:13:53","date_gmt":"2023-04-24T18:13:53","guid":{"rendered":"https:\/\/www.havohravo.com\/?post_type=product&#038;p=72197"},"modified":"2023-05-05T08:50:09","modified_gmt":"2023-05-05T06:50:09","slug":"qwizl-spielzeug","status":"publish","type":"product","link":"https:\/\/www.havohravo.com\/de\/produkt\/qwizl-spielzeug\/","title":{"rendered":"Qwizl Spielzeug"},"content":{"rendered":"<div class=\"wpb-content-wrapper\"><p>[vc_row][vc_column][vc_column_text]<\/p>\n<h3>Qwizl\u00ae Spielzeug<\/h3>\n<p>Qwizl ist eine superstabil bef\u00fcllbares Spielzeug. Seitliche \u00d6ffnungen geben Duft und Geschmack frei. Flexible Rillen halten Leckerlis in verschiedenen Gr\u00f6\u00dfen fest. Kann von Hunden leicht mit den Pfoten festgehalten werden.<\/p>\n<div class=\"wpb_text_column wpb_content_element \">\n<div class=\"wpb_wrapper\">\n<p>Das Leckerlispender-Puzzle regt das Schn\u00fcffel- und Leckverhalten an. Passt gut f\u00fcr Ochsenziemer-Sticks, Dentalknochen, Nussbutter, Trockenfutter, cremigen Leckerlis, K\u00e4sest\u00fcckchen, zerdr\u00fcckter Banane, Hundekekse und mehr.<\/p>\n<p>Bei richtiger Anwendung\u00a0<strong>reduziert\u00a0<\/strong>Enrichment-Hundespielzeug<strong>\u00a0problematisches Verhalten<\/strong>\u00a0wie Kauen, hilft gegen Langeweile und lindert Trennungsangst.<\/p>\n<\/div>\n<\/div>\n<p>[\/vc_column_text][vc_empty_space height=&#8220;24px&#8220;][vc_column_text]<\/p>\n<h3>Spielzeug Guide<\/h3>\n<table>\n<tbody>\n<tr>\n<td width=\"301\"><strong>Spielzeugart:<\/strong><\/td>\n<td width=\"301\">Leckerlispender<\/td>\n<\/tr>\n<tr>\n<td width=\"301\"><strong>Geeignet f\u00fcr:<\/strong><\/td>\n<td width=\"301\">Starke Kauer und \u201cZerst\u00f6rer\u201d<\/td>\n<\/tr>\n<tr>\n<td width=\"301\"><strong>Schwierigkeitsgrad:<\/strong><\/td>\n<td width=\"301\">Einfach mit Trockenfutter, anspruchvoller mit Na\u00dffutter.<\/td>\n<\/tr>\n<tr>\n<td width=\"301\"><strong>Gr\u00f6\u00dfe:<\/strong><\/td>\n<td width=\"301\">S \u2013 kleine &amp; mittelgro\u00dfe Hunde<br \/>\nL \u2013 gro\u00dfe Hunde<\/td>\n<\/tr>\n<tr>\n<td width=\"301\"><strong>Geschirrsp\u00fcller geeignet:<\/strong><\/td>\n<td width=\"301\">Ja, obere Reihe<\/td>\n<\/tr>\n<\/tbody>\n<\/table>\n<p>[\/vc_column_text][vc_empty_space height=&#8220;24px&#8220;][vc_column_text]<\/p>\n<h3><span class=\"a-list-item\">Welcher Spielzeug passt f\u00fcr meinen Hund?<\/span><\/h3>\n<p>Jeder Hund ist anders und hat unterschiedliche Pr\u00e4ferenz. Manche w\u00fcrden das Futter zusammen mit ihrem Napf in 5 Sekunden auffressen. Diese Hunde sind leicht frustriert und haben wenig Geduld mit dem Futter. Gelegentliches Reinbei\u00dfen in die Schleckmatte ist in Ordnung, aber sobald sie versuchen, sie zu zerst\u00f6ren, ist das ein Zeichen von Stress. Andere Hunde lecken ewig geduldig den versch\u00fctteten Joghurt vom Boden auf. Sobald man ihnen jedoch einen gef\u00fcllten Kong gibt, verlieren sie das Interesse. Viele Hunde verbringen mehr als 30 Minuten mit dem Spielzeug und \u00fcberlegen geduldig, wie sie an die Leckerlis kommen. Du kennst deinen Hund am besten! Nutze unseren\u00a0<strong>Guide<\/strong>\u00a0und w\u00e4hle das richtige Spielzeug, um deinen Hund eine entspannende Besch\u00e4ftigung zu bieten, die keinen Frust verursacht.[\/vc_column_text][vc_empty_space height=&#8220;24px&#8220;][vc_single_image image=&#8220;72259&#8243; img_size=&#8220;medium&#8220;][vc_empty_space height=&#8220;24px&#8220;][vc_column_text]<\/p>\n<h3>Gr\u00f6\u00dfe<\/h3>\n<p>Small \u2013 ca. 14 cm lang<br \/>\nLarge \u2013 ca. 16,5 cm lang<\/p>\n<h3><span class=\"a-list-item\">Material &amp; Reinigung<\/span><\/h3>\n<p>Hergestellt aus zero-waste und recycelbarem Zogoflex-Material in den USA. Nicht giftig und sp\u00fclmaschinenfest.[\/vc_column_text][\/vc_column][\/vc_row]<\/p>\n<\/div>","protected":false},"excerpt":{"rendered":"<p id=\"tw-target-text\" class=\"tw-data-text tw-text-large tw-ta\" dir=\"ltr\" data-placeholder=\"Translation\"><span class=\"Y2IQFc\" lang=\"de\">Strapazierf\u00e4higes Spielzeug, das du mit allem f\u00fcllen kannst, was dein Hund mag.<\/span><\/p>\n","protected":false},"featured_media":72272,"template":"","meta":[],"pwb-brand":[1972],"product_cat":[2115,1974],"product_tag":[],"class_list":{"0":"post-72197","1":"product","2":"type-product","3":"status-publish","4":"has-post-thumbnail","6":"pwb-brand-westpaw-de","7":"product_cat-befuellbares-spielzeug","8":"product_cat-hunde-enrichment","10":"first","11":"instock","12":"featured","13":"taxable","14":"shipping-taxable","15":"purchasable","16":"product-type-variable"},"brands":[{"id":1972,"name":"West Paw","slug":"westpaw-de"}],"_links":{"self":[{"href":"https:\/\/www.havohravo.com\/de\/wp-json\/wp\/v2\/product\/72197","targetHints":{"allow":["GET"]}}],"collection":[{"href":"https:\/\/www.havohravo.com\/de\/wp-json\/wp\/v2\/product"}],"about":[{"href":"https:\/\/www.havohravo.com\/de\/wp-json\/wp\/v2\/types\/product"}],"wp:featuredmedia":[{"embeddable":true,"href":"https:\/\/www.havohravo.com\/de\/wp-json\/wp\/v2\/media\/72272"}],"wp:attachment":[{"href":"https:\/\/www.havohravo.com\/de\/wp-json\/wp\/v2\/media?parent=72197"}],"wp:term":[{"taxonomy":"pwb-brand","embeddable":true,"href":"https:\/\/www.havohravo.com\/de\/wp-json\/wp\/v2\/pwb-brand?post=72197"},{"taxonomy":"product_cat","embeddable":true,"href":"https:\/\/www.havohravo.com\/de\/wp-json\/wp\/v2\/product_cat?post=72197"},{"taxonomy":"product_tag","embeddable":true,"href":"https:\/\/www.havohravo.com\/de\/wp-json\/wp\/v2\/product_tag?post=72197"}],"curies":[{"name":"wp","href":"https:\/\/api.w.org\/{rel}","templated":true}]}}