{"id":7251,"date":"2018-12-26T21:27:40","date_gmt":"2018-12-26T20:27:40","guid":{"rendered":"https:\/\/www.havohravo.com\/product\/rabbit-tug-75-cm\/"},"modified":"2026-03-18T11:29:27","modified_gmt":"2026-03-18T10:29:27","slug":"rabbit-tug-75-cm","status":"publish","type":"product","link":"https:\/\/www.havohravo.com\/de\/produkt\/rabbit-tug-75-cm\/","title":{"rendered":"Rabbit Tug 75 cm"},"content":{"rendered":"<div class=\"wpb-content-wrapper\"><p>[vc_row][vc_column][vc_empty_space][\/vc_column][\/vc_row][vc_row][vc_column width=&#8220;2\/3&#8243; offset=&#8220;vc_col-sm-offset-2 vc_col-xs-12&#8243;][vc_column_text]<\/p>\n<h3>Rabbit Tug 75 cm<\/h3>\n<p>Zerspielzeug f\u00fcr Hunde, die  kuscheliges Spielzeug lieben!<\/p>\n<p>Dieses Spielzeug besteht aus echtem Kaninchenfell. F\u00fcr Herstellung dieses Spielzeugs wurden KEINE Tiere get\u00f6tet. Bei diesem Spielzeug werden die Teile vom Fell verarbeitet, die sonst im Lebensmittelverarbeitungsprozess vergeschmissen werden.  Auf dieser Weise wird bei diesem Spielzeug das Fell wiederverwendet, dass normalerweise als Abfall enden w\u00fcrde.<\/p>\n<p>Das Spielzeug dient zum aktiven Spiel zwischen dem Hundef\u00fchrer und dem Hund. Material: Kaninchenfell und Fleece.<\/p>\n<p>Lassen sie den Hund nicht unbeaufsichtig damit spielen. Falls das Spielzeug besch\u00e4digt wird, nehmen sie es dem Hund weg. Es ist kein Kinderspielzeug.<\/p>\n<p>Dieses Produkt eignet sich nur f\u00fcr Handw\u00e4sche. Waschen sie es im kalten Wasser und h\u00e4ngen es zum trocknen auf.<\/p>\n<p>Wir liefern das Spielzeug in Farbkombination nach Zufall. Falls sie bestimmte Farbkombination w\u00fcnschen, geben sie es bitte bei dem Bestellungsprozess an.<\/p>\n<p><strong>Gr\u00f6\u00dfe:<\/strong><br \/>\nGesamtl\u00e4nge: 75 cm[\/vc_column_text][vc_empty_space height=&#8220;32&#8243;][\/vc_column][\/vc_row]<\/p>\n<\/div>","protected":false},"excerpt":{"rendered":"<p>Zerspielzeug f\u00fcr Hunde, die\u00a0 kuscheliges Spielzeug lieben!<\/p>\n","protected":false},"featured_media":61738,"template":"","meta":[],"pwb-brand":[374],"product_cat":[1693,866],"product_tag":[936],"class_list":{"0":"post-7251","1":"product","2":"type-product","3":"status-publish","4":"has-post-thumbnail","6":"pwb-brand-havohravo-de","7":"product_cat-fellspielzeug","8":"product_cat-hundespielzeug","9":"product_tag-kaninchenfell","11":"first","12":"instock","13":"taxable","14":"shipping-taxable","15":"purchasable","16":"product-type-simple"},"brands":[{"id":374,"name":"havohravo","slug":"havohravo-de"}],"_links":{"self":[{"href":"https:\/\/www.havohravo.com\/de\/wp-json\/wp\/v2\/product\/7251","targetHints":{"allow":["GET"]}}],"collection":[{"href":"https:\/\/www.havohravo.com\/de\/wp-json\/wp\/v2\/product"}],"about":[{"href":"https:\/\/www.havohravo.com\/de\/wp-json\/wp\/v2\/types\/product"}],"wp:featuredmedia":[{"embeddable":true,"href":"https:\/\/www.havohravo.com\/de\/wp-json\/wp\/v2\/media\/61738"}],"wp:attachment":[{"href":"https:\/\/www.havohravo.com\/de\/wp-json\/wp\/v2\/media?parent=7251"}],"wp:term":[{"taxonomy":"pwb-brand","embeddable":true,"href":"https:\/\/www.havohravo.com\/de\/wp-json\/wp\/v2\/pwb-brand?post=7251"},{"taxonomy":"product_cat","embeddable":true,"href":"https:\/\/www.havohravo.com\/de\/wp-json\/wp\/v2\/product_cat?post=7251"},{"taxonomy":"product_tag","embeddable":true,"href":"https:\/\/www.havohravo.com\/de\/wp-json\/wp\/v2\/product_tag?post=7251"}],"curies":[{"name":"wp","href":"https:\/\/api.w.org\/{rel}","templated":true}]}}