{"id":7254,"date":"2018-12-26T21:19:55","date_gmt":"2018-12-26T20:19:55","guid":{"rendered":"https:\/\/www.havohravo.com\/product\/tuggy-rabbit-75-cm\/"},"modified":"2026-04-24T13:34:32","modified_gmt":"2026-04-24T11:34:32","slug":"tuggy-rabbit-75-cm","status":"publish","type":"product","link":"https:\/\/www.havohravo.com\/de\/produkt\/tuggy-rabbit-75-cm\/","title":{"rendered":"Tuggy Rabbit 75 cm"},"content":{"rendered":"<div class=\"wpb-content-wrapper\"><p>[vc_row][vc_column][vc_empty_space][\/vc_column][\/vc_row][vc_row][vc_column width=&#8220;2\/3&#8243; offset=&#8220;vc_col-sm-offset-2 vc_col-xs-12&#8243;][vc_column_text]<\/p>\n<h3>Tuggy Rabbit 75 cm<\/h3>\n<p>Zerspielzeug f\u00fcr Hunde, die\u00a0 kuscheliges Spielzeug lieben!<\/p>\n<p>Das Zerspielzeug besteht aus havohravo\u00ae Tuggy-Griff und Hundespielzeug von hoher Qualit\u00e4t vom Janie4Pets.<br \/>\nGriff ist unterlegt mit Fleece f\u00fcr angenehmes Gef\u00fchl in der Hand.\u00a0Integrierter R\u00fcckd\u00e4mpfer schont die Wirbels\u00e4ule vom Hund als auch Mensch beim abrupten Zug.<\/p>\n<p>Dieses Spielzeug besteht aus echtem Kaninchenfell. F\u00fcr Herstellung dieses Spielzeugs wurden KEINE Tiere get\u00f6tet. Bei diesem Spielzeug werden die Teile vom Fell verarbeitet, die sonst im Lebensmittelverarbeitungsprozess vergeschmissen werden.\u00a0 Auf dieser Weise wird bei diesem Spielzeug das Fell wiederverwendet, dass normalerweise als Abfall enden w\u00fcrde.<\/p>\n<p>Das Spielzeug dient zum aktiven Spiel zwischen dem Hundef\u00fchrer und dem Hund. Material: Kaninchenfell und Fleece.<\/p>\n<p>Lassen sie den Hund nicht unbeaufsichtig damit spielen. Falls das Spielzeug besch\u00e4digt wird, nehmen sie es dem Hund weg. Es ist kein Kinderspielzeug.<\/p>\n<p>Dieses Produkt eignet sich nur f\u00fcr Handw\u00e4sche. Waschen sie es im kalten Wasser und h\u00e4ngen es zum trocknen auf.<\/p>\n<p>Wir liefern das Spielzeug in Farbkombination nach Zufall. Falls sie bestimmte Farbkombination w\u00fcnschen, geben sie es bitte bei dem Bestellungsprozess an.<\/p>\n<p><strong>Gr\u00f6\u00dfe:<\/strong><br \/>\nFellteill\u00e4nge: 75 cm<br \/>\nGesamtl\u00e4nge: 110 cm[\/vc_column_text][vc_empty_space height=&#8220;32&#8243;][\/vc_column][\/vc_row]<\/p>\n<\/div>","protected":false},"excerpt":{"rendered":"<p>Zerspielzeug f\u00fcr Hunde, die\u00a0 kuscheliges Spielzeug lieben!<\/p>\n","protected":false},"featured_media":94825,"template":"","meta":[],"pwb-brand":[374],"product_cat":[1693,866,870],"product_tag":[936],"class_list":{"0":"post-7254","1":"product","2":"type-product","3":"status-publish","4":"has-post-thumbnail","6":"pwb-brand-havohravo-de","7":"product_cat-fellspielzeug","8":"product_cat-hundespielzeug","9":"product_cat-spielzeug-mit-tuggy-griff","10":"product_tag-kaninchenfell","12":"first","13":"instock","14":"taxable","15":"shipping-taxable","16":"purchasable","17":"product-type-simple"},"brands":[{"id":374,"name":"havohravo","slug":"havohravo-de"}],"_links":{"self":[{"href":"https:\/\/www.havohravo.com\/de\/wp-json\/wp\/v2\/product\/7254","targetHints":{"allow":["GET"]}}],"collection":[{"href":"https:\/\/www.havohravo.com\/de\/wp-json\/wp\/v2\/product"}],"about":[{"href":"https:\/\/www.havohravo.com\/de\/wp-json\/wp\/v2\/types\/product"}],"wp:featuredmedia":[{"embeddable":true,"href":"https:\/\/www.havohravo.com\/de\/wp-json\/wp\/v2\/media\/94825"}],"wp:attachment":[{"href":"https:\/\/www.havohravo.com\/de\/wp-json\/wp\/v2\/media?parent=7254"}],"wp:term":[{"taxonomy":"pwb-brand","embeddable":true,"href":"https:\/\/www.havohravo.com\/de\/wp-json\/wp\/v2\/pwb-brand?post=7254"},{"taxonomy":"product_cat","embeddable":true,"href":"https:\/\/www.havohravo.com\/de\/wp-json\/wp\/v2\/product_cat?post=7254"},{"taxonomy":"product_tag","embeddable":true,"href":"https:\/\/www.havohravo.com\/de\/wp-json\/wp\/v2\/product_tag?post=7254"}],"curies":[{"name":"wp","href":"https:\/\/api.w.org\/{rel}","templated":true}]}}