{"id":72716,"date":"2023-05-11T23:23:49","date_gmt":"2023-05-11T21:23:49","guid":{"rendered":"https:\/\/www.havohravo.com\/?post_type=product&#038;p=72716"},"modified":"2023-05-11T23:59:34","modified_gmt":"2023-05-11T21:59:34","slug":"vip-r-geschirr","status":"publish","type":"product","link":"https:\/\/www.havohravo.com\/de\/produkt\/vip-r-geschirr\/","title":{"rendered":"VIP R-Geschirr"},"content":{"rendered":"<div class=\"wpb-content-wrapper\"><p>[vc_row][vc_column][vc_column_text]<\/p>\n<h3>Charakteristik<\/h3>\n<table>\n<tbody>\n<tr>\n<td width=\"301\"><strong>Brustgeschirrtyp:<\/strong><\/td>\n<td width=\"301\">R-Back, langes Zuggeschirr<\/td>\n<\/tr>\n<tr>\n<td width=\"301\"><strong>Passt f\u00fcr:<\/strong><\/td>\n<td width=\"301\">Hunde mit schmallem Hals und langem R\u00fccken<\/td>\n<\/tr>\n<tr>\n<td width=\"301\"><strong>Verstellbar:<\/strong><\/td>\n<td width=\"301\">Nein<\/td>\n<\/tr>\n<tr>\n<td width=\"301\"><strong>Geeignete Anwendung:<\/strong><\/td>\n<td width=\"301\">Zugsport wo der Zug von Richtung oben kommt (Laufgurt, Bike\/Trettroller). Nicht geeignet f\u00fcr Weight-Pulling, wo der Zug von unten kommt.<\/td>\n<\/tr>\n<\/tbody>\n<\/table>\n<p>[\/vc_column_text][vc_empty_space height=&#8220;24&#8243;][\/vc_column][\/vc_row][vc_row][vc_column][vc_column_text]<\/p>\n<h3>VIP R-Geschirr<\/h3>\n<p>Dieses Geschirr ist nur f\u00fcr Zugsport geeignet. Es passt sich perfekt an den K\u00f6rper des Hundes an. Dieses Geschirr funktioniert am besten mit konstanter Spannung an der Leine. Es passt f\u00fcr Hunde mit eher schmaller K\u00f6rperbau und langem R\u00fccken. Der runde Halsausschnitt erm\u00f6glicht mehr Schulterfreiheit bei Hunden, die in dem X-Back Geschirr eingeschr\u00e4nkte Schrittl\u00e4nge zeigen.<\/p>\n<p><strong>\u00dcberpr\u00fcfe die richtige Passform<\/strong> immer \u201cauf Zug\u201d. Ziehe mit einer Hand an der Schlaufe und \u00fcberpr\u00fcfen Folgendes:<\/p>\n<ul>\n<li>sitzt eng um den Hals \u2013 es sollte nicht \u00fcber den Brustknochen rutschen.<\/li>\n<li>darf nicht hinter die letzten Rippen in den weichen Bauch verrutschen<\/li>\n<li>die Schlaufe f\u00fcr Leine endet am Rutenansatz<\/li>\n<\/ul>\n<p>Wenn die oben genannten Punkte passen, \u00fcberpr\u00fcfe den korrekten Sitz drau\u00dfen mit Hund im Zug. Besonders wenn dein Hund sehr zugmotiviert ist, kann sich das Geschirr in der Bewegung noch mehr dehnen. Versuche, wenn m\u00f6glich, ein Video von deinem Hund aus der Seitenansicht zu machen und kontrolliere Folgendes:<\/p>\n<ul>\n<li>es rutscht nicht hinter die letzten Rippen in den weichen Bauch<\/li>\n<li>du h\u00f6rst keine Atemger\u00e4usche, wenn dein Hund voll zieht<\/li>\n<li>die Schultern und H\u00fcften sind nicht eingeschr\u00e4nkt \u2013 dein Hund kann im Zug einen vollen Schritt machen<\/li>\n<\/ul>\n<p>Versuche, wenn m\u00f6glich, ein Video von deinem Hund aus der Frontalperspektive zu machen und \u00fcberpr\u00fcfe Folgendes:<\/p>\n<ul>\n<li>das Geschirr rutscht nicht zur Seite oder in die Achseln.<\/li>\n<\/ul>\n<p>[\/vc_column_text][vc_empty_space height=&#8220;24&#8243;][\/vc_column][\/vc_row][vc_row][vc_column][vc_single_image image=&#8220;72728&#8243; img_size=&#8220;large&#8220; alignment=&#8220;center&#8220;][vc_empty_space height=&#8220;24&#8243;][\/vc_column][\/vc_row][vc_row][vc_column][vc_column_text]<\/p>\n<table>\n<tbody>\n<tr>\n<td>GR\u00d6\u00dfE<\/td>\n<td>HALSUMFANG (cm)<\/td>\n<td>R\u00dcCKENL\u00c4NGE (cm)<\/td>\n<\/tr>\n<tr>\n<td>00<\/td>\n<td>34<\/td>\n<td>43<\/td>\n<\/tr>\n<tr>\n<td>0<\/td>\n<td>36<\/td>\n<td>46<\/td>\n<\/tr>\n<tr>\n<td>1<\/td>\n<td>38<\/td>\n<td>52<\/td>\n<\/tr>\n<tr>\n<td>2<\/td>\n<td>40<\/td>\n<td>54<\/td>\n<\/tr>\n<tr>\n<td>3<\/td>\n<td>42<\/td>\n<td>56<\/td>\n<\/tr>\n<tr>\n<td>4<\/td>\n<td>44<\/td>\n<td>62<\/td>\n<\/tr>\n<tr>\n<td>5<\/td>\n<td>46<\/td>\n<td>66<\/td>\n<\/tr>\n<tr>\n<td>6<\/td>\n<td>48<\/td>\n<td>70<\/td>\n<\/tr>\n<tr>\n<td>7<\/td>\n<td>50<\/td>\n<td>74<\/td>\n<\/tr>\n<tr>\n<td>8<\/td>\n<td>52<\/td>\n<td>78<\/td>\n<\/tr>\n<\/tbody>\n<\/table>\n<p>[\/vc_column_text][vc_empty_space height=&#8220;24&#8243;][vc_column_text]<\/p>\n<h3>Richtige Gr\u00f6\u00dfe bestimmen<\/h3>\n<h4>Wie soll ich messen?<\/h4>\n<p><strong>Hals<\/strong><\/p>\n<p>Umfang an dem mittleren Bereich des Halses (finde den Brustbein im vorderen Bereich und beginne zu messen ungef\u00e4hr 2 Finger \u00fcber diesen Punkt entlang dem Schulterblatt um den Hals herum zur\u00fcck bis zum Startpunkt).<\/p>\n<p><strong>R\u00fccken<\/strong><\/p>\n<p>Messen ab Schultern bis zum Ruteansatz. Der Hund soll m\u00f6glichst gerade stehen. Bewege deine Hand entlang der Linie, die knapp hinter den Vorderpfoten beginnt Richtung aufw\u00e4rts zum R\u00fccken. Finder dort den Punkt, wo sich die Schulterbl\u00e4tter treffen. Beginne das Messen der R\u00fcckenl\u00e4nge von dieser Stelle bis zum Rutenansatz (falls du nicht sicher bisst, messe 3 Mal und nehme den Durchschnittswert).[\/vc_column_text][vc_empty_space height=&#8220;24&#8243;][\/vc_column][\/vc_row]<\/p>\n<\/div>","protected":false},"excerpt":{"rendered":"<p>R-Back Zuggeschirr mit rundem Halsauschnitt<\/p>\n","protected":false},"featured_media":72730,"template":"","meta":[],"pwb-brand":[2129],"product_cat":[1678,879,883],"product_tag":[],"class_list":{"0":"post-72716","1":"product","2":"type-product","3":"status-publish","4":"has-post-thumbnail","6":"pwb-brand-vip-dogwear-de","7":"product_cat-zugbrustgeschirre","8":"product_cat-hundemode","9":"product_cat-brustgeschirre","11":"first","12":"instock","13":"featured","14":"taxable","15":"shipping-taxable","16":"purchasable","17":"product-type-variable"},"brands":[{"id":2129,"name":"VIP Dogwear","slug":"vip-dogwear-de"}],"_links":{"self":[{"href":"https:\/\/www.havohravo.com\/de\/wp-json\/wp\/v2\/product\/72716","targetHints":{"allow":["GET"]}}],"collection":[{"href":"https:\/\/www.havohravo.com\/de\/wp-json\/wp\/v2\/product"}],"about":[{"href":"https:\/\/www.havohravo.com\/de\/wp-json\/wp\/v2\/types\/product"}],"wp:featuredmedia":[{"embeddable":true,"href":"https:\/\/www.havohravo.com\/de\/wp-json\/wp\/v2\/media\/72730"}],"wp:attachment":[{"href":"https:\/\/www.havohravo.com\/de\/wp-json\/wp\/v2\/media?parent=72716"}],"wp:term":[{"taxonomy":"pwb-brand","embeddable":true,"href":"https:\/\/www.havohravo.com\/de\/wp-json\/wp\/v2\/pwb-brand?post=72716"},{"taxonomy":"product_cat","embeddable":true,"href":"https:\/\/www.havohravo.com\/de\/wp-json\/wp\/v2\/product_cat?post=72716"},{"taxonomy":"product_tag","embeddable":true,"href":"https:\/\/www.havohravo.com\/de\/wp-json\/wp\/v2\/product_tag?post=72716"}],"curies":[{"name":"wp","href":"https:\/\/api.w.org\/{rel}","templated":true}]}}