{"id":72752,"date":"2023-05-12T00:00:38","date_gmt":"2023-05-11T22:00:38","guid":{"rendered":"https:\/\/www.havohravo.com\/?post_type=product&#038;p=72752"},"modified":"2023-05-12T00:45:27","modified_gmt":"2023-05-11T22:45:27","slug":"vip-multisport-geschirr-turkis","status":"publish","type":"product","link":"https:\/\/www.havohravo.com\/de\/produkt\/vip-multisport-geschirr-turkis\/","title":{"rendered":"VIP Multisport Geschirr T\u00fcrkis"},"content":{"rendered":"<div class=\"wpb-content-wrapper\"><p>[vc_row][vc_column][vc_column_text]<\/p>\n<div class=\"wpb_text_column wpb_content_element \">\n<div class=\"wpb_wrapper\">\n<h3>Charakteristik<\/h3>\n<table>\n<tbody>\n<tr>\n<td width=\"301\"><strong>Brustgeschirrtyp:<\/strong><\/td>\n<td width=\"301\">Multisport Zuggeschirr<\/td>\n<\/tr>\n<tr>\n<td width=\"301\"><strong>Passt f\u00fcr:<\/strong><\/td>\n<td width=\"301\">Hunde, bei denen du mehr Kontrolle brauchst im Vergleich zu langem Zuggeschirr<\/td>\n<\/tr>\n<tr>\n<td width=\"301\"><strong>Verstellbar:<\/strong><\/td>\n<td width=\"301\">Nein<\/td>\n<\/tr>\n<tr>\n<td width=\"301\"><strong>Geeignete Anwendung:<\/strong><\/td>\n<td width=\"301\">Zugsport wo der Zug von Richtung oben kommt (Laufgurt, Bike\/Trettroller). Nicht geeignet f\u00fcr Weight-Pulling, wo der Zug von unten kommt.<\/td>\n<\/tr>\n<\/tbody>\n<\/table>\n<\/div>\n<\/div>\n<p>[\/vc_column_text][vc_empty_space height=&#8220;24&#8243;][\/vc_column][\/vc_row][vc_row][vc_column][vc_column_text]<\/p>\n<h3>VIP Multisport Brustgeschirr<\/h3>\n<p>Dieses Geschirr ist f\u00fcr Zugaktivit\u00e4ten wie Mantrailing, Wandern, Canicross oder Bikej\u00f6ring geeignet. Dies ist eine &#8222;k\u00fcrzere&#8220; Version eines Zuggeschirrs. Es funktioniert auch gut mit weniger zug-motivierten Hunden, die nicht mit konstanter Spannung an der Leine ziehen. Es ist auch eine gute Wahl f\u00fcr Hunde, die gerne ziehen, aber von der langen Geschirrschlaufe um ihren Schwanzbereich irritiert sind. Der Zugpunkt ist ausgewogen und der Hund kann gut im Geschirr arbeiten, ohne dass es \u00fcber den Brustbein rutscht und die Atmung einschr\u00e4nkt. Der &#8222;Sicherheits&#8220;-Bauchgurt h\u00e4lt das Geschirr in Position und bietet zus\u00e4tzliche Sicherheit.[\/vc_column_text][vc_empty_space height=&#8220;24&#8243;][\/vc_column][\/vc_row][vc_row][vc_column][vc_single_image image=&#8220;72764&#8243; img_size=&#8220;large&#8220; alignment=&#8220;center&#8220;][vc_empty_space height=&#8220;24&#8243;][\/vc_column][\/vc_row][vc_row][vc_column][vc_column_text]<\/p>\n<table>\n<tbody>\n<tr>\n<td>GR\u00d6\u00dfE<\/td>\n<td>HALSUMFANG (cm)<\/td>\n<\/tr>\n<tr>\n<td>0<\/td>\n<td>36<\/td>\n<\/tr>\n<tr>\n<td>1<\/td>\n<td>38<\/td>\n<\/tr>\n<tr>\n<td>2<\/td>\n<td>40<\/td>\n<\/tr>\n<tr>\n<td>3<\/td>\n<td>42<\/td>\n<\/tr>\n<tr>\n<td>4<\/td>\n<td>44<\/td>\n<\/tr>\n<tr>\n<td>5<\/td>\n<td>46<\/td>\n<\/tr>\n<tr>\n<td>6<\/td>\n<td>48<\/td>\n<\/tr>\n<tr>\n<td>7<\/td>\n<td>50<\/td>\n<\/tr>\n<tr>\n<td>8<\/td>\n<td>53<\/td>\n<\/tr>\n<tr>\n<td>9<\/td>\n<td>58<\/td>\n<\/tr>\n<\/tbody>\n<\/table>\n<p>[\/vc_column_text][vc_empty_space height=&#8220;24&#8243;][vc_column_text]<\/p>\n<h3>Richtige Gr\u00f6\u00dfe bestimmen<\/h3>\n<h4>Wie soll ich messen?<\/h4>\n<p><strong>Hals<\/strong><\/p>\n<p>Umfang an dem mittleren Bereich des Halses (finde den Brustbein im vorderen Bereich und beginne zu messen ungef\u00e4hr 2 Finger \u00fcber diesen Punkt entlang dem Schulterblatt um den Hals herum zur\u00fcck bis zum Startpunkt).[\/vc_column_text][vc_empty_space height=&#8220;24&#8243;][\/vc_column][\/vc_row]<\/p>\n<\/div>","protected":false},"excerpt":{"rendered":"<p>Zuggeschirr, der mehr Kontrolle beim Handling bietet als andere lange Zuggeschirre<\/p>\n","protected":false},"featured_media":72776,"template":"","meta":[],"pwb-brand":[2129],"product_cat":[1678,879,883],"product_tag":[1228],"class_list":{"0":"post-72752","1":"product","2":"type-product","3":"status-publish","4":"has-post-thumbnail","6":"pwb-brand-vip-dogwear-de","7":"product_cat-zugbrustgeschirre","8":"product_cat-hundemode","9":"product_cat-brustgeschirre","10":"product_tag-ausverkauf","12":"first","13":"instock","14":"sale","15":"featured","16":"taxable","17":"shipping-taxable","18":"purchasable","19":"product-type-variable"},"brands":[{"id":2129,"name":"VIP Dogwear","slug":"vip-dogwear-de"}],"_links":{"self":[{"href":"https:\/\/www.havohravo.com\/de\/wp-json\/wp\/v2\/product\/72752","targetHints":{"allow":["GET"]}}],"collection":[{"href":"https:\/\/www.havohravo.com\/de\/wp-json\/wp\/v2\/product"}],"about":[{"href":"https:\/\/www.havohravo.com\/de\/wp-json\/wp\/v2\/types\/product"}],"wp:featuredmedia":[{"embeddable":true,"href":"https:\/\/www.havohravo.com\/de\/wp-json\/wp\/v2\/media\/72776"}],"wp:attachment":[{"href":"https:\/\/www.havohravo.com\/de\/wp-json\/wp\/v2\/media?parent=72752"}],"wp:term":[{"taxonomy":"pwb-brand","embeddable":true,"href":"https:\/\/www.havohravo.com\/de\/wp-json\/wp\/v2\/pwb-brand?post=72752"},{"taxonomy":"product_cat","embeddable":true,"href":"https:\/\/www.havohravo.com\/de\/wp-json\/wp\/v2\/product_cat?post=72752"},{"taxonomy":"product_tag","embeddable":true,"href":"https:\/\/www.havohravo.com\/de\/wp-json\/wp\/v2\/product_tag?post=72752"}],"curies":[{"name":"wp","href":"https:\/\/api.w.org\/{rel}","templated":true}]}}