{"id":72897,"date":"2023-05-24T20:03:22","date_gmt":"2023-05-24T18:03:22","guid":{"rendered":"https:\/\/www.havohravo.com\/?post_type=product&#038;p=72897"},"modified":"2023-06-29T14:04:10","modified_gmt":"2023-06-29T12:04:10","slug":"sodapup-unstoppables-verbindungsstuck","status":"publish","type":"product","link":"https:\/\/www.havohravo.com\/de\/produkt\/sodapup-unstoppables-verbindungsstuck\/","title":{"rendered":"Sodapup Unstoppables Verbindungsst\u00fcck"},"content":{"rendered":"<div class=\"wpb-content-wrapper\"><p>[vc_row][vc_column][vc_empty_space][\/vc_column][\/vc_row][vc_row][vc_column][vc_column_text]<\/p>\n<h3 class=\"product_title entry-title wd-entities-title\">Sodapup Unstoppables Verbindungsst\u00fcck<\/h3>\n<p>Diese Verbindungsst\u00fccke erh\u00f6hen die Puzzle-Herausforderung f\u00fcr deinen Hund, indem sie mehrere SodaPup-Leckerli-Spielzeuge miteinander verbinden.<\/p>\n<p>Steck die Unstoppables Connectors einfach in das kleine Loch an der Oberseite des SodaPup Leckerli-Spielzeuges. Der Stiel des Spielzeugs hat zwei &#8222;Anschl\u00e4ge&#8220;. Schiebe das Spielzeg \u00fcber den zweiten Anschlag hinaus, um einen sicheren Sitz zu gew\u00e4hrleisten. Verbinde mehrere Spielzeuge. F\u00fclle sie mit Leckerlis, gib sie deinem Hund und lass das Kauen beginnen!<\/p>\n<p>Die Unstoppables Connectors passen auf alle Large SodaPup Enrichment Spielzeuge.<\/p>\n<p>Das Nylonmaterial ist FDA-konform und ungiftig. Es ist sp\u00fclmaschinen-, gefrierschrank- und mikrowellenfest.[\/vc_column_text][\/vc_column][\/vc_row]<\/p>\n<\/div>","protected":false},"excerpt":{"rendered":"<p>Verbindungsst\u00fccke f\u00fcr Sodapup Enrichment Spielzeug<\/p>\n","protected":false},"featured_media":72900,"template":"","meta":[],"pwb-brand":[1976],"product_cat":[1974,2151],"product_tag":[],"class_list":{"0":"post-72897","1":"product","2":"type-product","3":"status-publish","4":"has-post-thumbnail","6":"pwb-brand-sodapup-de","7":"product_cat-hunde-enrichment","8":"product_cat-zubehoer-de","10":"first","11":"instock","12":"featured","13":"taxable","14":"shipping-taxable","15":"purchasable","16":"product-type-simple"},"brands":[{"id":1976,"name":"Sodapup","slug":"sodapup-de"}],"_links":{"self":[{"href":"https:\/\/www.havohravo.com\/de\/wp-json\/wp\/v2\/product\/72897","targetHints":{"allow":["GET"]}}],"collection":[{"href":"https:\/\/www.havohravo.com\/de\/wp-json\/wp\/v2\/product"}],"about":[{"href":"https:\/\/www.havohravo.com\/de\/wp-json\/wp\/v2\/types\/product"}],"wp:featuredmedia":[{"embeddable":true,"href":"https:\/\/www.havohravo.com\/de\/wp-json\/wp\/v2\/media\/72900"}],"wp:attachment":[{"href":"https:\/\/www.havohravo.com\/de\/wp-json\/wp\/v2\/media?parent=72897"}],"wp:term":[{"taxonomy":"pwb-brand","embeddable":true,"href":"https:\/\/www.havohravo.com\/de\/wp-json\/wp\/v2\/pwb-brand?post=72897"},{"taxonomy":"product_cat","embeddable":true,"href":"https:\/\/www.havohravo.com\/de\/wp-json\/wp\/v2\/product_cat?post=72897"},{"taxonomy":"product_tag","embeddable":true,"href":"https:\/\/www.havohravo.com\/de\/wp-json\/wp\/v2\/product_tag?post=72897"}],"curies":[{"name":"wp","href":"https:\/\/api.w.org\/{rel}","templated":true}]}}