{"id":73191,"date":"2023-06-29T15:01:31","date_gmt":"2023-06-29T13:01:31","guid":{"rendered":"https:\/\/www.havohravo.com\/?post_type=product&#038;p=73191"},"modified":"2024-10-16T19:33:10","modified_gmt":"2024-10-16T17:33:10","slug":"karotte-kurbis-jumbo-kaustangen","status":"publish","type":"product","link":"https:\/\/www.havohravo.com\/de\/produkt\/karotte-kurbis-jumbo-kaustangen\/","title":{"rendered":"Karotte &#038; K\u00fcrbis Jumbo Kaustangen"},"content":{"rendered":"<div class=\"wpb-content-wrapper\"><p>[vc_row][vc_column][vc_empty_space][\/vc_column][\/vc_row][vc_row][vc_column][vc_column_text]<\/p>\n<h3>Karotte &amp; K\u00fcrbis Kaustangen<\/h3>\n<p>K\u00fcrbiskerne gelten als \u201ePower Seeds\u201c, da sie sehr gut f\u00fcr Haut und Fell sind, die Verdauung beruhigen und sogar helfen, Ihren Hund vor dem Befall von Darmparasiten und W\u00fcrmern zu sch\u00fctzen. Auch Kokosnuss\u00f6l ist ein Superfood und reich an MCTs, die Studien zufolge die Gehirnleistung Ihres Hundes f\u00f6rdern. Gelbwurz hat krebshemmende Eigenschaften und h\u00e4lt Ihren Hund gesund und gl\u00fccklich. Ein einfacher, leckerer und nahrhafter Snack, und vor Allem: Hunde lieben ihn!<span class=\"Apple-converted-space\">\u00a0<\/span><\/p>\n<p>Soopa Kauknochen sind hypoallergene, getreidefreie Leckerbissen f\u00fcr Hunde, die gerne kauen. Sie werden aus nat\u00fcrlichen Zutaten in Humanqualit\u00e4t hergestellt und helfen, die Z\u00e4hne sauber zu halten und den Atem des Hundes zu verbessern. Diese Kauknochen sind reich an Vitaminen und Mineralien und f\u00f6rdern die Gesundheit deines Hundes.<span class=\"Apple-converted-space\">\u00a0<\/span>[\/vc_column_text][vc_empty_space height=&#8220;24&#8243;][vc_single_image image=&#8220;63848&#8243; img_size=&#8220;full&#8220;][vc_empty_space height=&#8220;24&#8243;][vc_column_text]<\/p>\n<h4>Zutaten:<\/h4>\n<p>Vollkartoffelmehl, Tapiocast\u00e4rke, pflanzliches Glycerin, Zellulosefasern, getrocknete Karrottenst\u00fccke 4%, Hefeprodukte, Bio-Kokos\u00f6l 2,5%, Wasser, K\u00fcrbiskerne 0,5%, Kurkuma.<span class=\"Apple-converted-space\">\u00a0<\/span><\/p>\n<h4>Werte pro 100g:<\/h4>\n<p>5,71% Rohprotein<span class=\"Apple-converted-space\"><br \/>\n<\/span>3,09% Rohfett<br \/>\n4,2% Rohfasern<span class=\"Apple-converted-space\"><br \/>\n<\/span>1,72% Asche<br \/>\n10,1% Feuchtigkeit<span class=\"Apple-converted-space\">\u00a0<\/span><br \/>\n[\/vc_column_text][\/vc_column][\/vc_row]<\/p>\n<\/div>","protected":false},"excerpt":{"rendered":"<p>Leckere &amp; gesunde Kaustangen f\u00fcr gro\u00dfe Hunde<\/p>\n","protected":false},"featured_media":84327,"template":"","meta":[],"pwb-brand":[1931],"product_cat":[1933,1953],"product_tag":[],"class_list":{"0":"post-73191","1":"product","2":"type-product","3":"status-publish","4":"has-post-thumbnail","6":"pwb-brand-soopa-de","7":"product_cat-futter","8":"product_cat-kaustangen","10":"first","11":"instock","12":"featured","13":"taxable","14":"shipping-taxable","15":"purchasable","16":"product-type-simple"},"brands":[{"id":1931,"name":"Soopa","slug":"soopa-de"}],"_links":{"self":[{"href":"https:\/\/www.havohravo.com\/de\/wp-json\/wp\/v2\/product\/73191","targetHints":{"allow":["GET"]}}],"collection":[{"href":"https:\/\/www.havohravo.com\/de\/wp-json\/wp\/v2\/product"}],"about":[{"href":"https:\/\/www.havohravo.com\/de\/wp-json\/wp\/v2\/types\/product"}],"wp:featuredmedia":[{"embeddable":true,"href":"https:\/\/www.havohravo.com\/de\/wp-json\/wp\/v2\/media\/84327"}],"wp:attachment":[{"href":"https:\/\/www.havohravo.com\/de\/wp-json\/wp\/v2\/media?parent=73191"}],"wp:term":[{"taxonomy":"pwb-brand","embeddable":true,"href":"https:\/\/www.havohravo.com\/de\/wp-json\/wp\/v2\/pwb-brand?post=73191"},{"taxonomy":"product_cat","embeddable":true,"href":"https:\/\/www.havohravo.com\/de\/wp-json\/wp\/v2\/product_cat?post=73191"},{"taxonomy":"product_tag","embeddable":true,"href":"https:\/\/www.havohravo.com\/de\/wp-json\/wp\/v2\/product_tag?post=73191"}],"curies":[{"name":"wp","href":"https:\/\/api.w.org\/{rel}","templated":true}]}}