{"id":73257,"date":"2023-07-10T07:21:51","date_gmt":"2023-07-10T05:21:51","guid":{"rendered":"https:\/\/www.havohravo.com\/?post_type=product&#038;p=73257"},"modified":"2026-02-24T10:14:49","modified_gmt":"2026-02-24T09:14:49","slug":"enrichment-napf-great-outdoors","status":"publish","type":"product","link":"https:\/\/www.havohravo.com\/de\/produkt\/enrichment-napf-great-outdoors\/","title":{"rendered":"Enrichment-Napf Great Outdoors"},"content":{"rendered":"<div class=\"wpb-content-wrapper\"><p>[vc_row][vc_column][vc_column_text]<\/p>\n<h3>Enrichment-Napf<\/h3>\n<p>Dieser Napf f\u00f6rdert die langsame Nahrungsaufnahme und verbessert die Verdauung. Das segmentierte Design ist schwieriger als bei anderen Anti-Schling Futtern\u00e4pfen und f\u00f6rdert gesundes, langsames Fressen.<\/p>\n<p>Dieser Napf eignet sich perfekt, um Nass- und Trockenfutter zusammen zu servieren, ohne dass eine Unordnung entsteht. Sie k\u00f6nnen die Futtermenge zusammen oder getrennt in den einzelnen Kammern des Designs servieren.<\/p>\n<p>Langsames Fressen hat folgende Vorteile: Es beruhigt den Hund, kann Bl\u00e4hungen vorbeugen, verbessert die Verdauung und die Darmgesundheit, kleine Mahlzeiten halten l\u00e4nger. Bei richtiger Anwendung <strong>reduziert <\/strong>Enrichment-Hundespielzeug<strong> problematisches Verhalten<\/strong> wie Kauen, hilft gegen Langeweile und lindert Trennungsangst.[\/vc_column_text][vc_empty_space height=&#8220;24px&#8220;][vc_column_text]<\/p>\n<h3>Spielzeug Guide<\/h3>\n<table>\n<tbody>\n<tr>\n<td width=\"301\"><strong>Spielzeugart:<\/strong><\/td>\n<td width=\"301\">Anti-Schling Napf<\/td>\n<\/tr>\n<tr>\n<td width=\"301\"><strong>Geeignet f\u00fcr:<\/strong><\/td>\n<td width=\"301\">F\u00fcr ungeduldige Hunde, die zu schnell fressen<\/td>\n<\/tr>\n<tr>\n<td width=\"301\"><strong>Schwierigkeitsgrad:<\/strong><\/td>\n<td width=\"301\">Mittel<\/td>\n<\/tr>\n<tr>\n<td width=\"301\"><strong>Gr\u00f6\u00dfe:<\/strong><\/td>\n<td width=\"301\">Geeignet f\u00fcr alle Hundegr\u00f6\u00dfen<\/td>\n<\/tr>\n<tr>\n<td width=\"301\"><strong>Geschirrsp\u00fcller geeignet:<\/strong><\/td>\n<td width=\"301\">Ja, obere Reihe<\/td>\n<\/tr>\n<\/tbody>\n<\/table>\n<p>[\/vc_column_text][vc_empty_space height=&#8220;24px&#8220;][vc_column_text]<\/p>\n<h3><span class=\"a-list-item\">Welcher Spielzeug passt f\u00fcr meinen Hund?<\/span><\/h3>\n<p>Jeder Hund ist anders und hat unterschiedliche Pr\u00e4ferenz. Manche w\u00fcrden das Futter zusammen mit ihrem Napf in 5 Sekunden auffressen. Diese Hunde sind leicht frustriert und haben wenig Geduld mit dem Futter. Gelegentliches Reinbei\u00dfen in die Schleckmatte ist in Ordnung, aber sobald sie versuchen, sie zu zerst\u00f6ren, ist das ein Zeichen von Stress. Andere Hunde lecken ewig geduldig den versch\u00fctteten Joghurt vom Boden auf. Sobald man ihnen jedoch einen gef\u00fcllten Kong gibt, verlieren sie das Interesse. Viele Hunde verbringen mehr als 30 Minuten mit dem Spielzeug und \u00fcberlegen geduldig, wie sie an die Leckerlis kommen. Du kennst deinen Hund am besten! Nutze unseren <strong>Guide<\/strong> und w\u00e4hle das richtige Spielzeug, um deinen Hund eine entspannende Besch\u00e4ftigung zu bieten, die keinen Frust verursacht.[\/vc_column_text][vc_empty_space height=&#8220;24px&#8220;][vc_column_text]<\/p>\n<h3>Gr\u00f6\u00dfe<\/h3>\n<p>20 x 20 cm<\/p>\n<h3><span class=\"a-list-item\">Material &amp; Reinigung<\/span><\/h3>\n<p>Hergestellt in den USA. Hergestellt aus ungiftigem und biologisch abbaubarem Material.<br \/>\nDieses Spielzeug ist sp\u00fclmaschinenfest \u2013 im oberen Fach einordnen.<\/p>\n<p>Es handelt sich nicht um ein Kauspielzeug. Lass den Hund mit der Schleckmatte nie unbeaufsichtigt. Wenn die Matte besch\u00e4digt wird, entferne es sofort vom Tier.[\/vc_column_text][vc_empty_space height=&#8220;24px&#8220;][\/vc_column][\/vc_row]<\/p>\n<\/div>","protected":false},"excerpt":{"rendered":"<p id=\"tw-target-text\" class=\"tw-data-text tw-text-large tw-ta\" dir=\"ltr\" data-placeholder=\"Translation\"><span class=\"Y2IQFc\" lang=\"de\">Effektiver Anti-Schling-Napf\u00a0<\/span><\/p>\n","protected":false},"featured_media":73261,"template":"","meta":[],"pwb-brand":[1976],"product_cat":[2113,1974],"product_tag":[],"class_list":{"0":"post-73257","1":"product","2":"type-product","3":"status-publish","4":"has-post-thumbnail","6":"pwb-brand-sodapup-de","7":"product_cat-anti-schling-naepfe","8":"product_cat-hunde-enrichment","10":"first","11":"instock","12":"featured","13":"taxable","14":"shipping-taxable","15":"purchasable","16":"product-type-variable"},"brands":[{"id":1976,"name":"Sodapup","slug":"sodapup-de"}],"_links":{"self":[{"href":"https:\/\/www.havohravo.com\/de\/wp-json\/wp\/v2\/product\/73257","targetHints":{"allow":["GET"]}}],"collection":[{"href":"https:\/\/www.havohravo.com\/de\/wp-json\/wp\/v2\/product"}],"about":[{"href":"https:\/\/www.havohravo.com\/de\/wp-json\/wp\/v2\/types\/product"}],"wp:featuredmedia":[{"embeddable":true,"href":"https:\/\/www.havohravo.com\/de\/wp-json\/wp\/v2\/media\/73261"}],"wp:attachment":[{"href":"https:\/\/www.havohravo.com\/de\/wp-json\/wp\/v2\/media?parent=73257"}],"wp:term":[{"taxonomy":"pwb-brand","embeddable":true,"href":"https:\/\/www.havohravo.com\/de\/wp-json\/wp\/v2\/pwb-brand?post=73257"},{"taxonomy":"product_cat","embeddable":true,"href":"https:\/\/www.havohravo.com\/de\/wp-json\/wp\/v2\/product_cat?post=73257"},{"taxonomy":"product_tag","embeddable":true,"href":"https:\/\/www.havohravo.com\/de\/wp-json\/wp\/v2\/product_tag?post=73257"}],"curies":[{"name":"wp","href":"https:\/\/api.w.org\/{rel}","templated":true}]}}