{"id":73876,"date":"2023-09-02T22:27:05","date_gmt":"2023-09-02T20:27:05","guid":{"rendered":"https:\/\/www.havohravo.com\/?post_type=product&#038;p=73876"},"modified":"2023-11-06T19:32:33","modified_gmt":"2023-11-06T18:32:33","slug":"dog-walker-winterhose-23-24","status":"publish","type":"product","link":"https:\/\/www.havohravo.com\/de\/produkt\/dog-walker-winterhose-23-24\/","title":{"rendered":"Dog Walker Winterhose 23\/24"},"content":{"rendered":"<div class=\"wpb-content-wrapper\"><p>[vc_row][vc_column][vc_empty_space][\/vc_column][\/vc_row][vc_row][vc_column width=&#8220;1\/2&#8243;][vc_column_text]<\/p>\n<div class=\"wpb_text_column wpb_content_element \">\n<div class=\"wpb_wrapper\">\n<p class=\"p1\">Diese Hose passt sowohl M\u00e4nnern als auch Frauen. Sie wird allen Bed\u00fcrfnissen eines Hundehalters gerecht, egal ob beim Gassigehen oder auf dem Hundeplatz<\/p>\n<h3 class=\"p1\">Charakteristik der DogCoach Winter-Hose<\/h3>\n<ul class=\"ul1\">\n<li class=\"li1\">Schmutzabweisendes Material f\u00fcr leichte Reinigung<\/li>\n<li class=\"li1\">Wasserabweisend und atmungsaktiv<\/li>\n<li class=\"li1\">Knopfverschl\u00fcsse an den Kn\u00f6cheln f\u00fcr besseren Halt<\/li>\n<li class=\"li1\">Einh\u00e4ndig bedienbarer Leckerli-Beutel. Er hat eine angebrachte G\u00fcrtelschlaufe, sodass sie auch an einer Tasche befestigt werden kann.<\/li>\n<li class=\"li1\">Reflektierendes Logo am Unterschenkel<\/li>\n<li class=\"li1\">Rei\u00dfverschlusstaschen f\u00fcr Schl\u00fcssel oder Handy<\/li>\n<li class=\"li1\">Die Innenseite ist mit Fleece gef\u00fcttert<\/li>\n<li class=\"li1\">Verst\u00e4rktes Material an Knien und Ges\u00e4\u00df zur Erh\u00f6hung der Strapazierf\u00e4higkeit und Wasserdichtigkeit \u2013 3000 mm Wassers\u00e4ule<\/li>\n<li class=\"li1\">Erh\u00e4ltlich in 3 L\u00e4ngen \u2013 regular, kurz und lang<\/li>\n<\/ul>\n<\/div>\n<\/div>\n<p>[\/vc_column_text][vc_empty_space height=&#8220;32&#8243;][vc_column_text]<\/p>\n<h3 class=\"p2\"><strong>Material<\/strong><\/h3>\n<p class=\"p1\">Die Hose besteht aus hochwertigem Ripstop-Material mit Stretch:\u00a092 % Polyester, 8 % Elastan.<br \/>\nDas Polyester besteht aus einem 4-Wege-Stretch, der es flexibel und dehnbar macht.<\/p>\n<p class=\"p2\"><b>Gr\u00f6\u00dfe &amp; Farbe<\/b><\/p>\n<p class=\"p2\">Dieses Modell ist unisex und hat darum zwei Gr\u00f6\u00dfen-Angaben, jeweils f\u00fcr Frauen und M\u00e4nner.<br \/>\n34-52\/44-62<\/p>\n<p>[\/vc_column_text][vc_empty_space height=&#8220;32&#8243;][vc_single_image image=&#8220;73908&#8243; img_size=&#8220;full&#8220;][\/vc_column][vc_column width=&#8220;5\/12&#8243; offset=&#8220;vc_col-sm-offset-1&#8243;][vc_column_text]<\/p>\n<h3>So findest Du die perfekte Gr\u00f6\u00dfe<\/h3>\n<p>Diese Hose hat eine gew\u00f6hnliche Gr\u00f6\u00dfe\/Passform und entspricht der DogCoach-Gr\u00f6\u00dfentabelle. Um sicherzustellen, dass Du immer die beste Passform erh\u00e4ltst, verwende\u00a0doch gerne unsere praktische und einfache Gr\u00f6\u00dfentabelle.<\/p>\n<h3>Richtig Ma\u00df nehmen:<\/h3>\n<ol>\n<li><strong>Brust:<\/strong>\u00a0Messe mit einem Ma\u00dfband um Deine Schulterbl\u00e4tter herum und um die\u00a0weiteste Stelle Deiner Brust.<\/li>\n<li><strong>Taille:<\/strong>\u00a0Messen Deinen Taillenumfang. Dieser liegt wird in der Regel einen Zentimeter \u00fcber dem Bauchnabel gemessen.<\/li>\n<li><strong>H\u00fcfte:<\/strong>\u00a0Stellen\u00a0Deine F\u00fc\u00dfe aneinander und miss um die breiteste Stelle oben an der H\u00fcfte. Verwenden nun einfach diese Ma\u00dfe, um Deine Gr\u00f6\u00dfe in der Tabelle zu finden.<\/li>\n<\/ol>\n<p>Bitte beachten, dass die\u00a0<strong>L\u00e4nge<\/strong>\u00a0des Jumpsuits auf den Produktma\u00dfen basiert \u2013 nicht auf Deinen K\u00f6rperma\u00dfen.[\/vc_column_text][vc_empty_space height=&#8220;24&#8243;][vc_single_image image=&#8220;66993&#8243; img_size=&#8220;full&#8220;][vc_empty_space height=&#8220;24&#8243;][\/vc_column][\/vc_row]<\/p>\n<\/div>","protected":false},"excerpt":{"rendered":"<p>Schicke, weiche und super bequeme Gassi-Hose.<br \/>\nUnisex &#8211; Diese Hose passt sowohl M\u00e4nnern als auch Frauen.<\/p>\n","protected":false},"featured_media":73910,"template":"","meta":[],"pwb-brand":[1998],"product_cat":[1707,861,887],"product_tag":[],"class_list":{"0":"post-73876","1":"product","2":"type-product","3":"status-publish","4":"has-post-thumbnail","6":"pwb-brand-dogcoach-de","7":"product_cat-hosen","8":"product_cat-fur-menschen","9":"product_cat-bekleidung","11":"first","12":"onbackorder","13":"featured","14":"taxable","15":"shipping-taxable","16":"purchasable","17":"product-type-variable"},"brands":[{"id":1998,"name":"Dogcoach","slug":"dogcoach-de"}],"_links":{"self":[{"href":"https:\/\/www.havohravo.com\/de\/wp-json\/wp\/v2\/product\/73876","targetHints":{"allow":["GET"]}}],"collection":[{"href":"https:\/\/www.havohravo.com\/de\/wp-json\/wp\/v2\/product"}],"about":[{"href":"https:\/\/www.havohravo.com\/de\/wp-json\/wp\/v2\/types\/product"}],"wp:featuredmedia":[{"embeddable":true,"href":"https:\/\/www.havohravo.com\/de\/wp-json\/wp\/v2\/media\/73910"}],"wp:attachment":[{"href":"https:\/\/www.havohravo.com\/de\/wp-json\/wp\/v2\/media?parent=73876"}],"wp:term":[{"taxonomy":"pwb-brand","embeddable":true,"href":"https:\/\/www.havohravo.com\/de\/wp-json\/wp\/v2\/pwb-brand?post=73876"},{"taxonomy":"product_cat","embeddable":true,"href":"https:\/\/www.havohravo.com\/de\/wp-json\/wp\/v2\/product_cat?post=73876"},{"taxonomy":"product_tag","embeddable":true,"href":"https:\/\/www.havohravo.com\/de\/wp-json\/wp\/v2\/product_tag?post=73876"}],"curies":[{"name":"wp","href":"https:\/\/api.w.org\/{rel}","templated":true}]}}