{"id":74735,"date":"2023-11-07T22:03:48","date_gmt":"2023-11-07T21:03:48","guid":{"rendered":"https:\/\/www.havohravo.com\/?post_type=product&#038;p=74735"},"modified":"2025-09-19T12:31:42","modified_gmt":"2025-09-19T10:31:42","slug":"2in1-leckerli-beutel","status":"publish","type":"product","link":"https:\/\/www.havohravo.com\/de\/produkt\/2in1-leckerli-beutel\/","title":{"rendered":"2in1 Leckerli Beutel"},"content":{"rendered":"<div class=\"wpb-content-wrapper\"><p>[vc_row][vc_column][vc_empty_space][\/vc_column][\/vc_row][vc_row][vc_column width=&#8220;1\/2&#8243;][vc_column_text]<\/p>\n<h3>2in1 Leckerli Beutel<\/h3>\n<p>Mit der 2in1-Leckerli-Tasche wird das Hundetraining jetzt viel einfacher! In dieser vielseitigen Tasche kannst du die Lieblingsleckerlis deines Hundes, Kotbeutel und sogar einen Clicker w\u00e4hrend des Trainings griffbereit halten. Dank des praktischen Magnetverschlusses l\u00e4sst sich die Tasche ganz einfach immer wieder \u00f6ffnen und schlie\u00dfen.<\/p>\n<p>Keine Angst mehr vor fettigen Leckerlis! Das strapazierf\u00e4hige Gewebe mit einer speziellen Beschichtung sorgt daf\u00fcr, dass das Fett der Leckerlis im Inneren des Beutels bleibt und nicht nach au\u00dfen dringt. Au\u00dferdem verf\u00fcgt der Beutel \u00fcber zwei getrennte Kammern gleicher Gr\u00f6\u00dfe, die sich perfekt f\u00fcr die Aufbewahrung von Leckerlis mit unterschiedlichem Wert eignen.<\/p>\n<p>Aber das ist noch nicht alles &#8211; diese Leckerlitasche ist auch unglaublich praktisch zu tragen. Sie ist mit einem verstellbaren G\u00fcrtel und einer seitlichen Schnalle ausgestattet, so dass du sie um die H\u00fcfte oder als Umh\u00e4ngetasche tragen kannst. Egal, ob im Park oder am Hundeplatz, du hast die Belohnungen f\u00fcr deinen Hund immer griffbereit.<\/p>\n<p>Kein Suche nach Leckerlis in den Hosentaschen mehr. Hol dir noch heute die 2in1 Leckerli-Tasche und mach das Hundetraining zum Kinderspiel![\/vc_column_text][vc_empty_space height=&#8220;24&#8243;][\/vc_column][vc_column width=&#8220;5\/12&#8243; offset=&#8220;vc_col-sm-offset-1&#8243;][vc_single_image image=&#8220;74742&#8243; img_size=&#8220;large&#8220;][vc_empty_space height=&#8220;24&#8243;][vc_column_text]<\/p>\n<h3>Gr\u00f6\u00dfe<\/h3>\n<p><strong>Verstellbarer G\u00fcrtel: <\/strong>bis zu 120 cm<\/p>\n<p><strong>Ma\u00dfen:<\/strong> 15 cm (H) x 13 cm (B) x 5 cm (T)<\/p>\n<h3>Material<\/h3>\n<p>Aussen: Kortexin \u2013 100 % Polyester mit PVC Beschichtung<br \/>\nInnen: wasserfeste strapazierf\u00e4hige Textilie<br \/>\nG\u00fcrtel: Polyester Gurtband<\/p>\n<h3>Reinigung<\/h3>\n<p>Zum Entfernen von Schmutz einfach mit einem feuchten Tuch abwischen.<br \/>\nHandw\u00e4sche oder Schonwaschgang in der Waschmaschine.[\/vc_column_text][vc_empty_space height=&#8220;24&#8243;][\/vc_column][\/vc_row]<\/p>\n<\/div>","protected":false},"excerpt":{"rendered":"<p>Das ultimative Accessoire f\u00fcr alles, was du beim Training mit Hund brauchst<\/p>\n","protected":false},"featured_media":74753,"template":"","meta":[],"pwb-brand":[],"product_cat":[861,885],"product_tag":[],"class_list":{"0":"post-74735","1":"product","2":"type-product","3":"status-publish","4":"has-post-thumbnail","6":"product_cat-fur-menschen","7":"product_cat-taschen-und-futterbeutel","9":"first","10":"instock","11":"featured","12":"taxable","13":"shipping-taxable","14":"purchasable","15":"product-type-variable"},"brands":[],"_links":{"self":[{"href":"https:\/\/www.havohravo.com\/de\/wp-json\/wp\/v2\/product\/74735","targetHints":{"allow":["GET"]}}],"collection":[{"href":"https:\/\/www.havohravo.com\/de\/wp-json\/wp\/v2\/product"}],"about":[{"href":"https:\/\/www.havohravo.com\/de\/wp-json\/wp\/v2\/types\/product"}],"wp:featuredmedia":[{"embeddable":true,"href":"https:\/\/www.havohravo.com\/de\/wp-json\/wp\/v2\/media\/74753"}],"wp:attachment":[{"href":"https:\/\/www.havohravo.com\/de\/wp-json\/wp\/v2\/media?parent=74735"}],"wp:term":[{"taxonomy":"pwb-brand","embeddable":true,"href":"https:\/\/www.havohravo.com\/de\/wp-json\/wp\/v2\/pwb-brand?post=74735"},{"taxonomy":"product_cat","embeddable":true,"href":"https:\/\/www.havohravo.com\/de\/wp-json\/wp\/v2\/product_cat?post=74735"},{"taxonomy":"product_tag","embeddable":true,"href":"https:\/\/www.havohravo.com\/de\/wp-json\/wp\/v2\/product_tag?post=74735"}],"curies":[{"name":"wp","href":"https:\/\/api.w.org\/{rel}","templated":true}]}}