{"id":75004,"date":"2023-11-14T12:26:15","date_gmt":"2023-11-14T11:26:15","guid":{"rendered":"https:\/\/www.havohravo.com\/?post_type=product&#038;p=75004"},"modified":"2023-11-14T12:54:48","modified_gmt":"2023-11-14T11:54:48","slug":"damen-jumpsuit","status":"publish","type":"product","link":"https:\/\/www.havohravo.com\/de\/produkt\/damen-jumpsuit\/","title":{"rendered":"Damen Jumpsuit"},"content":{"rendered":"<div class=\"wpb-content-wrapper\"><p>[vc_row][vc_column][vc_empty_space][\/vc_column][\/vc_row][vc_row][vc_column width=&#8220;1\/2&#8243;][vc_column_text]<br \/>\nEin sportlicher Jumpsuit, der perfekt auf die allt\u00e4glichen Bed\u00fcrfnisse eines Hundehalters abgestimmt ist.<\/p>\n<h3>Sportlicher Dogwalker Jumpsuit<\/h3>\n<ul>\n<li>100% wind- und wasserdicht, mit verklebten N\u00e4hten<\/li>\n<li>Ultraleicht, flexibel und bequem<\/li>\n<li>Reflektoren an beiden \u00c4rmeln (auch einklappbar) f\u00fcr Sichtbarkeit im Dunkeln<\/li>\n<li>Gro\u00dfe R\u00fcckentasche mit Rei\u00dfverschluss f\u00fcr Spielzeug und Zubeh\u00f6r<\/li>\n<li>Eingebauter Kotbeutelspender<\/li>\n<li>Quietscher f\u00fcr den Notfall-R\u00fcckruf<\/li>\n<li>Gro\u00dfe, verstellbare Kapuze mit Vliesfutter.<\/li>\n<li>2-Wege-Rei\u00dfverschluss<\/li>\n<\/ul>\n<p><strong>Gr\u00f6\u00dfe<\/strong><br \/>\nDer Jumpsuit hat eine gew\u00f6hnliche Gr\u00f6\u00dfe\/Passform.<br \/>\nVerf\u00fcgbar in Gr\u00f6\u00dfen XS &#8211; 4XL.<br \/>\n[\/vc_column_text][vc_empty_space height=&#8220;32&#8243;][vc_single_image image=&#8220;75057&#8243; img_size=&#8220;full&#8220;][\/vc_column][vc_column width=&#8220;5\/12&#8243; offset=&#8220;vc_col-sm-offset-1&#8243;][vc_column_text]<\/p>\n<h3>So findest Du die perfekte Gr\u00f6\u00dfe<\/h3>\n<p>Diese Jacke hat eine gew\u00f6hnliche Gr\u00f6\u00dfe\/Passform und entspricht der DogCoach-Gr\u00f6\u00dfentabelle. Um sicherzustellen, dass Du immer die beste Passform erh\u00e4ltst, verwende\u00a0doch gerne unsere praktische und einfache Gr\u00f6\u00dfentabelle.<\/p>\n<h3>Richtig Ma\u00df nehmen:<\/h3>\n<ol>\n<li><strong>Brust:<\/strong>\u00a0Messe mit einem Ma\u00dfband um Deine Schulterbl\u00e4tter herum und um die\u00a0weiteste Stelle Deiner Brust.<\/li>\n<li><strong>Taille:<\/strong>\u00a0Messen Deinen Taillenumfang. Dieser liegt wird in der Regel einen Zentimeter \u00fcber dem Bauchnabel gemessen.<\/li>\n<li><strong>H\u00fcfte:<\/strong>\u00a0Stellen\u00a0Deine F\u00fc\u00dfe aneinander und miss um die breiteste Stelle oben an der H\u00fcfte. Verwenden nun einfach diese Ma\u00dfe, um Deine Gr\u00f6\u00dfe in der Tabelle zu finden.<\/li>\n<\/ol>\n<p>Bitte beachten, dass die\u00a0<strong>L\u00e4nge<\/strong>\u00a0des Jumpsuits auf den Produktma\u00dfen basiert \u2013 nicht auf Deinen K\u00f6rperma\u00dfen.[\/vc_column_text][vc_empty_space height=&#8220;24&#8243;][vc_single_image image=&#8220;66993&#8243; img_size=&#8220;full&#8220;][vc_empty_space height=&#8220;24&#8243;][\/vc_column][\/vc_row]<\/p>\n<\/div>","protected":false},"excerpt":{"rendered":"<p>Das perfekte Gassi-Outfit f\u00fcr den Winter mit Hund und f\u00fcrs Training.<\/p>\n","protected":false},"featured_media":75059,"template":"","meta":[],"pwb-brand":[1998],"product_cat":[2183,861,887],"product_tag":[],"class_list":{"0":"post-75004","1":"product","2":"type-product","3":"status-publish","4":"has-post-thumbnail","6":"pwb-brand-dogcoach-de","7":"product_cat-jacken_gilets","8":"product_cat-fur-menschen","9":"product_cat-bekleidung","11":"first","12":"onbackorder","13":"featured","14":"taxable","15":"shipping-taxable","16":"purchasable","17":"product-type-variable"},"brands":[{"id":1998,"name":"Dogcoach","slug":"dogcoach-de"}],"_links":{"self":[{"href":"https:\/\/www.havohravo.com\/de\/wp-json\/wp\/v2\/product\/75004","targetHints":{"allow":["GET"]}}],"collection":[{"href":"https:\/\/www.havohravo.com\/de\/wp-json\/wp\/v2\/product"}],"about":[{"href":"https:\/\/www.havohravo.com\/de\/wp-json\/wp\/v2\/types\/product"}],"wp:featuredmedia":[{"embeddable":true,"href":"https:\/\/www.havohravo.com\/de\/wp-json\/wp\/v2\/media\/75059"}],"wp:attachment":[{"href":"https:\/\/www.havohravo.com\/de\/wp-json\/wp\/v2\/media?parent=75004"}],"wp:term":[{"taxonomy":"pwb-brand","embeddable":true,"href":"https:\/\/www.havohravo.com\/de\/wp-json\/wp\/v2\/pwb-brand?post=75004"},{"taxonomy":"product_cat","embeddable":true,"href":"https:\/\/www.havohravo.com\/de\/wp-json\/wp\/v2\/product_cat?post=75004"},{"taxonomy":"product_tag","embeddable":true,"href":"https:\/\/www.havohravo.com\/de\/wp-json\/wp\/v2\/product_tag?post=75004"}],"curies":[{"name":"wp","href":"https:\/\/api.w.org\/{rel}","templated":true}]}}