{"id":75674,"date":"2024-01-02T23:22:08","date_gmt":"2024-01-02T22:22:08","guid":{"rendered":"https:\/\/www.havohravo.com\/?post_type=product&#038;p=75674"},"modified":"2025-03-25T13:42:47","modified_gmt":"2025-03-25T12:42:47","slug":"zhu-pawzl","status":"publish","type":"product","link":"https:\/\/www.havohravo.com\/de\/produkt\/zhu-pawzl\/","title":{"rendered":"Zhu Pawzl"},"content":{"rendered":"<div class=\"wpb-content-wrapper\"><p>[vc_row][vc_column][vc_column_text]<\/p>\n<h3>Zhu Pawzl<\/h3>\n<p>Dieses Set besteht nur aus Zhu Pawzles. Zhu ben\u00f6tigt 4 Pl\u00e4tze auf deiner Basis und um an die 4 darunterliegenden Leckerli zu kommen m\u00fcssen die Schieberegler geschoben werden. Die Schieberegler k\u00f6nnen mit Nase, Zunge oder Pfote des Hundes bet\u00e4tigt werden.[\/vc_column_text][vc_empty_space height=&#8220;24px&#8220;][vc_column_text css=&#8220;&#8220;]<\/p>\n<h3>Spielzeug Guide<\/h3>\n<table>\n<tbody>\n<tr>\n<td width=\"301\"><strong>Spielzeugart:<\/strong><\/td>\n<td width=\"301\">Leckerlispender<\/td>\n<\/tr>\n<tr>\n<td width=\"301\"><strong>Geeignet f\u00fcr:<\/strong><\/td>\n<td width=\"301\">Kein Kauspielzeug! Falls du einen \u201cZerst\u00f6rer\u201d hast, lass den Hund mit dem Spielzeug nie unbeaufsichtig!<\/td>\n<\/tr>\n<tr>\n<td width=\"301\"><strong>Schwierigkeitsgrad:<\/strong><\/td>\n<td width=\"301\">\u00a0Level 1<\/td>\n<\/tr>\n<tr>\n<td width=\"301\"><strong>Gr\u00f6\u00dfe:<\/strong><\/td>\n<td width=\"301\">Nimmt 4 Felder auf der Basisplatte ein<\/td>\n<\/tr>\n<tr>\n<td width=\"301\"><strong>Geschirrsp\u00fcller geeignet:<\/strong><\/td>\n<td width=\"301\">Ja, obere Reihe<\/td>\n<\/tr>\n<tr>\n<td width=\"301\"><strong>Set enth\u00e4lt:<\/strong><\/td>\n<td width=\"301\">1 Stk<\/td>\n<\/tr>\n<\/tbody>\n<\/table>\n<p>[\/vc_column_text][vc_empty_space height=&#8220;24px&#8220;][vc_video link=&#8220;https:\/\/youtu.be\/DfVyR65CCmc?si=ZIWxCN5eIkHCmFuz&#8220;][vc_empty_space height=&#8220;24px&#8220;][vc_column_text]<\/p>\n<h3><span class=\"a-list-item\">Material &amp; Reinigung<\/span><\/h3>\n<div class=\"text-center mx-auto w-4\/5\">\n<div class=\"text-center mx-auto w-4\/5\">\n<ul>\n<li class=\"text-titles mt-4\">Ohne\u00a0<strong>scharfe Kanten<\/strong>.<\/li>\n<li class=\"text-titles mt-4\">Einfache Reinigung: Pawzler sind <strong>Sp\u00fclmaschinenfest. <\/strong><\/li>\n<li class=\"text-titles mt-4\">Hergestellt aus <strong>lebensmittelechten Materialien<\/strong>.<\/li>\n<li class=\"text-titles mt-4\">Blau- und Gelbt\u00f6ne, die <strong>dein Hund sehen kann.<\/strong><\/li>\n<\/ul>\n<\/div>\n<\/div>\n<p>[\/vc_column_text][\/vc_column][\/vc_row]<\/p>\n<\/div>","protected":false},"excerpt":{"rendered":"<p id=\"tw-target-text\" class=\"tw-data-text tw-text-large tw-ta\" dir=\"ltr\" data-placeholder=\"Translation\">Pawzler ist ein Spielzeug, das deinen Hund nicht nur unterh\u00e4lt \u2013 es stimuliert gleichzeitig auch sein Gehirn.<\/p>\n","protected":false},"featured_media":75678,"template":"","meta":[],"pwb-brand":[2210],"product_cat":[1974,2209],"product_tag":[],"class_list":{"0":"post-75674","1":"product","2":"type-product","3":"status-publish","4":"has-post-thumbnail","6":"pwb-brand-pawzler-de","7":"product_cat-hunde-enrichment","8":"product_cat-puzzles-de","10":"first","11":"instock","12":"taxable","13":"shipping-taxable","14":"purchasable","15":"product-type-simple"},"brands":[{"id":2210,"name":"Pawzler","slug":"pawzler-de"}],"_links":{"self":[{"href":"https:\/\/www.havohravo.com\/de\/wp-json\/wp\/v2\/product\/75674","targetHints":{"allow":["GET"]}}],"collection":[{"href":"https:\/\/www.havohravo.com\/de\/wp-json\/wp\/v2\/product"}],"about":[{"href":"https:\/\/www.havohravo.com\/de\/wp-json\/wp\/v2\/types\/product"}],"wp:featuredmedia":[{"embeddable":true,"href":"https:\/\/www.havohravo.com\/de\/wp-json\/wp\/v2\/media\/75678"}],"wp:attachment":[{"href":"https:\/\/www.havohravo.com\/de\/wp-json\/wp\/v2\/media?parent=75674"}],"wp:term":[{"taxonomy":"pwb-brand","embeddable":true,"href":"https:\/\/www.havohravo.com\/de\/wp-json\/wp\/v2\/pwb-brand?post=75674"},{"taxonomy":"product_cat","embeddable":true,"href":"https:\/\/www.havohravo.com\/de\/wp-json\/wp\/v2\/product_cat?post=75674"},{"taxonomy":"product_tag","embeddable":true,"href":"https:\/\/www.havohravo.com\/de\/wp-json\/wp\/v2\/product_tag?post=75674"}],"curies":[{"name":"wp","href":"https:\/\/api.w.org\/{rel}","templated":true}]}}