{"id":7590,"date":"2018-12-25T19:37:04","date_gmt":"2018-12-25T18:37:04","guid":{"rendered":"https:\/\/www.havohravo.com\/product\/tuggy-critters-rochen-small-standard-version\/"},"modified":"2025-01-05T14:57:01","modified_gmt":"2025-01-05T13:57:01","slug":"tuggy-critters-rochen","status":"publish","type":"product","link":"https:\/\/www.havohravo.com\/de\/produkt\/tuggy-critters-rochen\/","title":{"rendered":"Tuggy Critters Rochen"},"content":{"rendered":"<div class=\"wpb-content-wrapper\"><p>[vc_row][vc_column][vc_empty_space][\/vc_column][\/vc_row][vc_row][vc_column width=&#8220;2\/3&#8243; offset=&#8220;vc_col-sm-offset-2 vc_col-xs-12&#8243;][vc_column_text]<\/p>\n<h3>Tuggy Critters Rochen<\/h3>\n<p>Pl\u00fcsch-Spiel f\u00fcr Hunde, die kuscheliges Spielzeug mit Quietsche lieben!<\/p>\n<p>Das Spiel besteht aus havohravo\u00ae Tuggy-Griff und Hundespielzeug erstellt von Janie4Pets. Das Spielzeug dient zum aktiven Spiel zwischen dem Hundef\u00fchrer und dem Hund. Material: 100% Polyester.<\/p>\n<p>Griff ist gepolstert mit Fleece f\u00fcr ein angenehmes Gef\u00fchl beim Zerren. Integrierter R\u00fcckd\u00e4mpfer schont die Wirbels\u00e4ule vom Hund als auch Mensch beim abrupten Zug.<\/p>\n<p>Lassen sie den Hund mit dem Spielzeug nicht unbeaufsichtigt spielen. Falls das Spielzeug besch\u00e4digt ist, entnehmen sie es dem Hund. Dieses Spielzeug enth\u00e4lt ein Quietsche, Vorsicht, Schluckgefahr! Nicht geeignet f\u00fcr Kinder.<\/p>\n<p>Dieses Produkt kann in der Waschmaschine bei 30\u00b0C gewaschen werden. Verwenden sie keine Weichsp\u00fcler, nicht in den Trockner geben und nicht b\u00fcgeln.<\/p>\n<p>Das Produktbild dient nur zu den Illustrationszwecken. Farben vom Griff werden durch Zufall kombiniert. Falls du dir eine bestimmte Farbkombination w\u00fcnschen solltest, notiere es bitte bei Bestellungsprozess.<\/p>\n<h4>Gr\u00f6\u00dfe:<\/h4>\n<p>Rochen Small: 13 cm x 22 cm (H x B)<br \/>\nGesamtl\u00e4nge: ca. 49 cm<\/p>\n<p>Rochen Medium: 17 cm x 27 cm (H x B)<br \/>\nGesamtl\u00e4nge: ca. 53 cm[\/vc_column_text][vc_empty_space height=&#8220;32&#8243;][\/vc_column][\/vc_row]<\/p>\n<\/div>","protected":false},"excerpt":{"rendered":"<p>Pl\u00fcsch-Spiel f\u00fcr Hunde, die kuscheliges Spielzeug mit Quietsche lieben!<\/p>\n","protected":false},"featured_media":3407,"template":"","meta":[],"pwb-brand":[374],"product_cat":[1178,866,870],"product_tag":[],"class_list":{"0":"post-7590","1":"product","2":"type-product","3":"status-publish","4":"has-post-thumbnail","6":"pwb-brand-havohravo-de","7":"product_cat-pluschtierchen","8":"product_cat-hundespielzeug","9":"product_cat-spielzeug-mit-tuggy-griff","11":"first","12":"instock","13":"taxable","14":"shipping-taxable","15":"purchasable","16":"product-type-variable"},"brands":[{"id":374,"name":"havohravo","slug":"havohravo-de"}],"_links":{"self":[{"href":"https:\/\/www.havohravo.com\/de\/wp-json\/wp\/v2\/product\/7590","targetHints":{"allow":["GET"]}}],"collection":[{"href":"https:\/\/www.havohravo.com\/de\/wp-json\/wp\/v2\/product"}],"about":[{"href":"https:\/\/www.havohravo.com\/de\/wp-json\/wp\/v2\/types\/product"}],"wp:featuredmedia":[{"embeddable":true,"href":"https:\/\/www.havohravo.com\/de\/wp-json\/wp\/v2\/media\/3407"}],"wp:attachment":[{"href":"https:\/\/www.havohravo.com\/de\/wp-json\/wp\/v2\/media?parent=7590"}],"wp:term":[{"taxonomy":"pwb-brand","embeddable":true,"href":"https:\/\/www.havohravo.com\/de\/wp-json\/wp\/v2\/pwb-brand?post=7590"},{"taxonomy":"product_cat","embeddable":true,"href":"https:\/\/www.havohravo.com\/de\/wp-json\/wp\/v2\/product_cat?post=7590"},{"taxonomy":"product_tag","embeddable":true,"href":"https:\/\/www.havohravo.com\/de\/wp-json\/wp\/v2\/product_tag?post=7590"}],"curies":[{"name":"wp","href":"https:\/\/api.w.org\/{rel}","templated":true}]}}