{"id":76552,"date":"2024-01-17T12:01:39","date_gmt":"2024-01-17T11:01:39","guid":{"rendered":"https:\/\/www.havohravo.com\/?post_type=product&#038;p=76552"},"modified":"2026-03-24T22:12:41","modified_gmt":"2026-03-24T21:12:41","slug":"regenmantel-trekking","status":"publish","type":"product","link":"https:\/\/www.havohravo.com\/de\/produkt\/regenmantel-trekking\/","title":{"rendered":"Regenmantel Trekking"},"content":{"rendered":"<div class=\"wpb-content-wrapper\"><p>[vc_row][vc_column][vc_empty_space][\/vc_column][\/vc_row][vc_row][vc_column width=&#8220;1\/2&#8243;][vc_column_text]<\/p>\n<h3>Regenmantel Trekking<\/h3>\n<p>Der Trekking dog raincoat h\u00e4lt Deinen Hund an regnerischen Tagen angenehm und trocken. Der Regenmantel kann getragen werden, wenn Dein Hund in Bewegung ist und wenn er sich ausruht. Er ist so geformt, dass er den K\u00f6rper gut bedeckt und volle Bewegungsfreiheit bietet.<\/p>\n<p>Diese Hundejacke ist mit Funktionen wie Entw\u00e4sserungsl\u00f6chern am Brustst\u00fcck, Beinschlaufen und einer Leinen\u00f6ffnung f\u00fcr ein Geschirr ausgestattet (keine \u00d6ffnung f\u00fcr Leine). Reflektoren sorgen f\u00fcr Sichtbarkeit in der Dunkelheit und an bedeckten Tagen.<\/p>\n<p>Der Trekking dog raincoat ist in der Farbe Schwarz in den Gr\u00f6\u00dfen 27-70 erh\u00e4ltlich.<\/p>\n<p>[\/vc_column_text][vc_empty_space height=&#8220;24&#8243;][\/vc_column][vc_column width=&#8220;5\/12&#8243; offset=&#8220;vc_col-sm-offset-1&#8243;][vc_column_text]<\/p>\n<h3>Charakteristik<\/h3>\n<ul>\n<li>Stoff:\u202f\u202f54% Polyester + 46% Recycled Polyester Pongee mit TPU Lamination + 2.5L Printed. (Recycelt)<\/li>\n<li>Wassers\u00e4ule: 10.000 mm<\/li>\n<li>Atmungsaktivit\u00e4t: 10.000 mm<\/li>\n<li>Schnallen: Duraflex\u00ae SJ<\/li>\n<li>Gurtband: Polyester<\/li>\n<li>\u00d6ffnungen zum Ablaufen des Wassers<\/li>\n<li>Tasche aus Meshgewebe<\/li>\n<li>Beinschlaufen<\/li>\n<li>Haken und Schlaufenverschl\u00fcsse<\/li>\n<li>Einstellung \u00fcber elastisches Band<\/li>\n<li>Reflektierender Druck<\/li>\n<li>Verschwei\u00dfte N\u00e4hte<\/li>\n<\/ul>\n<p>[\/vc_column_text][vc_empty_space height=&#8220;24&#8243;][\/vc_column][\/vc_row][vc_row][vc_column][vc_empty_space height=&#8220;32&#8243;][vc_column_text]<\/p>\n<table cellspacing=\"0\" cellpadding=\"0\">\n<tbody>\n<tr>\n<td valign=\"bottom\"><strong>Gr\u00f6\u00dfe<\/strong><\/td>\n<td valign=\"bottom\"><strong>R\u00fcckenl\u00e4nge<\/strong><\/td>\n<td valign=\"bottom\"><strong>Mantell\u00e4nge<\/strong><\/td>\n<\/tr>\n<tr>\n<td valign=\"bottom\">27<\/td>\n<td valign=\"bottom\">25-29 cm<\/td>\n<td valign=\"bottom\">28 cm<\/td>\n<\/tr>\n<tr>\n<td valign=\"bottom\">30<\/td>\n<td valign=\"bottom\">28-32 cm<\/td>\n<td valign=\"bottom\">32 cm<\/td>\n<\/tr>\n<tr>\n<td valign=\"bottom\">33<\/td>\n<td valign=\"bottom\">31-35 cm<\/td>\n<td valign=\"bottom\">35 cm<\/td>\n<\/tr>\n<tr>\n<td valign=\"bottom\">36<\/td>\n<td valign=\"bottom\">33-39 cm<\/td>\n<td valign=\"bottom\">38 cm<\/td>\n<\/tr>\n<tr>\n<td valign=\"bottom\">40<\/td>\n<td valign=\"bottom\">37-43 cm<\/td>\n<td valign=\"bottom\">42 cm<\/td>\n<\/tr>\n<tr>\n<td valign=\"bottom\">45<\/td>\n<td valign=\"bottom\">42-48 cm<\/td>\n<td valign=\"bottom\">47 cm<\/td>\n<\/tr>\n<tr>\n<td valign=\"bottom\">50<\/td>\n<td valign=\"bottom\">47-53 cm<\/td>\n<td valign=\"bottom\">53 cm<\/td>\n<\/tr>\n<tr>\n<td valign=\"bottom\">55<\/td>\n<td valign=\"bottom\">52-58 cm<\/td>\n<td valign=\"bottom\">58 cm<\/td>\n<\/tr>\n<tr>\n<td valign=\"bottom\">60<\/td>\n<td valign=\"bottom\">57-63 cm<\/td>\n<td valign=\"bottom\">63 cm<\/td>\n<\/tr>\n<tr>\n<td valign=\"bottom\">65<\/td>\n<td valign=\"bottom\">62-68 cm<\/td>\n<td valign=\"bottom\">68 cm<\/td>\n<\/tr>\n<tr>\n<td valign=\"bottom\">70<\/td>\n<td valign=\"bottom\">64-76 cm<\/td>\n<td valign=\"bottom\">73 cm<\/td>\n<\/tr>\n<\/tbody>\n<\/table>\n<p>[\/vc_column_text][\/vc_column][\/vc_row]<\/p>\n<\/div>","protected":false},"excerpt":{"rendered":"<p>Ein Regenmantel f\u00fcr Hunde mit 2,5-lagiger, verschwei\u00dfter Nahtkonstruktion und einer Wassers\u00e4ule von 10.000 mm.<\/p>\n","protected":false},"featured_media":76506,"template":"","meta":[],"pwb-brand":[378],"product_cat":[2166,879,881],"product_tag":[],"class_list":{"0":"post-76552","1":"product","2":"type-product","3":"status-publish","4":"has-post-thumbnail","6":"pwb-brand-non-stop-dogwear-de","7":"product_cat-regenmantel","8":"product_cat-hundemode","9":"product_cat-mantel-und-jacken","11":"first","12":"instock","13":"taxable","14":"shipping-taxable","15":"purchasable","16":"product-type-variable"},"brands":[{"id":378,"name":"Non-Stop Dogwear","slug":"non-stop-dogwear-de"}],"_links":{"self":[{"href":"https:\/\/www.havohravo.com\/de\/wp-json\/wp\/v2\/product\/76552","targetHints":{"allow":["GET"]}}],"collection":[{"href":"https:\/\/www.havohravo.com\/de\/wp-json\/wp\/v2\/product"}],"about":[{"href":"https:\/\/www.havohravo.com\/de\/wp-json\/wp\/v2\/types\/product"}],"wp:featuredmedia":[{"embeddable":true,"href":"https:\/\/www.havohravo.com\/de\/wp-json\/wp\/v2\/media\/76506"}],"wp:attachment":[{"href":"https:\/\/www.havohravo.com\/de\/wp-json\/wp\/v2\/media?parent=76552"}],"wp:term":[{"taxonomy":"pwb-brand","embeddable":true,"href":"https:\/\/www.havohravo.com\/de\/wp-json\/wp\/v2\/pwb-brand?post=76552"},{"taxonomy":"product_cat","embeddable":true,"href":"https:\/\/www.havohravo.com\/de\/wp-json\/wp\/v2\/product_cat?post=76552"},{"taxonomy":"product_tag","embeddable":true,"href":"https:\/\/www.havohravo.com\/de\/wp-json\/wp\/v2\/product_tag?post=76552"}],"curies":[{"name":"wp","href":"https:\/\/api.w.org\/{rel}","templated":true}]}}