{"id":76611,"date":"2024-01-23T15:07:10","date_gmt":"2024-01-23T14:07:10","guid":{"rendered":"https:\/\/www.havohravo.com\/?post_type=product&#038;p=76611"},"modified":"2024-01-23T15:20:36","modified_gmt":"2024-01-23T14:20:36","slug":"brustgeschirr-freemotion-wd","status":"publish","type":"product","link":"https:\/\/www.havohravo.com\/de\/produkt\/brustgeschirr-freemotion-wd\/","title":{"rendered":"Brustgeschirr Freemotion WD"},"content":{"rendered":"<div class=\"wpb-content-wrapper\"><p>[vc_row][vc_column][vc_column_text]<\/p>\n<div class=\"wpb_text_column wpb_content_element \">\n<div class=\"wpb_wrapper\">\n<h3>Charakteristik<\/h3>\n<table>\n<tbody>\n<tr>\n<td width=\"301\"><strong>Brustgeschirrtyp:<\/strong><\/td>\n<td width=\"301\">H-Back, langes Zuggeschirr<\/td>\n<\/tr>\n<tr>\n<td width=\"301\"><strong>Passt f\u00fcr:<\/strong><\/td>\n<td width=\"301\">Kr\u00e4ftig gebaute Hunde mit tiefem Brustkorb oder f\u00fcr Hunde, die beim Ziehen nicht den Kopf tief nach unten geben.<\/td>\n<\/tr>\n<tr>\n<td width=\"301\"><strong>Verstellbar:<\/strong><\/td>\n<td width=\"301\">Ja: teilweise Brustkorb und L\u00e4nge<\/td>\n<\/tr>\n<tr>\n<td width=\"301\"><strong>Geeignete Anwendung:<\/strong><\/td>\n<td width=\"301\">Zugsport wo der Zug von Richtung oben kommt (Laufgurt, Bike\/Trettroller). Nicht geeignet f\u00fcr Weight-Pulling, wo der Zug von unten kommt.<\/td>\n<\/tr>\n<\/tbody>\n<\/table>\n<\/div>\n<\/div>\n<p>[\/vc_column_text][vc_empty_space height=&#8220;24px&#8220;][\/vc_column][\/vc_row][vc_row][vc_column][vc_column_text]<\/p>\n<div>\n<h3>Brustgeschirr Freemotion Working Dog<\/h3>\n<\/div>\n<div>\n<p>Die Hauptfunktion dieses Hundegeschirrs ist das Ziehen, um sich auf Kampfmissionen und Eins\u00e4tze vorzubereiten. Das Geschirr kann auch f\u00fcr das k\u00f6rperliche Training mit Hund w\u00e4hrend des Einsatzes verwendet werden.<\/p>\n<p>Dieses Hundegeschirr wurde speziell f\u00fcr Aktivit\u00e4ten mit einem hohen Zugpunkt entwickelt, wie z.B. Laufen, Radfahren oder Skifahren. Es passt in der Regel f\u00fcr Hunde mit kr\u00e4ftigem K\u00f6rperbau und tiefer Brust. Dieses Geschirr ist keine gute Wahl f\u00fcr Hunde, die gern mit gesenktem Kopf ziehen. Dieses Geschirr gibt der Wirbels\u00e4ule zus\u00e4tzliche Stabilit\u00e4t, was f\u00fcr Hunde mit R\u00fcckenproblemen, die dennoch vom Lauftraining profitieren, von Vorteil sein kann. Dieses Geschirr kann auch \u00e4ngstlichen Hunden zus\u00e4tzlichen \u201cKomfort\u201d bieten \u2013 \u00e4hnlich dem Effekt eines \u201cThunder-Shirts\u201d.<\/p>\n<\/div>\n<div>\n<p>Alle Stoffe wurden sorgf\u00e4ltig ausgew\u00e4hlt, um sowohl strapazierf\u00e4hig als auch bequem zu sein. Das Innenfutter ist sanft zum Fell deines Hundes. Es gibt keine harten Kanten, und jede Naht hat ihre glatte Seite zum K\u00f6rper deines Hundes hin, um Scheuerstellen zu vermeiden.<\/p>\n<\/div>\n<p>[\/vc_column_text][vc_empty_space height=&#8220;24&#8243;][\/vc_column][\/vc_row][vc_row][vc_column][vc_column_text]<\/p>\n<div class=\"wpb_text_column wpb_content_element \">\n<div class=\"wpb_wrapper\">\n<p>Falls du die bisherige version von Freemotion Brustgeschirr hast, die meisten Hunde passen bei Freemotion WD in die gleiche Gr\u00f6\u00dfe.<\/p>\n<table>\n<tbody>\n<tr>\n<td><strong>Gr\u00f6\u00dfe<\/strong><\/td>\n<td><strong>Halsumfang<\/strong><\/td>\n<td><strong>Halsauschnitt am Geschirr<\/strong><\/td>\n<\/tr>\n<tr>\n<td>4<\/td>\n<td>33 \u2013 36 cm<\/td>\n<td>41 cm<\/td>\n<\/tr>\n<tr>\n<td>5<\/td>\n<td>36 \u2013 40 cm<\/td>\n<td>46 cm<\/td>\n<\/tr>\n<tr>\n<td>6<\/td>\n<td>40 \u2013 44 cm<\/td>\n<td>50 cm<\/td>\n<\/tr>\n<tr>\n<td>7<\/td>\n<td>44 \u2013 48 cm<\/td>\n<td>54 cm<\/td>\n<\/tr>\n<tr>\n<td>8<\/td>\n<td>48 \u2013 52 cm<\/td>\n<td>60 cm<\/td>\n<\/tr>\n<\/tbody>\n<\/table>\n<\/div>\n<\/div>\n<p>[\/vc_column_text][vc_empty_space height=&#8220;24&#8243;][\/vc_column][\/vc_row][vc_row][vc_column][vc_column_text]<\/p>\n<h3 class=\"p1\">Richtige Anpassung vom Brustgeschirr<\/h3>\n<p>[\/vc_column_text][vc_single_image image=&#8220;67700&#8243; img_size=&#8220;full&#8220;][vc_empty_space height=&#8220;24&#8243;][\/vc_column][\/vc_row]<\/p>\n<\/div>","protected":false},"excerpt":{"rendered":"<p>Ein Zuggeschirr f\u00fcr k\u00f6rperliche \u00dcbungen mit h\u00f6herem Zugpunkt, entwickelt f\u00fcr freie Schulterbewegungen und unbeschr\u00e4nktes Atmen.<\/p>\n","protected":false},"featured_media":76629,"template":"","meta":[],"pwb-brand":[378],"product_cat":[1678,879,883],"product_tag":[],"class_list":{"0":"post-76611","1":"product","2":"type-product","3":"status-publish","4":"has-post-thumbnail","6":"pwb-brand-non-stop-dogwear-de","7":"product_cat-zugbrustgeschirre","8":"product_cat-hundemode","9":"product_cat-brustgeschirre","11":"first","12":"instock","13":"featured","14":"taxable","15":"shipping-taxable","16":"purchasable","17":"product-type-variable"},"brands":[{"id":378,"name":"Non-Stop Dogwear","slug":"non-stop-dogwear-de"}],"_links":{"self":[{"href":"https:\/\/www.havohravo.com\/de\/wp-json\/wp\/v2\/product\/76611","targetHints":{"allow":["GET"]}}],"collection":[{"href":"https:\/\/www.havohravo.com\/de\/wp-json\/wp\/v2\/product"}],"about":[{"href":"https:\/\/www.havohravo.com\/de\/wp-json\/wp\/v2\/types\/product"}],"wp:featuredmedia":[{"embeddable":true,"href":"https:\/\/www.havohravo.com\/de\/wp-json\/wp\/v2\/media\/76629"}],"wp:attachment":[{"href":"https:\/\/www.havohravo.com\/de\/wp-json\/wp\/v2\/media?parent=76611"}],"wp:term":[{"taxonomy":"pwb-brand","embeddable":true,"href":"https:\/\/www.havohravo.com\/de\/wp-json\/wp\/v2\/pwb-brand?post=76611"},{"taxonomy":"product_cat","embeddable":true,"href":"https:\/\/www.havohravo.com\/de\/wp-json\/wp\/v2\/product_cat?post=76611"},{"taxonomy":"product_tag","embeddable":true,"href":"https:\/\/www.havohravo.com\/de\/wp-json\/wp\/v2\/product_tag?post=76611"}],"curies":[{"name":"wp","href":"https:\/\/api.w.org\/{rel}","templated":true}]}}