{"id":76648,"date":"2024-01-23T15:21:39","date_gmt":"2024-01-23T14:21:39","guid":{"rendered":"https:\/\/www.havohravo.com\/?post_type=product&#038;p=76648"},"modified":"2025-05-07T22:00:28","modified_gmt":"2025-05-07T20:00:28","slug":"brustgeschirr-line-grip-wd","status":"publish","type":"product","link":"https:\/\/www.havohravo.com\/de\/produkt\/brustgeschirr-line-grip-wd\/","title":{"rendered":"Brustgeschirr Line Grip WD"},"content":{"rendered":"<div class=\"wpb-content-wrapper\"><p>[vc_row][vc_column][vc_column_text]<\/p>\n<h3>Charakteristik<\/h3>\n<table>\n<tbody>\n<tr>\n<td width=\"301\"><strong>Brustgeschirrtyp:<\/strong><\/td>\n<td width=\"301\">Y-Form, kurzes Brustgeschirr<\/td>\n<\/tr>\n<tr>\n<td width=\"301\"><strong>Hundef\u00fchrigkeit:<\/strong><\/td>\n<td width=\"301\">erm\u00f6glicht gute Kontrolle \u00fcber dem Hund<\/td>\n<\/tr>\n<tr>\n<td width=\"301\"><strong>Geeignet f\u00fcr Zugsport:<\/strong><\/td>\n<td width=\"301\">Nein (nur f\u00fcr Hunde mit niedrigem Zug-Drive).<\/td>\n<\/tr>\n<tr>\n<td width=\"301\"><strong>Verstellbarer Halsumfang:<\/strong><\/td>\n<td width=\"301\">Nein<\/td>\n<\/tr>\n<tr>\n<td width=\"301\"><strong>Ausgestattet mit Griff:<\/strong><\/td>\n<td width=\"301\">Ja<\/td>\n<\/tr>\n<tr>\n<td width=\"301\"><strong>Geeignete Anwendung:<\/strong><\/td>\n<td width=\"301\">Alltag, Mantrailing, Wandern<\/td>\n<\/tr>\n<\/tbody>\n<\/table>\n<p>[\/vc_column_text][vc_empty_space][\/vc_column][\/vc_row][vc_row][vc_column width=&#8220;1\/2&#8243;][vc_column_text]<\/p>\n<h3>Brustgeschirr Line Grip Working Dog<\/h3>\n<p>Leichtes Hundegeschirr, das f\u00fcr Einsatz- und Trainingszwecke entwickelt wurde. Die Vielseitigkeit des Geschirrs erm\u00f6glicht eine Vielzahl von Anwendungen wie F\u00e4hrtenarbeit, Patrollen, Schutz, Training und Sucheins\u00e4tze.<\/p>\n<p>Der Griff auf der R\u00fcckseite bietet dir die M\u00f6glichkeit, den Hund \u00fcber Hindernisse zu heben. Er kann auch verwendet werden, um den Hund in einer taktischen oder Trainingssituation leicht zu halten.<\/p>\n<p>Die zwei Befestigungspunkte f\u00fcr die Leine machen dieses Geschirr vielseitig einsetzbar. Neben dem Leinenbefestigungspunkt auf dem R\u00fccken gibt es einen unter dem Bauch f\u00fcr eine F\u00e4hrtenleine. So kann sich dein Arbeitshund bei der Suche frei bewegen, ohne dass sich die Leine in seinen Beinen verheddert.<\/p>\n<p>Das Hundegeschirr Line Grip WD wird mit leichten Metallschnallen geliefert.[\/vc_column_text][vc_empty_space height=&#8220;24&#8243;][\/vc_column][vc_column width=&#8220;1\/2&#8243;][vc_single_image image=&#8220;76659&#8243; img_size=&#8220;full&#8220;][vc_empty_space height=&#8220;24&#8243;][\/vc_column][\/vc_row][vc_row][vc_column][vc_column_text]<\/p>\n<h3>Richtige Passform<\/h3>\n<div class=\"_imgLayer_1titd_63\"><strong>HALS:<\/strong><br \/>\nBei einem mittelgro\u00dfen Hund (Gr\u00f6\u00dfe 4-6) sollten vertikal mindestens 2 Finger zwischen den Nacken des Hundes und das Geschirr passen. Etwas weniger f\u00fcr kleinere Hunde, mehr f\u00fcr gr\u00f6\u00dfere Hunde. Wichtig! Die Finger m\u00fcssen \u00fcbereinander liegen, zwischen Hals und Geschirr.<\/div>\n<p><strong>ACHSELN<\/strong><br \/>\nAchten darauf, dass dein Hund gen\u00fcgend Platz hat, um sich frei zu bewegen.<\/p>\n<p><strong>BRUSTKORB<\/strong><br \/>\nBei mittelgro\u00dfen Hunden solltest du mindestens 2 Finger senkrecht zwischen Brustkorb und Geschirr stecken k\u00f6nnen. Stelle es auf beiden Seiten so gleichm\u00e4\u00dfig wie m\u00f6glich ein. Nach der Ersteinstellung fixiere die Brustgurte gegen verrutschen, indem du das Ende des Gurtes einfach wieder durch den Verschluss durchf\u00e4delst.[\/vc_column_text][vc_empty_space height=&#8220;24&#8243;][vc_column_text css=&#8220;&#8220;]<\/p>\n<table cellspacing=\"0\" cellpadding=\"0\">\n<tbody>\n<tr>\n<td valign=\"bottom\"><strong>Gr\u00f6\u00dfe<\/strong><\/td>\n<td valign=\"bottom\"><strong>Halsumfang<\/strong><\/td>\n<td valign=\"bottom\"><strong>Brustumfang<\/strong><\/td>\n<\/tr>\n<tr>\n<td valign=\"bottom\">4<\/td>\n<td valign=\"bottom\">32-36 cm<\/td>\n<td valign=\"bottom\">41 &#8211; 68 cm<\/td>\n<\/tr>\n<tr>\n<td valign=\"bottom\">5<\/td>\n<td valign=\"bottom\">36-40 cm<\/td>\n<td valign=\"bottom\">52 &#8211; 78 cm<\/td>\n<\/tr>\n<tr>\n<td valign=\"bottom\">6<\/td>\n<td valign=\"bottom\">40-47 cm<\/td>\n<td valign=\"bottom\">56 &#8211; 87 cm<\/td>\n<\/tr>\n<tr>\n<td valign=\"bottom\">7<\/td>\n<td valign=\"bottom\">46-51 cm<\/td>\n<td valign=\"bottom\">61 &#8211; 92 cm<\/td>\n<\/tr>\n<tr>\n<td valign=\"bottom\">8<\/td>\n<td valign=\"bottom\">51-57 cm<\/td>\n<td valign=\"bottom\">67 &#8211; 102 cm<\/td>\n<\/tr>\n<\/tbody>\n<\/table>\n<p>[\/vc_column_text][\/vc_column][\/vc_row]<\/p>\n<\/div>","protected":false},"excerpt":{"rendered":"<p>Leichtes Hundegeschirr, das f\u00fcr Einsatz- und Trainingszwecke entwickelt wurde.<\/p>\n","protected":false},"featured_media":76627,"template":"","meta":[],"pwb-brand":[378],"product_cat":[1675,879,883],"product_tag":[],"class_list":{"0":"post-76648","1":"product","2":"type-product","3":"status-publish","4":"has-post-thumbnail","6":"pwb-brand-non-stop-dogwear-de","7":"product_cat-kurze-brustgeschirre","8":"product_cat-hundemode","9":"product_cat-brustgeschirre","11":"first","12":"instock","13":"featured","14":"taxable","15":"shipping-taxable","16":"purchasable","17":"product-type-variable"},"brands":[{"id":378,"name":"Non-Stop Dogwear","slug":"non-stop-dogwear-de"}],"_links":{"self":[{"href":"https:\/\/www.havohravo.com\/de\/wp-json\/wp\/v2\/product\/76648","targetHints":{"allow":["GET"]}}],"collection":[{"href":"https:\/\/www.havohravo.com\/de\/wp-json\/wp\/v2\/product"}],"about":[{"href":"https:\/\/www.havohravo.com\/de\/wp-json\/wp\/v2\/types\/product"}],"wp:featuredmedia":[{"embeddable":true,"href":"https:\/\/www.havohravo.com\/de\/wp-json\/wp\/v2\/media\/76627"}],"wp:attachment":[{"href":"https:\/\/www.havohravo.com\/de\/wp-json\/wp\/v2\/media?parent=76648"}],"wp:term":[{"taxonomy":"pwb-brand","embeddable":true,"href":"https:\/\/www.havohravo.com\/de\/wp-json\/wp\/v2\/pwb-brand?post=76648"},{"taxonomy":"product_cat","embeddable":true,"href":"https:\/\/www.havohravo.com\/de\/wp-json\/wp\/v2\/product_cat?post=76648"},{"taxonomy":"product_tag","embeddable":true,"href":"https:\/\/www.havohravo.com\/de\/wp-json\/wp\/v2\/product_tag?post=76648"}],"curies":[{"name":"wp","href":"https:\/\/api.w.org\/{rel}","templated":true}]}}