{"id":76674,"date":"2024-01-23T15:38:36","date_gmt":"2024-01-23T14:38:36","guid":{"rendered":"https:\/\/www.havohravo.com\/?post_type=product&#038;p=76674"},"modified":"2024-01-23T15:51:38","modified_gmt":"2024-01-23T14:51:38","slug":"zugstophalsband-wd","status":"publish","type":"product","link":"https:\/\/www.havohravo.com\/de\/produkt\/zugstophalsband-wd\/","title":{"rendered":"Zugstophalsband WD"},"content":{"rendered":"<div class=\"wpb-content-wrapper\"><p>[vc_row][vc_column][vc_empty_space][\/vc_column][\/vc_row][vc_row][vc_column width=&#8220;1\/2&#8243;][vc_column_text]<\/p>\n<h3>Zugstophalsband Working Dog<\/h3>\n<p>Das Zugstophalsband ist 50 mm breit, um den Druck auf eine gro\u00dfe Fl\u00e4che zu verteilen. Dies erh\u00f6ht den Komfort f\u00fcr deinen Hund.<\/p>\n<p>Das Halsband hat eine Zugstop-Funktion, die das Risiko verringert, dass dein Hund aus dem Halsband herauskommt. Diese Art von Halsband l\u00e4sst sich leicht anlegen und abnehmen und ist sanft zum Fell des Hundes. Die Standardfarben des Halsbandes sind schwarz und gr\u00fcn.[\/vc_column_text][vc_empty_space height=&#8220;24&#8243;][\/vc_column][vc_column width=&#8220;5\/12&#8243; offset=&#8220;vc_col-sm-offset-1&#8243;][vc_column_text]<\/p>\n<h3>Charakteristik<\/h3>\n<ul>\n<li>EVA Polsterung<\/li>\n<li>420D Beschichtung<\/li>\n<li>Zugstop-Funktion<\/li>\n<li>D-Ring<\/li>\n<\/ul>\n<p>[\/vc_column_text][vc_empty_space height=&#8220;24&#8243;][\/vc_column][\/vc_row][vc_row][vc_column][vc_empty_space height=&#8220;32&#8243;][vc_column_text]<\/p>\n<table style=\"width: 20.8174%; height: 240px;\">\n<tbody>\n<tr style=\"height: 24px;\">\n<td style=\"width: 63px; height: 48px;\" valign=\"bottom\"><strong>Gr\u00f6\u00dfe<\/strong><\/td>\n<td style=\"width: 151px; height: 48px;\" valign=\"bottom\"><strong>Halsumfang min.<\/strong><\/td>\n<td style=\"width: 151px; height: 48px;\" valign=\"bottom\"><strong>Kopfumfang<\/strong><\/td>\n<\/tr>\n<tr style=\"height: 24px;\">\n<td style=\"width: 63px; height: 24px;\">40<\/td>\n<td style=\"width: 151px; height: 24px;\">35 cm<\/td>\n<td style=\"width: 151px; height: 24px;\">40 cm<\/td>\n<\/tr>\n<tr style=\"height: 24px;\">\n<td style=\"width: 63px; height: 24px;\">43<\/td>\n<td style=\"width: 151px; height: 24px;\">38 cm<\/td>\n<td style=\"width: 151px; height: 24px;\">43 cm<\/td>\n<\/tr>\n<tr style=\"height: 24px;\">\n<td style=\"width: 63px; height: 24px;\">46<\/td>\n<td style=\"width: 151px; height: 24px;\">41 cm<\/td>\n<td style=\"width: 151px; height: 24px;\">46 cm<\/td>\n<\/tr>\n<tr style=\"height: 24px;\">\n<td style=\"width: 63px; height: 24px;\" valign=\"bottom\">49<\/td>\n<td style=\"width: 151px; height: 24px;\" valign=\"bottom\">44 cm<\/td>\n<td style=\"width: 151px; height: 24px;\">49 cm<\/td>\n<\/tr>\n<tr style=\"height: 24px;\">\n<td style=\"width: 63px; height: 24px;\" valign=\"bottom\">52<\/td>\n<td style=\"width: 151px; height: 24px;\" valign=\"bottom\">47 cm<\/td>\n<td style=\"width: 151px; height: 24px;\">52 cm<\/td>\n<\/tr>\n<tr style=\"height: 24px;\">\n<td style=\"width: 63px; height: 24px;\" valign=\"bottom\">55<\/td>\n<td style=\"width: 151px; height: 24px;\" valign=\"bottom\">50 cm<\/td>\n<td style=\"width: 151px; height: 24px;\">55 cm<\/td>\n<\/tr>\n<\/tbody>\n<\/table>\n<p>[\/vc_column_text][vc_empty_space height=&#8220;24&#8243;][\/vc_column][\/vc_row]<\/p>\n<\/div>","protected":false},"excerpt":{"rendered":"<p>Ein breites, leichtes und bequemes Halsband mit Logom\u00f6glichkeit f\u00fcr Arbeitshunde.<\/p>\n","protected":false},"featured_media":76635,"template":"","meta":[],"pwb-brand":[378],"product_cat":[879,882],"product_tag":[],"class_list":{"0":"post-76674","1":"product","2":"type-product","3":"status-publish","4":"has-post-thumbnail","6":"pwb-brand-non-stop-dogwear-de","7":"product_cat-hundemode","8":"product_cat-halsbander","10":"first","11":"instock","12":"featured","13":"taxable","14":"shipping-taxable","15":"purchasable","16":"product-type-variable"},"brands":[{"id":378,"name":"Non-Stop Dogwear","slug":"non-stop-dogwear-de"}],"_links":{"self":[{"href":"https:\/\/www.havohravo.com\/de\/wp-json\/wp\/v2\/product\/76674","targetHints":{"allow":["GET"]}}],"collection":[{"href":"https:\/\/www.havohravo.com\/de\/wp-json\/wp\/v2\/product"}],"about":[{"href":"https:\/\/www.havohravo.com\/de\/wp-json\/wp\/v2\/types\/product"}],"wp:featuredmedia":[{"embeddable":true,"href":"https:\/\/www.havohravo.com\/de\/wp-json\/wp\/v2\/media\/76635"}],"wp:attachment":[{"href":"https:\/\/www.havohravo.com\/de\/wp-json\/wp\/v2\/media?parent=76674"}],"wp:term":[{"taxonomy":"pwb-brand","embeddable":true,"href":"https:\/\/www.havohravo.com\/de\/wp-json\/wp\/v2\/pwb-brand?post=76674"},{"taxonomy":"product_cat","embeddable":true,"href":"https:\/\/www.havohravo.com\/de\/wp-json\/wp\/v2\/product_cat?post=76674"},{"taxonomy":"product_tag","embeddable":true,"href":"https:\/\/www.havohravo.com\/de\/wp-json\/wp\/v2\/product_tag?post=76674"}],"curies":[{"name":"wp","href":"https:\/\/api.w.org\/{rel}","templated":true}]}}