{"id":76699,"date":"2024-01-23T15:52:17","date_gmt":"2024-01-23T14:52:17","guid":{"rendered":"https:\/\/www.havohravo.com\/?post_type=product&#038;p=76699"},"modified":"2024-01-23T16:17:07","modified_gmt":"2024-01-23T15:17:07","slug":"verstellbares-halsband-wd","status":"publish","type":"product","link":"https:\/\/www.havohravo.com\/de\/produkt\/verstellbares-halsband-wd\/","title":{"rendered":"Verstellbares Halsband WD"},"content":{"rendered":"<div class=\"wpb-content-wrapper\"><p>[vc_row][vc_column][vc_column_text]Das Halsband hat eine Semi-Slip-Funktion, die das Risiko reduziert, dass dein Hund sich aus dem Halsband befreit. Es ist leicht verstellbar und kommt in Einheitsgr\u00f6\u00dfe.[\/vc_column_text][\/vc_column][\/vc_row]<\/p>\n<\/div>","protected":false},"excerpt":{"rendered":"<p>Das Halsband l\u00e4sst sich leicht auf die richtige Gr\u00f6\u00dfe anpassen<\/p>\n","protected":false},"featured_media":76633,"template":"","meta":[],"pwb-brand":[378],"product_cat":[879,882],"product_tag":[],"class_list":{"0":"post-76699","1":"product","2":"type-product","3":"status-publish","4":"has-post-thumbnail","6":"pwb-brand-non-stop-dogwear-de","7":"product_cat-hundemode","8":"product_cat-halsbander","10":"first","11":"onbackorder","12":"featured","13":"taxable","14":"shipping-taxable","15":"purchasable","16":"product-type-simple"},"brands":[{"id":378,"name":"Non-Stop Dogwear","slug":"non-stop-dogwear-de"}],"_links":{"self":[{"href":"https:\/\/www.havohravo.com\/de\/wp-json\/wp\/v2\/product\/76699","targetHints":{"allow":["GET"]}}],"collection":[{"href":"https:\/\/www.havohravo.com\/de\/wp-json\/wp\/v2\/product"}],"about":[{"href":"https:\/\/www.havohravo.com\/de\/wp-json\/wp\/v2\/types\/product"}],"wp:featuredmedia":[{"embeddable":true,"href":"https:\/\/www.havohravo.com\/de\/wp-json\/wp\/v2\/media\/76633"}],"wp:attachment":[{"href":"https:\/\/www.havohravo.com\/de\/wp-json\/wp\/v2\/media?parent=76699"}],"wp:term":[{"taxonomy":"pwb-brand","embeddable":true,"href":"https:\/\/www.havohravo.com\/de\/wp-json\/wp\/v2\/pwb-brand?post=76699"},{"taxonomy":"product_cat","embeddable":true,"href":"https:\/\/www.havohravo.com\/de\/wp-json\/wp\/v2\/product_cat?post=76699"},{"taxonomy":"product_tag","embeddable":true,"href":"https:\/\/www.havohravo.com\/de\/wp-json\/wp\/v2\/product_tag?post=76699"}],"curies":[{"name":"wp","href":"https:\/\/api.w.org\/{rel}","templated":true}]}}