{"id":76766,"date":"2024-01-23T16:39:19","date_gmt":"2024-01-23T15:39:19","guid":{"rendered":"https:\/\/www.havohravo.com\/?post_type=product&#038;p=76766"},"modified":"2026-03-24T21:43:44","modified_gmt":"2026-03-24T20:43:44","slug":"hundemantel-glacier-wd","status":"publish","type":"product","link":"https:\/\/www.havohravo.com\/de\/produkt\/hundemantel-glacier-wd\/","title":{"rendered":"Hundemantel Glacier WD"},"content":{"rendered":"<div class=\"wpb-content-wrapper\"><p>[vc_row][vc_column][vc_empty_space][\/vc_column][\/vc_row][vc_row][vc_column width=&#8220;1\/2&#8243;][vc_column_text]<\/p>\n<h3>Hundemantel Glacier Working Dog<\/h3>\n<p>Wenn du deinen Hund warm und bequem h\u00e4lst, verl\u00e4ngert sich die Zeit, in der er arbeiten kann. Die Glacier-Jacke kann sowohl in Bewegung als auch f\u00fcr eine optimierte Erholung zwischen den Trainingseinheiten verwendet werden.<\/p>\n<p>Die Hundejacke hat ein winddichtes und wasserabweisendes Au\u00dfenmaterial. Die Glacier-Jacke ist mit PrimaLoft\u00ae Black Insulation Eco isoliert, das auch in Sportbekleidung f\u00fcr Menschen verwendet wird. Die Isolierung ist leicht und weich, bietet deinem Hund aber dennoch die W\u00e4rme, die er bei jedem Wetter braucht. Die Jacke ist auch dann noch wirksam, wenn sie nass wird.<\/p>\n<p>Die Jacke ist so konzipiert, dass dein Hund auch beim Laufen volle Bewegungsfreiheit hat. Die Kordelzugpunkte und der Brustgurt erm\u00f6glichen eine individuelle Anpassung. Beinschlaufen helfen, die Jacke in der richtigen Position zu halten und verhindern, dass sie sich bei starkem Wind hebt.<\/p>\n<p>Spezielle Leinen\u00f6ffnungen erm\u00f6glichen das Tragen eines Geschirrs und eines Halsbands unter der Jacke. Drainagel\u00f6cher im Brustbereich der Jacke verhindern, dass sich Wasser unter der Brust des Hundes sammelt.<\/p>\n<p>Die Hundejacke l\u00e4sst sich leicht zusammenpacken und in der mitgelieferten Netztasche verstauen.<\/p>\n<p>[\/vc_column_text][vc_empty_space height=&#8220;24&#8243;][\/vc_column][vc_column width=&#8220;5\/12&#8243; offset=&#8220;vc_col-sm-offset-1&#8243;][vc_column_text]<\/p>\n<h3>Charakteristik<\/h3>\n<ul>\n<li>PrimaLoft\u00ae Black Insulation Eco, bluesign\u00ae zertifiziert<\/li>\n<li>Au\u00dfenmaterial: 3L 75D Polyester + TPU Membrane (PR22S Polyester 10.000 mm) 118\/m\u00b2<\/li>\n<li>Futter: 20D Nylon (20DX20D 400T Nylon) 37g\/m\u00b2<\/li>\n<li>Atmungsaktivit\u00e4t: 3.000 g\/m\u00b2\/24 Std.<\/li>\n<li>Duraflex Schnallen<\/li>\n<li>Wasserdichtigkeit: 10.000 mm<\/li>\n<li>Drainage-L\u00f6cher<\/li>\n<li>Aufbewahrungstasche<\/li>\n<li>Beinschlaufen<\/li>\n<li>Elastischer Kordelzug<\/li>\n<\/ul>\n<p>[\/vc_column_text][vc_empty_space height=&#8220;24&#8243;][\/vc_column][\/vc_row][vc_row][vc_column][vc_empty_space height=&#8220;32&#8243;][vc_column_text]<\/p>\n<table cellspacing=\"0\" cellpadding=\"0\">\n<tbody>\n<tr>\n<td valign=\"bottom\"><strong>Gr\u00f6\u00dfe<\/strong><\/td>\n<td valign=\"bottom\"><strong>R\u00fcckenl\u00e4nge<\/strong><\/td>\n<td valign=\"bottom\"><strong>Mantell\u00e4nger<\/strong><\/td>\n<\/tr>\n<tr>\n<td valign=\"bottom\">40<\/td>\n<td valign=\"bottom\">37-43 cm<\/td>\n<td valign=\"bottom\">42 cm<\/td>\n<\/tr>\n<tr>\n<td valign=\"bottom\">45<\/td>\n<td valign=\"bottom\">42-48 cm<\/td>\n<td valign=\"bottom\">47 cm<\/td>\n<\/tr>\n<tr>\n<td valign=\"bottom\">50<\/td>\n<td valign=\"bottom\">47-53 cm<\/td>\n<td valign=\"bottom\">53 cm<\/td>\n<\/tr>\n<tr>\n<td valign=\"bottom\">55<\/td>\n<td valign=\"bottom\">52-58 cm<\/td>\n<td valign=\"bottom\">58 cm<\/td>\n<\/tr>\n<tr>\n<td valign=\"bottom\">60<\/td>\n<td valign=\"bottom\">57-63 cm<\/td>\n<td valign=\"bottom\">63 cm<\/td>\n<\/tr>\n<tr>\n<td valign=\"bottom\">65<\/td>\n<td valign=\"bottom\">62-68 cm<\/td>\n<td valign=\"bottom\">68 cm<\/td>\n<\/tr>\n<tr>\n<td valign=\"bottom\">70<\/td>\n<td valign=\"bottom\">64-76 cm<\/td>\n<td valign=\"bottom\">73 cm<\/td>\n<\/tr>\n<\/tbody>\n<\/table>\n<p>[\/vc_column_text][vc_empty_space height=&#8220;24&#8243;][\/vc_column][\/vc_row]<\/p>\n<\/div>","protected":false},"excerpt":{"rendered":"<p>Leichte und funktionelle, warme Jacke f\u00fcr Hunde, mit viel Bewegungsfreiheit.<\/p>\n","protected":false},"featured_media":76625,"template":"","meta":[],"pwb-brand":[378],"product_cat":[2167,879,881],"product_tag":[],"class_list":{"0":"post-76766","1":"product","2":"type-product","3":"status-publish","4":"has-post-thumbnail","6":"pwb-brand-non-stop-dogwear-de","7":"product_cat-wintermantel","8":"product_cat-hundemode","9":"product_cat-mantel-und-jacken","11":"first","12":"onbackorder","13":"featured","14":"taxable","15":"shipping-taxable","16":"purchasable","17":"product-type-variable"},"brands":[{"id":378,"name":"Non-Stop Dogwear","slug":"non-stop-dogwear-de"}],"_links":{"self":[{"href":"https:\/\/www.havohravo.com\/de\/wp-json\/wp\/v2\/product\/76766","targetHints":{"allow":["GET"]}}],"collection":[{"href":"https:\/\/www.havohravo.com\/de\/wp-json\/wp\/v2\/product"}],"about":[{"href":"https:\/\/www.havohravo.com\/de\/wp-json\/wp\/v2\/types\/product"}],"wp:featuredmedia":[{"embeddable":true,"href":"https:\/\/www.havohravo.com\/de\/wp-json\/wp\/v2\/media\/76625"}],"wp:attachment":[{"href":"https:\/\/www.havohravo.com\/de\/wp-json\/wp\/v2\/media?parent=76766"}],"wp:term":[{"taxonomy":"pwb-brand","embeddable":true,"href":"https:\/\/www.havohravo.com\/de\/wp-json\/wp\/v2\/pwb-brand?post=76766"},{"taxonomy":"product_cat","embeddable":true,"href":"https:\/\/www.havohravo.com\/de\/wp-json\/wp\/v2\/product_cat?post=76766"},{"taxonomy":"product_tag","embeddable":true,"href":"https:\/\/www.havohravo.com\/de\/wp-json\/wp\/v2\/product_tag?post=76766"}],"curies":[{"name":"wp","href":"https:\/\/api.w.org\/{rel}","templated":true}]}}