{"id":76881,"date":"2024-01-24T12:21:09","date_gmt":"2024-01-24T11:21:09","guid":{"rendered":"https:\/\/www.havohravo.com\/?post_type=product&#038;p=76881"},"modified":"2024-01-24T12:42:26","modified_gmt":"2024-01-24T11:42:26","slug":"protector-light-socks","status":"publish","type":"product","link":"https:\/\/www.havohravo.com\/de\/produkt\/protector-light-socks\/","title":{"rendered":"Protector Light Socks"},"content":{"rendered":"<div class=\"wpb-content-wrapper\"><p>[vc_row][vc_column][vc_empty_space][\/vc_column][\/vc_row][vc_row][vc_column width=&#8220;1\/2&#8243;][vc_column_text]<\/p>\n<h3>Protector Light Socks<\/h3>\n<p>Protector Light Sock bietet den ultimativen Schutz vor Schnitten.<\/p>\n<p>Die Protector light socks high wurden speziell f\u00fcr den Hundesport und das Wandern entwickelt, sind aber eine gute Wahl f\u00fcr alle Hunde, die einen Pfotenschutz brauchen. Diese Socken sind extra lang, um auch die Beine Deines Hundes zu sch\u00fctzen.<\/p>\n<p>Die Strickkonstruktion bietet sowohl Komfort als auch Atmungsaktivit\u00e4t, ohne die Festigkeit zu beeintr\u00e4chtigen. Das Material bietet ein hohes Ma\u00df an Schnittfestigkeit.<\/p>\n<p>Elastische Klettverschl\u00fcsse sorgen f\u00fcr einen sicheren Sitz und Komfort f\u00fcr Deinen Hund.[\/vc_column_text][vc_column_text]<\/p>\n<h3>Charakteristik und Vorteile<\/h3>\n<ul>\n<li>Leicht und sehr stabil.<\/li>\n<li>Vorbeugung von Pfotenverletzungen.<\/li>\n<li>Ideal f\u00fcr alle Aktivit\u00e4ten, die nicht im Schnee stattfinden.<\/li>\n<\/ul>\n<p>[\/vc_column_text][vc_empty_space height=&#8220;24&#8243;][\/vc_column][vc_column width=&#8220;5\/12&#8243; offset=&#8220;vc_col-sm-offset-1&#8243;][vc_single_image image=&#8220;76891&#8243; img_size=&#8220;large&#8220;][vc_empty_space height=&#8220;24&#8243;][\/vc_column][\/vc_row][vc_row][vc_column][vc_empty_space height=&#8220;32&#8243;][vc_column_text]<\/p>\n<h3>Wie soll ich die Pfote abmessen?<\/h3>\n<p>Lass den Hund stehen am besten auf einem weissen Blatt Papier. Markiere mit einem Stift jeweils die seitlichen Eckpunkte und anschliessend die Zehenspitze und das Pfotenende. Verbinde diese Punkte und messe die Abst\u00e4nde. Somit erhaltest du die Pfotenbreite und Pfotenl\u00e4nge des Hundes.<\/p>\n<p>[\/vc_column_text][vc_empty_space height=&#8220;24&#8243;][vc_column_text]<\/p>\n<table cellspacing=\"0\" cellpadding=\"0\">\n<tbody>\n<tr>\n<td valign=\"bottom\"><strong>Gr\u00f6\u00dfe<\/strong><\/td>\n<td valign=\"bottom\"><strong>Breite<\/strong><\/td>\n<\/tr>\n<tr>\n<td valign=\"bottom\">XS<\/td>\n<td valign=\"bottom\">3-4 cm<\/td>\n<\/tr>\n<tr>\n<td valign=\"bottom\">S<\/td>\n<td valign=\"bottom\">4-5 cm<\/td>\n<\/tr>\n<tr>\n<td valign=\"bottom\">M<\/td>\n<td valign=\"bottom\">5-6 cm<\/td>\n<\/tr>\n<tr>\n<td valign=\"bottom\">L<\/td>\n<td valign=\"bottom\">6-7 cm<\/td>\n<\/tr>\n<tr>\n<td valign=\"bottom\">XL<\/td>\n<td valign=\"bottom\">7-8 cm<\/td>\n<\/tr>\n<tr>\n<td valign=\"bottom\">XXL<\/td>\n<td valign=\"bottom\">8-9 cm<\/td>\n<\/tr>\n<\/tbody>\n<\/table>\n<p>[\/vc_column_text][vc_empty_space height=&#8220;24&#8243;][vc_single_image image=&#8220;76899&#8243; img_size=&#8220;large&#8220;][\/vc_column][\/vc_row]<\/p>\n<\/div>","protected":false},"excerpt":{"rendered":"<p>Strapazierf\u00e4hige Pfotensch\u00fctzer aus schnittfestem Material<\/p>\n","protected":false},"featured_media":76889,"template":"","meta":[],"pwb-brand":[378],"product_cat":[2108,879],"product_tag":[925,1990],"class_list":{"0":"post-76881","1":"product","2":"type-product","3":"status-publish","4":"has-post-thumbnail","6":"pwb-brand-non-stop-dogwear-de","7":"product_cat-schuhe","8":"product_cat-hundemode","9":"product_tag-sicherheit","10":"product_tag-sommer","12":"first","13":"instock","14":"taxable","15":"shipping-taxable","16":"purchasable","17":"product-type-variable"},"brands":[{"id":378,"name":"Non-Stop Dogwear","slug":"non-stop-dogwear-de"}],"_links":{"self":[{"href":"https:\/\/www.havohravo.com\/de\/wp-json\/wp\/v2\/product\/76881","targetHints":{"allow":["GET"]}}],"collection":[{"href":"https:\/\/www.havohravo.com\/de\/wp-json\/wp\/v2\/product"}],"about":[{"href":"https:\/\/www.havohravo.com\/de\/wp-json\/wp\/v2\/types\/product"}],"wp:featuredmedia":[{"embeddable":true,"href":"https:\/\/www.havohravo.com\/de\/wp-json\/wp\/v2\/media\/76889"}],"wp:attachment":[{"href":"https:\/\/www.havohravo.com\/de\/wp-json\/wp\/v2\/media?parent=76881"}],"wp:term":[{"taxonomy":"pwb-brand","embeddable":true,"href":"https:\/\/www.havohravo.com\/de\/wp-json\/wp\/v2\/pwb-brand?post=76881"},{"taxonomy":"product_cat","embeddable":true,"href":"https:\/\/www.havohravo.com\/de\/wp-json\/wp\/v2\/product_cat?post=76881"},{"taxonomy":"product_tag","embeddable":true,"href":"https:\/\/www.havohravo.com\/de\/wp-json\/wp\/v2\/product_tag?post=76881"}],"curies":[{"name":"wp","href":"https:\/\/api.w.org\/{rel}","templated":true}]}}