{"id":77290,"date":"2024-02-07T18:48:12","date_gmt":"2024-02-07T17:48:12","guid":{"rendered":"https:\/\/www.havohravo.com\/?post_type=product&#038;p=77290"},"modified":"2024-02-07T19:53:38","modified_gmt":"2024-02-07T18:53:38","slug":"neues-design-halsband-frontrange","status":"publish","type":"product","link":"https:\/\/www.havohravo.com\/de\/produkt\/neues-design-halsband-frontrange\/","title":{"rendered":"Neues Design: Halsband Front Range\u2122"},"content":{"rendered":"<div class=\"wpb-content-wrapper\"><p>[vc_row][vc_column][vc_empty_space][\/vc_column][\/vc_row][vc_row][vc_column width=&#8220;1\/2&#8243;][vc_column_text]<\/p>\n<div class=\"wpb_text_column wpb_content_element \">\n<div class=\"wpb_wrapper\">\n<h3>Halsband Front Range\u2122<\/h3>\n<p class=\"p1\">Halsband f\u00fcr t\u00e4gliche Spazierg\u00e4nge in Ombr\u00e9 Muster. Es passt perfekt zu dem Brustgeschirr und Leine aus der Serie Front Range. Verschlu\u00df besteht aus Steckschnalle die man schnell auf und zu kriegt.<\/p>\n<p>NEU: Das Gurtband enth\u00e4lt jetzt auch recycelte Materialien, die die Umwelt weniger belasten.<\/p>\n<h4>Breite<\/h4>\n<p>S: 20 mm<br \/>\nM, L: 25 mm<\/p>\n<h4 class=\"p1\">Gr\u00f6\u00dfen<\/h4>\n<p class=\"p1\">Small: 28 \u2013 36 cm<br \/>\nMedium: 36 \u2013 51 cm<br \/>\nLarge: 51 \u2013 66 cm<\/p>\n<\/div>\n<\/div>\n<p>[\/vc_column_text][vc_empty_space height=&#8220;24&#8243;][vc_column_text]<\/p>\n<h3>Pflegeanleitung<\/h3>\n<ul>\n<li>Handw\u00e4sche<\/li>\n<li>Verwenden sie\u00a0mildes Waschmittel<\/li>\n<li>Lufttrocknung<\/li>\n<\/ul>\n<p>[\/vc_column_text][vc_empty_space height=&#8220;24&#8243;][\/vc_column][vc_column width=&#8220;5\/12&#8243; offset=&#8220;vc_col-sm-offset-1&#8243;][vc_empty_space height=&#8220;24&#8243;][vc_single_image image=&#8220;27569&#8243; img_size=&#8220;full&#8220; alignment=&#8220;right&#8220;][vc_empty_space height=&#8220;24&#8243;][\/vc_column][\/vc_row]<\/p>\n<\/div>","protected":false},"excerpt":{"rendered":"<p>Weiches und stabiles Halsband f\u00fcr Alltag.<\/p>\n","protected":false},"featured_media":77378,"template":"","meta":[],"pwb-brand":[388],"product_cat":[879,882],"product_tag":[],"class_list":{"0":"post-77290","1":"product","2":"type-product","3":"status-publish","4":"has-post-thumbnail","6":"pwb-brand-ruffwear-de","7":"product_cat-hundemode","8":"product_cat-halsbander","10":"first","11":"instock","12":"taxable","13":"shipping-taxable","14":"purchasable","15":"product-type-variable"},"brands":[{"id":388,"name":"Ruffwear","slug":"ruffwear-de"}],"_links":{"self":[{"href":"https:\/\/www.havohravo.com\/de\/wp-json\/wp\/v2\/product\/77290","targetHints":{"allow":["GET"]}}],"collection":[{"href":"https:\/\/www.havohravo.com\/de\/wp-json\/wp\/v2\/product"}],"about":[{"href":"https:\/\/www.havohravo.com\/de\/wp-json\/wp\/v2\/types\/product"}],"wp:featuredmedia":[{"embeddable":true,"href":"https:\/\/www.havohravo.com\/de\/wp-json\/wp\/v2\/media\/77378"}],"wp:attachment":[{"href":"https:\/\/www.havohravo.com\/de\/wp-json\/wp\/v2\/media?parent=77290"}],"wp:term":[{"taxonomy":"pwb-brand","embeddable":true,"href":"https:\/\/www.havohravo.com\/de\/wp-json\/wp\/v2\/pwb-brand?post=77290"},{"taxonomy":"product_cat","embeddable":true,"href":"https:\/\/www.havohravo.com\/de\/wp-json\/wp\/v2\/product_cat?post=77290"},{"taxonomy":"product_tag","embeddable":true,"href":"https:\/\/www.havohravo.com\/de\/wp-json\/wp\/v2\/product_tag?post=77290"}],"curies":[{"name":"wp","href":"https:\/\/api.w.org\/{rel}","templated":true}]}}