{"id":77452,"date":"2024-02-07T22:45:05","date_gmt":"2024-02-07T21:45:05","guid":{"rendered":"https:\/\/www.havohravo.com\/?post_type=product&#038;p=77452"},"modified":"2024-05-22T12:35:21","modified_gmt":"2024-05-22T10:35:21","slug":"neues-design-front-range-brustgeschirr","status":"publish","type":"product","link":"https:\/\/www.havohravo.com\/de\/produkt\/neues-design-front-range-brustgeschirr\/","title":{"rendered":"Neues Design: Front Range\u00ae Brustgeschirr"},"content":{"rendered":"<div class=\"wpb-content-wrapper\"><p>[vc_row][vc_column][vc_column_text]<\/p>\n<div class=\"wpb_text_column wpb_content_element \">\n<div class=\"wpb_wrapper\">\n<table>\n<tbody>\n<tr>\n<td width=\"301\"><strong>Brustgeschirrtyp:<\/strong><\/td>\n<td width=\"301\">Y-Form Brustgeschirr<\/td>\n<\/tr>\n<tr>\n<td width=\"301\"><strong>Hundef\u00fchrigkeit:<\/strong><\/td>\n<td width=\"301\">erm\u00f6glicht gute Kontrolle \u00fcber dem Hund<\/td>\n<\/tr>\n<tr>\n<td width=\"301\"><strong>Geeignet f\u00fcr Zugsport:<\/strong><\/td>\n<td width=\"301\">Nein<\/td>\n<\/tr>\n<tr>\n<td width=\"301\"><strong>Verstellbarer Halsumfang:<\/strong><\/td>\n<td width=\"301\">Ja<\/td>\n<\/tr>\n<tr>\n<td width=\"301\"><strong>Ausgestattet mit Griff:<\/strong><\/td>\n<td width=\"301\">Nein<\/td>\n<\/tr>\n<tr>\n<td width=\"301\"><strong>Geeignete Anwendung:<\/strong><\/td>\n<td width=\"301\">Alltag<\/td>\n<\/tr>\n<\/tbody>\n<\/table>\n<\/div>\n<\/div>\n<p>[\/vc_column_text][vc_empty_space][\/vc_column][\/vc_row][vc_row][vc_column width=&#8220;1\/2&#8243;][vc_column_text]<\/p>\n<h3>Brustgeschirr Front Range\u00ae<\/h3>\n<p>ist ein bequemes Geschirr f\u00fcr Hunde, das den ganzen Tag \u00fcber getragen werden kann, das strapazierf\u00e4hig und f\u00fcr Abenteuer ausgelegt ist. Das Geschirr verf\u00fcgt \u00fcber zwei Leinenbefestigungspunkte: einen V-Ring mittig auf dem R\u00fccken des Hundes und eine verst\u00e4rkte Gurtbandschlaufe an der Brust.<\/p>\n<p>NEU: Verbesserungen f\u00fcr eine einfachere Einstellung der Gurtb\u00e4nder; mehr recycelte Materialien in der H\u00fclle, im Gurtband und im Polster.<\/p>\n<p>Dieses Geschirr eignet sich hervorragend f\u00fcr Hunde mit kr\u00e4ftigem Brustkorb. F\u00fcr schlanke Hunde mit langem R\u00fccken ist es oft nicht ideal. F\u00fcr kleinere Hunde k\u00f6nnte das Brustteil zu wuchtig sein. In diesem Fall solltest du dir die leichtere Alternative, das <a href=\"https:\/\/www.havohravo.com\/de\/produkt\/hi-light-brustgeschirr\/\" target=\"_blank\" rel=\"noopener\">Hi &amp; Light Hundegeschirr<\/a>, ansehen.[\/vc_column_text][vc_empty_space height=&#8220;24&#8243;][\/vc_column][vc_column width=&#8220;5\/12&#8243; offset=&#8220;vc_col-sm-offset-1&#8243;][vc_empty_space height=&#8220;24&#8243;][vc_single_image image=&#8220;72134&#8243; img_size=&#8220;full&#8220;][vc_empty_space height=&#8220;24&#8243;][\/vc_column][\/vc_row][vc_row][vc_column][vc_column_text]<\/p>\n<h3>Auswahl der richtigen Gr\u00f6\u00dfe<\/h3>\n<p>Brustumfang messen um die breiteste Stelle am Brustkorb. Falls der Brustumfang zwischen zwei Gr\u00f6\u00dfen liegt, w\u00e4hlen sie die gr\u00f6\u00dfere Gr\u00f6\u00dfe.[\/vc_column_text][vc_empty_space height=&#8220;24px&#8220;][vc_single_image image=&#8220;70751&#8243; img_size=&#8220;large&#8220;][\/vc_column][\/vc_row]<\/p>\n<\/div>","protected":false},"excerpt":{"rendered":"<p>Ein komfortables Hundegeschirr f\u00fcr den ganzen Tag, sehr stabil und gemacht f\u00fcr richtige Abenteuer.<\/p>\n","protected":false},"featured_media":77588,"template":"","meta":[],"pwb-brand":[388],"product_cat":[1675,879,883],"product_tag":[],"class_list":{"0":"post-77452","1":"product","2":"type-product","3":"status-publish","4":"has-post-thumbnail","6":"pwb-brand-ruffwear-de","7":"product_cat-kurze-brustgeschirre","8":"product_cat-hundemode","9":"product_cat-brustgeschirre","11":"first","12":"instock","13":"featured","14":"taxable","15":"shipping-taxable","16":"purchasable","17":"product-type-variable"},"brands":[{"id":388,"name":"Ruffwear","slug":"ruffwear-de"}],"_links":{"self":[{"href":"https:\/\/www.havohravo.com\/de\/wp-json\/wp\/v2\/product\/77452","targetHints":{"allow":["GET"]}}],"collection":[{"href":"https:\/\/www.havohravo.com\/de\/wp-json\/wp\/v2\/product"}],"about":[{"href":"https:\/\/www.havohravo.com\/de\/wp-json\/wp\/v2\/types\/product"}],"wp:featuredmedia":[{"embeddable":true,"href":"https:\/\/www.havohravo.com\/de\/wp-json\/wp\/v2\/media\/77588"}],"wp:attachment":[{"href":"https:\/\/www.havohravo.com\/de\/wp-json\/wp\/v2\/media?parent=77452"}],"wp:term":[{"taxonomy":"pwb-brand","embeddable":true,"href":"https:\/\/www.havohravo.com\/de\/wp-json\/wp\/v2\/pwb-brand?post=77452"},{"taxonomy":"product_cat","embeddable":true,"href":"https:\/\/www.havohravo.com\/de\/wp-json\/wp\/v2\/product_cat?post=77452"},{"taxonomy":"product_tag","embeddable":true,"href":"https:\/\/www.havohravo.com\/de\/wp-json\/wp\/v2\/product_tag?post=77452"}],"curies":[{"name":"wp","href":"https:\/\/api.w.org\/{rel}","templated":true}]}}