{"id":77702,"date":"2024-02-07T23:35:52","date_gmt":"2024-02-07T22:35:52","guid":{"rendered":"https:\/\/www.havohravo.com\/?post_type=product&#038;p=77702"},"modified":"2024-02-07T23:48:12","modified_gmt":"2024-02-07T22:48:12","slug":"neues-design-leine-frontrange","status":"publish","type":"product","link":"https:\/\/www.havohravo.com\/de\/produkt\/neues-design-leine-frontrange\/","title":{"rendered":"Neues Design: Leine FrontRange\u2122"},"content":{"rendered":"<div class=\"wpb-content-wrapper\"><p>[vc_row][vc_column][vc_empty_space][\/vc_column][\/vc_row][vc_row][vc_column width=&#8220;1\/2&#8243;][vc_column_text]<\/p>\n<h3>Leine Front Range\u2122<\/h3>\n<p class=\"p1\">Leine f\u00fcr t\u00e4gliche Anwendung mit Ombr\u00e9 Muster, die perfekt zum Brustgeschirr und Halsband aus der Front Range Serie passt. Der Griff ist ergonomisch und gepolstert. Enth\u00e4lt leichten Karabiner Crux Clip<span class=\"s1\">\u2122<\/span>.<\/p>\n<p class=\"p1\">Probiere den\u00a0Front Range Brustgeschirr\u00a0f\u00fcr einheitliches Outfit.<\/p>\n<p><span class=\"s1\"><b>WAS IST NEU?:<\/b>Das Gurtband enth\u00e4lt jetzt auch recycelte Materialien, die die Umwelt weniger belasten.<\/span><\/p>\n<p class=\"p1\">L\u00e4nge: 1,5 m<br \/>\nBreite: 20 mm<\/p>\n<p>[\/vc_column_text][vc_empty_space height=&#8220;24&#8243;][\/vc_column][vc_column width=&#8220;5\/12&#8243; offset=&#8220;vc_col-sm-offset-1&#8243;][vc_column_text]<\/p>\n<div class=\"wpb_text_column wpb_content_element \">\n<div class=\"wpb_wrapper\">\n<h3>Pflegeanleitung<\/h3>\n<ul>\n<li>Handw\u00e4sche<\/li>\n<li>Verwenden sie\u00a0mildes Waschmittel<\/li>\n<li>Lufttrocknung<\/li>\n<\/ul>\n<\/div>\n<\/div>\n<p>[\/vc_column_text][vc_empty_space height=&#8220;24&#8243;][\/vc_column][\/vc_row]<\/p>\n<\/div>","protected":false},"excerpt":{"rendered":"<p>Stabile und leichte Leine aus weichem Gurtband.<\/p>\n","protected":false},"featured_media":77730,"template":"","meta":[],"pwb-brand":[388],"product_cat":[1684,879,860],"product_tag":[],"class_list":{"0":"post-77702","1":"product","2":"type-product","3":"status-publish","4":"has-post-thumbnail","6":"pwb-brand-ruffwear-de","7":"product_cat-fuehrleinen","8":"product_cat-hundemode","9":"product_cat-leinen","11":"first","12":"instock","13":"featured","14":"taxable","15":"shipping-taxable","16":"purchasable","17":"product-type-variable"},"brands":[{"id":388,"name":"Ruffwear","slug":"ruffwear-de"}],"_links":{"self":[{"href":"https:\/\/www.havohravo.com\/de\/wp-json\/wp\/v2\/product\/77702","targetHints":{"allow":["GET"]}}],"collection":[{"href":"https:\/\/www.havohravo.com\/de\/wp-json\/wp\/v2\/product"}],"about":[{"href":"https:\/\/www.havohravo.com\/de\/wp-json\/wp\/v2\/types\/product"}],"wp:featuredmedia":[{"embeddable":true,"href":"https:\/\/www.havohravo.com\/de\/wp-json\/wp\/v2\/media\/77730"}],"wp:attachment":[{"href":"https:\/\/www.havohravo.com\/de\/wp-json\/wp\/v2\/media?parent=77702"}],"wp:term":[{"taxonomy":"pwb-brand","embeddable":true,"href":"https:\/\/www.havohravo.com\/de\/wp-json\/wp\/v2\/pwb-brand?post=77702"},{"taxonomy":"product_cat","embeddable":true,"href":"https:\/\/www.havohravo.com\/de\/wp-json\/wp\/v2\/product_cat?post=77702"},{"taxonomy":"product_tag","embeddable":true,"href":"https:\/\/www.havohravo.com\/de\/wp-json\/wp\/v2\/product_tag?post=77702"}],"curies":[{"name":"wp","href":"https:\/\/api.w.org\/{rel}","templated":true}]}}