{"id":78108,"date":"2024-02-19T15:58:27","date_gmt":"2024-02-19T14:58:27","guid":{"rendered":"https:\/\/www.havohravo.com\/?post_type=product&#038;p=78108"},"modified":"2024-02-19T16:25:24","modified_gmt":"2024-02-19T15:25:24","slug":"sportsocken-never-give-up","status":"publish","type":"product","link":"https:\/\/www.havohravo.com\/de\/produkt\/sportsocken-never-give-up\/","title":{"rendered":"Sportsocken Never Give Up"},"content":{"rendered":"<div class=\"wpb-content-wrapper\"><p>[vc_row][vc_column][vc_column_text]<\/p>\n<h3>Sportsocken<\/h3>\n<p>Sportsocken perfekt f\u00fcr Agility mit deinem Hund. 1 Paar enth\u00e4lt 1 pinke &amp; 1 lila Socke. Hol dir 2 Paare f\u00fcr mehr Kombinationsm\u00f6glichkeiten \ud83d\ude42<\/p>\n<ul>\n<li>Mit Silberanteil, wirkt antibakteriell.<\/li>\n<li>Passt gut, dr\u00fcckt aber nicht.<\/li>\n<li>Leicht komprimierendes Design zur Unterst\u00fctzung des Fu\u00dfes beim Sport.<\/li>\n<li>Breiter oberer Saum zur Vermeidung von Wadenzerrungen.<\/li>\n<li>Material: 70% Polyamid und 30% Elastan<\/li>\n<li>Waschbar bei maximal 40 Grad. Auf Synthetik trocknen. Nicht b\u00fcgeln.<\/li>\n<\/ul>\n<h5>Gr\u00f6\u00dfen:<\/h5>\n<p>S\/M: 36-41<br \/>\nL\/XL: 42-46[\/vc_column_text][vc_empty_space height=&#8220;24px&#8220;][\/vc_column][\/vc_row]<\/p>\n<\/div>","protected":false},"excerpt":{"rendered":"<p>Perfekte Socken f\u00fcr alle Agility Fans!<\/p>\n","protected":false},"featured_media":78128,"template":"","meta":[],"pwb-brand":[374],"product_cat":[1706,861,887],"product_tag":[],"class_list":{"0":"post-78108","1":"product","2":"type-product","3":"status-publish","4":"has-post-thumbnail","6":"pwb-brand-havohravo-de","7":"product_cat-socken","8":"product_cat-fur-menschen","9":"product_cat-bekleidung","11":"first","12":"instock","13":"featured","14":"taxable","15":"shipping-taxable","16":"purchasable","17":"product-type-variable"},"brands":[{"id":374,"name":"havohravo","slug":"havohravo-de"}],"_links":{"self":[{"href":"https:\/\/www.havohravo.com\/de\/wp-json\/wp\/v2\/product\/78108","targetHints":{"allow":["GET"]}}],"collection":[{"href":"https:\/\/www.havohravo.com\/de\/wp-json\/wp\/v2\/product"}],"about":[{"href":"https:\/\/www.havohravo.com\/de\/wp-json\/wp\/v2\/types\/product"}],"wp:featuredmedia":[{"embeddable":true,"href":"https:\/\/www.havohravo.com\/de\/wp-json\/wp\/v2\/media\/78128"}],"wp:attachment":[{"href":"https:\/\/www.havohravo.com\/de\/wp-json\/wp\/v2\/media?parent=78108"}],"wp:term":[{"taxonomy":"pwb-brand","embeddable":true,"href":"https:\/\/www.havohravo.com\/de\/wp-json\/wp\/v2\/pwb-brand?post=78108"},{"taxonomy":"product_cat","embeddable":true,"href":"https:\/\/www.havohravo.com\/de\/wp-json\/wp\/v2\/product_cat?post=78108"},{"taxonomy":"product_tag","embeddable":true,"href":"https:\/\/www.havohravo.com\/de\/wp-json\/wp\/v2\/product_tag?post=78108"}],"curies":[{"name":"wp","href":"https:\/\/api.w.org\/{rel}","templated":true}]}}