{"id":78312,"date":"2024-02-27T14:18:19","date_gmt":"2024-02-27T13:18:19","guid":{"rendered":"https:\/\/www.havohravo.com\/?post_type=product&#038;p=78312"},"modified":"2025-10-31T21:28:46","modified_gmt":"2025-10-31T20:28:46","slug":"bungeechewie-ball-copy","status":"publish","type":"product","link":"https:\/\/www.havohravo.com\/de\/produkt\/bungeechewie-ball-copy\/","title":{"rendered":"BungeeCutie Tug"},"content":{"rendered":"<div class=\"wpb-content-wrapper\"><p>[vc_row][vc_column width=&#8220;1\/2&#8243;][vc_column_text]<\/p>\n<h3>BungeeCutie Tug<\/h3>\n<p>BungeeCutie ist ein weicher Lederbeistwurst mit Bungee-Griff. Perfekt zum Spielen und Trainieren mit deinem Hund.<br \/>\nBungeeCutie ist mit <strong>Schafwolle<\/strong> von einer lokalen Schaffarm gef\u00fcllt. Die F\u00fcllung besteht aus Wolle, die gewaschen und geb\u00fcrstet wurde. Die Wolle macht das BungeeCutie zu einem leichten und weichen Spielzeug. Das Spielzeug verf\u00fcgt \u00fcber einen Quietscher, damit es noch mehr Spa\u00df macht. Der BungeeCutiel ist nicht \u00fcberf\u00fcllt und hart, sondern auch f\u00fcr den Hund angenehm zu kauen.<\/p>\n<p>Die BungeeCutie Tugs werden in Finnland aus <strong>echtem<\/strong> <strong>Leder <\/strong>handgefertigt, das aus einer \u00f6rtlichen M\u00f6belfabrik stammt. Nichts wird verschwendet: Die Spielzeuge sind so konzipiert, dass die Lederreste optimal genutzt werden. Das gesamte verwendete Leder ist EU REACH-zertifiziert, was bedeutet, dass das Leder frei von Giftstoffen ist und bei der Verarbeitung keine gef\u00e4hrlichen Substanzen verwendet wurden. Nur das Griffteil wird nicht in Finnland hergestellt.<\/p>\n<p><strong>Gesamtl\u00e4nge<\/strong>:<br \/>\nDer Griff ist 38 cm lang und l\u00e4sst sich auf 54 cm stretchen.<\/p>\n<p><strong>Beisswurstgr\u00f6\u00dfe<\/strong>: ca. 17 x 7 x 2 cm[\/vc_column_text][vc_empty_space height=&#8220;32&#8243;][\/vc_column][vc_column width=&#8220;1\/2&#8243;][vc_column_text]<\/p>\n<h3>Anwendung<\/h3>\n<p>Lass deinen Hund niemals unbeaufsichtigt mit einem Spielzeug. Echtes Leder und Schafwolle sind Materialien, die Hunde dazu verleiten k\u00f6nnen, das Spielzeug zu zerrei\u00dfen und die St\u00fccke zu verschlucken, was vermieden werden sollte. Dieses Spielzeug ist nur f\u00fcr das gemeinsame Spielen mit deinem Hund gedacht. Es ist nicht empfehlenswert, das Spielzeug nass zu machen oder bei frierenden Temperaturen damit zu spielen, da nasses Leder hart wird, was die Haltbarkeit des Spielzeugs beeintr\u00e4chtigen und seine Lebensdauer verk\u00fcrzen kann. Als nat\u00fcrliches Material beh\u00e4lt Leder seine Haltbarkeit und Weichheit am besten, wenn es trocken gehalten wird. Daher ist dieses Spielzeug bei sehr nassen Trainingsbedingungen m\u00f6glicherweise nicht die beste Belohnung.<\/p>\n<p>Bitte beachte auch, dass ein mit Wolle gef\u00fclltes Spielzeug, wenn es nass wird, st\u00e4rker nach Wolle riechen kann.<\/p>\n<p>F\u00fcr ein optimales Spielerlebnis w\u00e4hle bitte das Spielzeug in der richtigen Gr\u00f6\u00dfe f\u00fcr deinen Hund. BungeeCutie Tugy wird f\u00fcr kleine und mittelgro\u00dfe Hunde empfohlen.<br \/>\n[\/vc_column_text][vc_empty_space height=&#8220;32&#8243;][\/vc_column][\/vc_row]<\/p>\n<\/div>","protected":false},"excerpt":{"rendered":"<p>Ein handgefertigtes Spielzeug aus echtem recyceltem Leder und Schafswolle<\/p>\n","protected":false},"featured_media":78295,"template":"","meta":[],"pwb-brand":[2243],"product_cat":[1693,866,870],"product_tag":[],"class_list":{"0":"post-78312","1":"product","2":"type-product","3":"status-publish","4":"has-post-thumbnail","6":"pwb-brand-sportsk9-de","7":"product_cat-fellspielzeug","8":"product_cat-hundespielzeug","9":"product_cat-spielzeug-mit-tuggy-griff","11":"first","12":"instock","13":"featured","14":"taxable","15":"shipping-taxable","16":"purchasable","17":"product-type-variable"},"brands":[{"id":2243,"name":"SportsK9","slug":"sportsk9-de"}],"_links":{"self":[{"href":"https:\/\/www.havohravo.com\/de\/wp-json\/wp\/v2\/product\/78312","targetHints":{"allow":["GET"]}}],"collection":[{"href":"https:\/\/www.havohravo.com\/de\/wp-json\/wp\/v2\/product"}],"about":[{"href":"https:\/\/www.havohravo.com\/de\/wp-json\/wp\/v2\/types\/product"}],"wp:featuredmedia":[{"embeddable":true,"href":"https:\/\/www.havohravo.com\/de\/wp-json\/wp\/v2\/media\/78295"}],"wp:attachment":[{"href":"https:\/\/www.havohravo.com\/de\/wp-json\/wp\/v2\/media?parent=78312"}],"wp:term":[{"taxonomy":"pwb-brand","embeddable":true,"href":"https:\/\/www.havohravo.com\/de\/wp-json\/wp\/v2\/pwb-brand?post=78312"},{"taxonomy":"product_cat","embeddable":true,"href":"https:\/\/www.havohravo.com\/de\/wp-json\/wp\/v2\/product_cat?post=78312"},{"taxonomy":"product_tag","embeddable":true,"href":"https:\/\/www.havohravo.com\/de\/wp-json\/wp\/v2\/product_tag?post=78312"}],"curies":[{"name":"wp","href":"https:\/\/api.w.org\/{rel}","templated":true}]}}