{"id":78352,"date":"2024-02-27T16:42:04","date_gmt":"2024-02-27T15:42:04","guid":{"rendered":"https:\/\/www.havohravo.com\/?post_type=product&#038;p=78352"},"modified":"2025-03-05T15:23:19","modified_gmt":"2025-03-05T14:23:19","slug":"chewie-ball-copy","status":"publish","type":"product","link":"https:\/\/www.havohravo.com\/de\/produkt\/chewie-ball-copy\/","title":{"rendered":"Hefty Ball"},"content":{"rendered":"<div class=\"wpb-content-wrapper\"><p>[vc_row][vc_column width=&#8220;1\/2&#8243;][vc_column_text]<\/p>\n<h3>Hefty Ball<\/h3>\n<p>Hefty Ball ist ein weicher Lederball mit Griff. Perfekt zum Spielen und Trainieren mit deinem Hund.<br \/>\nHefty Ball ist mit <strong>Schafwolle<\/strong> von einer lokalen Schaffarm gef\u00fcllt. Die F\u00fcllung besteht aus Wolle, die gewaschen und geb\u00fcrstet wurde. Die Wolle macht das Hefty Ball zu einem leichten und weichen Spielzeug. Das Spielzeug verf\u00fcgt \u00fcber keinen Quietscher. Der Hefty Ball ist nicht \u00fcberf\u00fcllt und hart, sondern auch f\u00fcr den Hund angenehm zu kauen.<\/p>\n<p>Die Hefty B\u00e4lle werden in Finnland aus <strong>echtem<\/strong> <strong>Leder <\/strong>handgefertigt, das aus einer \u00f6rtlichen M\u00f6belfabrik stammt. Nichts wird verschwendet: Die Spielzeuge sind so konzipiert, dass die Lederreste optimal genutzt werden. Das gesamte verwendete Leder ist EU REACH-zertifiziert, was bedeutet, dass das Leder frei von Giftstoffen ist und bei der Verarbeitung keine gef\u00e4hrlichen Substanzen verwendet wurden.<\/p>\n<p><strong>Ballgr\u00f6\u00dfe<\/strong>: ca. 15 cm[\/vc_column_text][vc_empty_space height=&#8220;32&#8243;][\/vc_column][vc_column width=&#8220;1\/2&#8243;][vc_column_text]<\/p>\n<h3>Anwendung<\/h3>\n<p>Lass deinen Hund niemals unbeaufsichtigt mit einem Spielzeug. Echtes Leder und Schafwolle sind Materialien, die Hunde dazu verleiten k\u00f6nnen, das Spielzeug zu zerrei\u00dfen und die St\u00fccke zu verschlucken, was vermieden werden sollte. Dieses Spielzeug ist nur f\u00fcr das gemeinsame Spielen mit deinem Hund gedacht. Es ist nicht empfehlenswert, das Spielzeug nass zu machen oder bei frierenden Temperaturen damit zu spielen, da nasses Leder hart wird, was die Haltbarkeit des Spielzeugs beeintr\u00e4chtigen und seine Lebensdauer verk\u00fcrzen kann. Als nat\u00fcrliches Material beh\u00e4lt Leder seine Haltbarkeit und Weichheit am besten, wenn es trocken gehalten wird. Daher ist dieses Spielzeug bei sehr nassen Trainingsbedingungen m\u00f6glicherweise nicht die beste Belohnung.<\/p>\n<p>Bitte beachte auch, dass ein mit Wolle gef\u00fclltes Spielzeug, wenn es nass wird, st\u00e4rker nach Wolle riechen kann.<\/p>\n<p>F\u00fcr ein optimales Spielerlebnis w\u00e4hle bitte das Spielzeug in der richtigen Gr\u00f6\u00dfe f\u00fcr deinen Hund. HeftyBall wird f\u00fcr gro\u00dfe Hunde empfohlen.<br \/>\n[\/vc_column_text][vc_empty_space height=&#8220;32&#8243;][\/vc_column][\/vc_row][vc_row][vc_column][vc_single_image image=&#8220;78328&#8243; img_size=&#8220;large&#8220;][\/vc_column][\/vc_row]<\/p>\n<\/div>","protected":false},"excerpt":{"rendered":"<p>Ein handgefertigtes Spielzeug aus echtem recyceltem Leder und Schafswolle<\/p>\n","protected":false},"featured_media":78307,"template":"","meta":[],"pwb-brand":[2243],"product_cat":[1696,1693,866],"product_tag":[],"class_list":{"0":"post-78352","1":"product","2":"type-product","3":"status-publish","4":"has-post-thumbnail","6":"pwb-brand-sportsk9-de","7":"product_cat-anderes-spielzeug","8":"product_cat-fellspielzeug","9":"product_cat-hundespielzeug","11":"first","12":"outofstock","13":"taxable","14":"shipping-taxable","15":"purchasable","16":"product-type-variable"},"brands":[{"id":2243,"name":"SportsK9","slug":"sportsk9-de"}],"_links":{"self":[{"href":"https:\/\/www.havohravo.com\/de\/wp-json\/wp\/v2\/product\/78352","targetHints":{"allow":["GET"]}}],"collection":[{"href":"https:\/\/www.havohravo.com\/de\/wp-json\/wp\/v2\/product"}],"about":[{"href":"https:\/\/www.havohravo.com\/de\/wp-json\/wp\/v2\/types\/product"}],"wp:featuredmedia":[{"embeddable":true,"href":"https:\/\/www.havohravo.com\/de\/wp-json\/wp\/v2\/media\/78307"}],"wp:attachment":[{"href":"https:\/\/www.havohravo.com\/de\/wp-json\/wp\/v2\/media?parent=78352"}],"wp:term":[{"taxonomy":"pwb-brand","embeddable":true,"href":"https:\/\/www.havohravo.com\/de\/wp-json\/wp\/v2\/pwb-brand?post=78352"},{"taxonomy":"product_cat","embeddable":true,"href":"https:\/\/www.havohravo.com\/de\/wp-json\/wp\/v2\/product_cat?post=78352"},{"taxonomy":"product_tag","embeddable":true,"href":"https:\/\/www.havohravo.com\/de\/wp-json\/wp\/v2\/product_tag?post=78352"}],"curies":[{"name":"wp","href":"https:\/\/api.w.org\/{rel}","templated":true}]}}