{"id":78382,"date":"2024-02-27T17:24:48","date_gmt":"2024-02-27T16:24:48","guid":{"rendered":"https:\/\/www.havohravo.com\/?post_type=product&#038;p=78382"},"modified":"2025-10-07T16:29:16","modified_gmt":"2025-10-07T14:29:16","slug":"teenytiny-copy","status":"publish","type":"product","link":"https:\/\/www.havohravo.com\/de\/produkt\/teenytiny-copy\/","title":{"rendered":"IttyBitty"},"content":{"rendered":"<div class=\"wpb-content-wrapper\"><p>[vc_row][vc_column width=&#8220;1\/2&#8243;][vc_column_text]<\/p>\n<h3>IttyBitty<\/h3>\n<div class=\"wpb_text_column wpb_content_element \">\n<div class=\"wpb_wrapper\">\n<p>IttyBitty ist ein weicher Lederspielzeug mit Griff. Perfekt zum Spielen und Trainieren mit deinem Hund.<br \/>\nIttyBitty ist mit <strong>Schafwolle<\/strong> von einer lokalen Schaffarm gef\u00fcllt. Die F\u00fcllung besteht aus Wolle, die gewaschen und geb\u00fcrstet wurde. Die Wolle macht das IttyBitty zu einem leichten und weichen Spielzeug. Das Spielzeug verf\u00fcgt \u00fcber einen Quietscher f\u00fcr mehr Spa\u00df. Der IttyBitty ist nicht \u00fcberf\u00fcllt und hart, sondern auch f\u00fcr den Hund angenehm zu kauen.<\/p>\n<p>Die IttyBitty Spielis werden in Finnland aus <strong>echtem<\/strong> <strong>Leder <\/strong>handgefertigt, das aus einer \u00f6rtlichen M\u00f6belfabrik stammt. Nichts wird verschwendet: Die Spielzeuge sind so konzipiert, dass die Lederreste optimal genutzt werden. Das gesamte verwendete Leder ist EU REACH-zertifiziert, was bedeutet, dass das Leder frei von Giftstoffen ist und bei der Verarbeitung keine gef\u00e4hrlichen Substanzen verwendet wurden.<\/p>\n<p><strong>Ballgr\u00f6\u00dfe<\/strong>: ca. 8 x 8 cm<\/p>\n<\/div>\n<\/div>\n<p>[\/vc_column_text][vc_empty_space height=&#8220;32&#8243;][\/vc_column][vc_column width=&#8220;1\/2&#8243;][vc_column_text]<\/p>\n<h3>Anwendung<\/h3>\n<p>Lass deinen Hund niemals unbeaufsichtigt mit einem Spielzeug. Echtes Leder und Schafwolle sind Materialien, die Hunde dazu verleiten k\u00f6nnen, das Spielzeug zu zerrei\u00dfen und die St\u00fccke zu verschlucken, was vermieden werden sollte. Dieses Spielzeug ist nur f\u00fcr das gemeinsame Spielen mit deinem Hund gedacht. Es ist nicht empfehlenswert, das Spielzeug nass zu machen oder bei frierenden Temperaturen damit zu spielen, da nasses Leder hart wird, was die Haltbarkeit des Spielzeugs beeintr\u00e4chtigen und seine Lebensdauer verk\u00fcrzen kann. Als nat\u00fcrliches Material beh\u00e4lt Leder seine Haltbarkeit und Weichheit am besten, wenn es trocken gehalten wird. Daher ist dieses Spielzeug bei sehr nassen Trainingsbedingungen m\u00f6glicherweise nicht die beste Belohnung.<\/p>\n<p>Bitte beachte auch, dass ein mit Wolle gef\u00fclltes Spielzeug, wenn es nass wird, st\u00e4rker nach Wolle riechen kann.<\/p>\n<p>F\u00fcr ein optimales Spielerlebnis w\u00e4hle bitte das Spielzeug in der richtigen Gr\u00f6\u00dfe f\u00fcr deinen Hund. IttyBitty wird f\u00fcr Welpen und kleine Hunde empfohlen.<br \/>\n[\/vc_column_text][vc_empty_space height=&#8220;32&#8243;][\/vc_column][\/vc_row][vc_row][vc_column][vc_single_image image=&#8220;78387&#8243; img_size=&#8220;large&#8220;][\/vc_column][\/vc_row]<\/p>\n<\/div>","protected":false},"excerpt":{"rendered":"<p>Ein handgefertigtes Spielzeug aus echtem recyceltem Leder und Schafswolle<\/p>\n","protected":false},"featured_media":78333,"template":"","meta":[],"pwb-brand":[2243],"product_cat":[1696,1693,866],"product_tag":[],"class_list":{"0":"post-78382","1":"product","2":"type-product","3":"status-publish","4":"has-post-thumbnail","6":"pwb-brand-sportsk9-de","7":"product_cat-anderes-spielzeug","8":"product_cat-fellspielzeug","9":"product_cat-hundespielzeug","11":"first","12":"instock","13":"taxable","14":"shipping-taxable","15":"purchasable","16":"product-type-variable"},"brands":[{"id":2243,"name":"SportsK9","slug":"sportsk9-de"}],"_links":{"self":[{"href":"https:\/\/www.havohravo.com\/de\/wp-json\/wp\/v2\/product\/78382","targetHints":{"allow":["GET"]}}],"collection":[{"href":"https:\/\/www.havohravo.com\/de\/wp-json\/wp\/v2\/product"}],"about":[{"href":"https:\/\/www.havohravo.com\/de\/wp-json\/wp\/v2\/types\/product"}],"wp:featuredmedia":[{"embeddable":true,"href":"https:\/\/www.havohravo.com\/de\/wp-json\/wp\/v2\/media\/78333"}],"wp:attachment":[{"href":"https:\/\/www.havohravo.com\/de\/wp-json\/wp\/v2\/media?parent=78382"}],"wp:term":[{"taxonomy":"pwb-brand","embeddable":true,"href":"https:\/\/www.havohravo.com\/de\/wp-json\/wp\/v2\/pwb-brand?post=78382"},{"taxonomy":"product_cat","embeddable":true,"href":"https:\/\/www.havohravo.com\/de\/wp-json\/wp\/v2\/product_cat?post=78382"},{"taxonomy":"product_tag","embeddable":true,"href":"https:\/\/www.havohravo.com\/de\/wp-json\/wp\/v2\/product_tag?post=78382"}],"curies":[{"name":"wp","href":"https:\/\/api.w.org\/{rel}","templated":true}]}}