{"id":78838,"date":"2024-04-03T14:01:32","date_gmt":"2024-04-03T12:01:32","guid":{"rendered":"https:\/\/www.havohravo.com\/?post_type=product&#038;p=78838"},"modified":"2024-06-04T08:03:40","modified_gmt":"2024-06-04T06:03:40","slug":"stamina-booster-copy","status":"publish","type":"product","link":"https:\/\/www.havohravo.com\/de\/produkt\/stamina-booster-copy\/","title":{"rendered":"Hydrant"},"content":{"rendered":"<div class=\"wpb-content-wrapper\"><p>[vc_row][vc_column][vc_empty_space][\/vc_column][\/vc_row][vc_row][vc_column width=&#8220;1\/2&#8243;][vc_column_text]<\/p>\n<h3>Hydrant<\/h3>\n<p>In den Sommermonaten, beim Sport oder bei einem langen Spaziergang ist die Fl\u00fcssigkeitszufuhr das Wichtigste f\u00fcr einen Hund. Das Produkt Hydrant verbessert die Wasserverwertung im K\u00f6rper, liefert die notwendigen N\u00e4hrstoffe und <strong>sch\u00fctzt den Hund vor \u00dcberhitzung<\/strong>.<\/p>\n<p>Hydrant enth\u00e4lt nur nat\u00fcrliche Inhaltsstoffe und <strong>ist f\u00fcr alle Rassen und Gr\u00f6\u00dfen von erwachsenen Hunden geeignet<\/strong>.<\/p>\n<h3 id=\"tw-target-text\" class=\"tw-data-text tw-text-large tw-ta\" dir=\"ltr\" data-placeholder=\"Translation\"><span class=\"Y2IQFc\" lang=\"de\">Welche Wirkung hat Hydrant f\u00fcr deinen Hund?<\/span><\/h3>\n<div class=\"wp-block-media-text alignwide has-media-on-the-right is-stacked-on-mobile\">\n<div class=\"wp-block-media-text__content\">\n<ul>\n<li>sch\u00fctzt den K\u00f6rper des Hundes vor \u00dcberhitzung<\/li>\n<li>unterst\u00fctzt die normale Muskel- und Gehirnt\u00e4tigkeit<\/li>\n<li>verbessert die Verwertung des Wassers im K\u00f6rper<\/li>\n<li>liefert Mineralien und Ionen, die bei Aktivit\u00e4t ben\u00f6tigt werden<\/li>\n<\/ul>\n<\/div>\n<\/div>\n<p>[\/vc_column_text][vc_empty_space height=&#8220;24&#8243;][\/vc_column][vc_column width=&#8220;5\/12&#8243; offset=&#8220;vc_col-sm-offset-1&#8243;][vc_column_text]<\/p>\n<h3>Dosierung:<\/h3>\n<p>2-4 Teel\u00f6ffel mit Wasser mischen.<br \/>\n5 &#8211; 10 ml\/kg Hund.<br \/>\n30 &#8211; 120 Minuten vor der Aktivit\u00e4t verabreichen.<\/p>\n<p>Funktionelle Zusammensetzung von Hydrant enth\u00e4lt:<\/p>\n<ul>\n<li>Getrocknete Br\u00fche aus Fleisch und Knochen (Gefl\u00fcgel, Rind), Elektrolyte, Bierhefe, Lecithin, Psyllium.<\/li>\n<li><strong>Elektrolyte<\/strong>: Natrium, Magnesiumcitrat, Kalium, Magnesium, Natriumchlorid, Natriumbisulfat, Phosphor, Calcium.<\/li>\n<\/ul>\n<p>Proteine 36,5%, Elektrolyte und Mineralien 31%, Fett 12,8%, Ballaststoffe 7,8%, Kohlenhydrate 3,5%, Feuchtigkeit bis zu 10%.<br \/>\nHergestellt in der Tschechischen Republik.[\/vc_column_text][vc_empty_space height=&#8220;24&#8243;][\/vc_column][\/vc_row]<\/p>\n<\/div>","protected":false},"excerpt":{"rendered":"<p class=\"pr_title mb10\">Hydratisierender ionischer Drink f\u00fcr Hunde<\/p>\n","protected":false},"featured_media":78840,"template":"","meta":[],"pwb-brand":[2249],"product_cat":[875],"product_tag":[],"class_list":{"0":"post-78838","1":"product","2":"type-product","3":"status-publish","4":"has-post-thumbnail","6":"pwb-brand-canislab-de","7":"product_cat-fuer-hundesport","9":"first","10":"instock","11":"featured","12":"taxable","13":"shipping-taxable","14":"purchasable","15":"product-type-simple"},"brands":[{"id":2249,"name":"canislab","slug":"canislab-de"}],"_links":{"self":[{"href":"https:\/\/www.havohravo.com\/de\/wp-json\/wp\/v2\/product\/78838","targetHints":{"allow":["GET"]}}],"collection":[{"href":"https:\/\/www.havohravo.com\/de\/wp-json\/wp\/v2\/product"}],"about":[{"href":"https:\/\/www.havohravo.com\/de\/wp-json\/wp\/v2\/types\/product"}],"wp:featuredmedia":[{"embeddable":true,"href":"https:\/\/www.havohravo.com\/de\/wp-json\/wp\/v2\/media\/78840"}],"wp:attachment":[{"href":"https:\/\/www.havohravo.com\/de\/wp-json\/wp\/v2\/media?parent=78838"}],"wp:term":[{"taxonomy":"pwb-brand","embeddable":true,"href":"https:\/\/www.havohravo.com\/de\/wp-json\/wp\/v2\/pwb-brand?post=78838"},{"taxonomy":"product_cat","embeddable":true,"href":"https:\/\/www.havohravo.com\/de\/wp-json\/wp\/v2\/product_cat?post=78838"},{"taxonomy":"product_tag","embeddable":true,"href":"https:\/\/www.havohravo.com\/de\/wp-json\/wp\/v2\/product_tag?post=78838"}],"curies":[{"name":"wp","href":"https:\/\/api.w.org\/{rel}","templated":true}]}}