{"id":78884,"date":"2024-04-07T20:42:58","date_gmt":"2024-04-07T18:42:58","guid":{"rendered":"https:\/\/www.havohravo.com\/?post_type=product&#038;p=78884"},"modified":"2026-05-07T13:55:02","modified_gmt":"2026-05-07T11:55:02","slug":"teenytiny-copy-2","status":"publish","type":"product","link":"https:\/\/www.havohravo.com\/de\/produkt\/teenytiny-copy-2\/","title":{"rendered":"Bungee TeenyTiny"},"content":{"rendered":"<div class=\"wpb-content-wrapper\"><p>[vc_row][vc_column width=&#8220;1\/2&#8243;][vc_column_text]<\/p>\n<h3>Bungee TeenyTiny<\/h3>\n<p>Bungee TeenyTiny ist der TeenyTiny-Lederball mit einem l\u00e4ngeren, elastischen Bungee-Griff. Dieses Spielzeug ist ein wunderbares, weiches Lederspielzeug, das sich perfekt zum Spielen und Trainieren mit deinem Hund eignet &#8211; besonders f\u00fcr Welpen, kleine und mittelgro\u00dfe Hunde. Das Spielzeug wurde speziell f\u00fcr den Hundesport entwickelt: Das extrem hochwertige Leder ist robust und dick, so dass das gesamte Spielzeug auch Bei\u00df- und Zerrspiele \u00fcbersteht.<\/p>\n<p>Der TeenyTiny Ball ist mit <strong>Schafwolle<\/strong> von einer lokalen Schafsfarm gef\u00fcllt. Die F\u00fcllung ist aus gewaschener und geb\u00fcrsteter Wolle. Die Wolle macht den TeenyTiny Ball zu einem leichten und weichen Spielzeug. Das Spielzeug verf\u00fcgt \u00fcber einen Quietscher, damit es noch mehr Spa\u00df macht. Der Ball ist nicht \u00fcberf\u00fcllt und hart, sondern auch f\u00fcr den Hund zum Kauen geeignet.<\/p>\n<p>Die TeenyTiny-B\u00e4lle werden in Finnland aus <strong>echtem Leder<\/strong>, das in einer \u00f6rtlichen M\u00f6belfabrik gewonnen wurde, handgefertigt. Nichts wird verschwendet: Die Spielzeuge sind so konzipiert, dass die Lederreste optimal genutzt werden. Das gesamte verwendete Leder ist EU-REACH-zertifiziert, was bedeutet, dass das Leder frei von Giftstoffen ist und dass bei der Verarbeitung keine gef\u00e4hrlichen Substanzen verwendet wurden.<\/p>\n<p><strong>Ballgr\u00f6\u00dfe:<\/strong> ca. 4 x 10 cm<br \/>\nDer Griff ist 38 cm lang und l\u00e4sst sich auf 54 cm verl\u00e4ngern.[\/vc_column_text][vc_empty_space height=&#8220;32&#8243;][\/vc_column][vc_column width=&#8220;1\/2&#8243;][vc_column_text]<\/p>\n<h3>Anwendung<\/h3>\n<p>Lass deinen Hund niemals unbeaufsichtigt mit einem Spielzeug. Echtes Leder und Schafwolle sind Materialien, die Hunde dazu verleiten k\u00f6nnen, das Spielzeug zu zerrei\u00dfen und die St\u00fccke zu verschlucken, was vermieden werden sollte. Dieses Spielzeug ist nur f\u00fcr das gemeinsame Spielen mit deinem Hund gedacht. Es ist nicht empfehlenswert, das Spielzeug nass zu machen oder bei frierenden Temperaturen damit zu spielen, da nasses Leder hart wird, was die Haltbarkeit des Spielzeugs beeintr\u00e4chtigen und seine Lebensdauer verk\u00fcrzen kann. Als nat\u00fcrliches Material beh\u00e4lt Leder seine Haltbarkeit und Weichheit am besten, wenn es trocken gehalten wird. Daher ist dieses Spielzeug bei sehr nassen Trainingsbedingungen m\u00f6glicherweise nicht die beste Belohnung.<\/p>\n<p>Bitte beachte auch, dass ein mit Wolle gef\u00fclltes Spielzeug, wenn es nass wird, st\u00e4rker nach Wolle riechen kann.<\/p>\n<p>F\u00fcr ein optimales Spielerlebnis w\u00e4hle bitte das Spielzeug in der richtigen Gr\u00f6\u00dfe f\u00fcr deinen Hund. TeenyTiny wird f\u00fcr Welpen und kleine Hunde empfohlen.<br \/>\n[\/vc_column_text][vc_empty_space height=&#8220;32&#8243;][\/vc_column][\/vc_row][vc_row][vc_column][vc_single_image image=&#8220;78898&#8243; img_size=&#8220;large&#8220;][\/vc_column][\/vc_row]<\/p>\n<\/div>","protected":false},"excerpt":{"rendered":"<p>Ein handgefertigtes Spielzeug aus echtem recyceltem Leder und Schafswolle<\/p>\n","protected":false},"featured_media":78892,"template":"","meta":[],"pwb-brand":[2243],"product_cat":[1696,1693,866],"product_tag":[],"class_list":{"0":"post-78884","1":"product","2":"type-product","3":"status-publish","4":"has-post-thumbnail","6":"pwb-brand-sportsk9-de","7":"product_cat-anderes-spielzeug","8":"product_cat-fellspielzeug","9":"product_cat-hundespielzeug","11":"first","12":"instock","13":"featured","14":"taxable","15":"shipping-taxable","16":"purchasable","17":"product-type-variable"},"brands":[{"id":2243,"name":"SportsK9","slug":"sportsk9-de"}],"_links":{"self":[{"href":"https:\/\/www.havohravo.com\/de\/wp-json\/wp\/v2\/product\/78884","targetHints":{"allow":["GET"]}}],"collection":[{"href":"https:\/\/www.havohravo.com\/de\/wp-json\/wp\/v2\/product"}],"about":[{"href":"https:\/\/www.havohravo.com\/de\/wp-json\/wp\/v2\/types\/product"}],"wp:featuredmedia":[{"embeddable":true,"href":"https:\/\/www.havohravo.com\/de\/wp-json\/wp\/v2\/media\/78892"}],"wp:attachment":[{"href":"https:\/\/www.havohravo.com\/de\/wp-json\/wp\/v2\/media?parent=78884"}],"wp:term":[{"taxonomy":"pwb-brand","embeddable":true,"href":"https:\/\/www.havohravo.com\/de\/wp-json\/wp\/v2\/pwb-brand?post=78884"},{"taxonomy":"product_cat","embeddable":true,"href":"https:\/\/www.havohravo.com\/de\/wp-json\/wp\/v2\/product_cat?post=78884"},{"taxonomy":"product_tag","embeddable":true,"href":"https:\/\/www.havohravo.com\/de\/wp-json\/wp\/v2\/product_tag?post=78884"}],"curies":[{"name":"wp","href":"https:\/\/api.w.org\/{rel}","templated":true}]}}