{"id":79393,"date":"2024-04-18T13:31:34","date_gmt":"2024-04-18T11:31:34","guid":{"rendered":"https:\/\/www.havohravo.com\/?post_type=product&#038;p=79393"},"modified":"2024-05-21T15:48:56","modified_gmt":"2024-05-21T13:48:56","slug":"hanfsamenoel-fuer-hunde","status":"publish","type":"product","link":"https:\/\/www.havohravo.com\/de\/produkt\/hanfsamenoel-fuer-hunde\/","title":{"rendered":"Hanfsamen\u00f6l f\u00fcr Hunde"},"content":{"rendered":"<div class=\"wpb-content-wrapper\"><p>[vc_row][vc_column][vc_column_text]Es hat <strong>starke entz\u00fcndungshemmende Wirkung<\/strong> und hilft so, Entz\u00fcndungen von innen heraus zu bek\u00e4mpfen. Dank dieser Eigenschaften ist es f\u00fcr\u00a0<strong>aktive Hunde<\/strong> in Belastung geeignet. Das \u00d6l ist von Natur aus hypoallergen, sodass es auch von Allergikern verwendet werden kann.<\/p>\n<ul>\n<li style=\"font-weight: 400;\">unterst\u00fctzt das Immunsystem<\/li>\n<li style=\"font-weight: 400;\">verbessert die Organfunktion<\/li>\n<li style=\"font-weight: 400;\">ist hypoallergen<\/li>\n<li style=\"font-weight: 400;\">verbessert die Haut- und Fellqualit\u00e4t<\/li>\n<li style=\"font-weight: 400;\">senkt den Cholesterinspiegel<\/li>\n<li style=\"font-weight: 400;\">100 % nat\u00fcrliches und tschechisches Produkt<\/li>\n<\/ul>\n<p>Kaltgepresstes Hanfsamen\u00f6l gilt seit Jahrhunderten als eines der wohltuendsten \u00d6le. Es enth\u00e4lt <strong>unges\u00e4ttigte Fetts\u00e4uren<\/strong> , darunter 8 essentielle, die der K\u00f6rper nicht selbst herstellen kann. Dadurch tr\u00e4gt es zur nat\u00fcrlichen Entwicklung der Zellen und des Organismus des Hundes bei.\u00a0Geeignet f\u00fcr BARF.<\/p>\n<p>Das \u00d6l wird kalt gepresst, damit es alle N\u00e4hrstoffe beh\u00e4lt. Ein wichtiger Bestandteil ist ein ausgewogenes Verh\u00e4ltnis von Omega 3 und Omega 6 im idealen Verh\u00e4ltnis 1:3. Dieses Verh\u00e4ltnis ist wichtig, denn wenn diese Aminos\u00e4uren aus dem Gleichgewicht geraten, kann dies mehr Komplikationen als Vorteile verursachen.<\/p>\n<p>Es ist geeignet f\u00fcr\u00a0<strong>alle Gr\u00f6\u00dfen von Hunden<\/strong>\u00a0Vom Welpen zum pensionierten Vierbeiner. Es enth\u00e4lt viel Eisen, Magnesium, Zink, Phosphor und\u00a0<strong>Vitamine A, D, E<\/strong> , die f\u00fcr die gesunde und problemlose Entwicklung des Hundes notwendig sind.[\/vc_column_text][vc_column_text]<\/p>\n<h4>Zusammensetzung:<\/h4>\n<p>100 % kaltgepresstes Hanfsamen\u00f6l in RAW-Qualit\u00e4t<\/p>\n<h4>Dosierung:<\/h4>\n<p>Die Flasche ist f\u00fcr leichte Dosierung mit eine Pumppe ausgestattet. 1 Dosierung mit der entspricht 1,5 ml des \u00d6ls. Empfohle Dosierung ist 3 ml \u00d6l auf 10 kg K\u00f6rpergewicht des Hundes. Wenn dein Hund z.B. 15 kg wiegt, du dosiert 3 x mit der Pumpe. Das \u00d6l kannst du mit Futter vermischen.<br \/>\nSediment ist ein nat\u00fcrlicher Bestandteil des \u00d6ls, vor dem Gebrauch sch\u00fctteln. Wir gie\u00dfen das \u00d6l in eine 100% recycelbare Verpackung.[\/vc_column_text][\/vc_column][\/vc_row]<\/p>\n<\/div>","protected":false},"excerpt":{"rendered":"<p>100 % kaltgepresstes Hanfsamen\u00f6l in RAW-Qualit\u00e4t<\/p>\n","protected":false},"featured_media":79397,"template":"","meta":[],"pwb-brand":[2249],"product_cat":[2263,2338,1933,2259],"product_tag":[],"class_list":{"0":"post-79393","1":"product","2":"type-product","3":"status-publish","4":"has-post-thumbnail","6":"pwb-brand-canislab-de","7":"product_cat-fuer-barf","8":"product_cat-fuer-trockenfutter","9":"product_cat-futter","10":"product_cat-futteroele","12":"first","13":"instock","14":"taxable","15":"shipping-taxable","16":"purchasable","17":"product-type-variable"},"brands":[{"id":2249,"name":"canislab","slug":"canislab-de"}],"_links":{"self":[{"href":"https:\/\/www.havohravo.com\/de\/wp-json\/wp\/v2\/product\/79393","targetHints":{"allow":["GET"]}}],"collection":[{"href":"https:\/\/www.havohravo.com\/de\/wp-json\/wp\/v2\/product"}],"about":[{"href":"https:\/\/www.havohravo.com\/de\/wp-json\/wp\/v2\/types\/product"}],"wp:featuredmedia":[{"embeddable":true,"href":"https:\/\/www.havohravo.com\/de\/wp-json\/wp\/v2\/media\/79397"}],"wp:attachment":[{"href":"https:\/\/www.havohravo.com\/de\/wp-json\/wp\/v2\/media?parent=79393"}],"wp:term":[{"taxonomy":"pwb-brand","embeddable":true,"href":"https:\/\/www.havohravo.com\/de\/wp-json\/wp\/v2\/pwb-brand?post=79393"},{"taxonomy":"product_cat","embeddable":true,"href":"https:\/\/www.havohravo.com\/de\/wp-json\/wp\/v2\/product_cat?post=79393"},{"taxonomy":"product_tag","embeddable":true,"href":"https:\/\/www.havohravo.com\/de\/wp-json\/wp\/v2\/product_tag?post=79393"}],"curies":[{"name":"wp","href":"https:\/\/api.w.org\/{rel}","templated":true}]}}